{"id":9172,"date":"2025-06-29T10:51:22","date_gmt":"2025-06-29T08:51:22","guid":{"rendered":"https:\/\/uj.adatbank.ro\/lexikon\/termek\/grunn-szeren-szery\/"},"modified":"2025-06-29T10:51:22","modified_gmt":"2025-06-29T08:51:22","slug":"grunn-szeren-szery","status":"publish","type":"product","link":"https:\/\/uj.adatbank.ro\/lexikon\/termek\/grunn-szeren-szery\/","title":{"rendered":"GR\u00dcNN Szer\u00e9n, Szery"},"content":{"rendered":"<p>? \u2020 ? : szerk., k\u00f6lt\u0151. \u2013 G. S\u00e1muel nyomd\u00e1sz le\u00e1nya; a mv.-i Sz\u00ednh\u00e1z c. lap t\u00e1rsszerkeszt\u0151je, kritikusa (1919). A Deborah zsid\u00f3 n\u0151egylet els\u0151 irodalmi estj\u00e9n egy cionista asszimil\u00e1ci\u00f3 ellenes r\u00f6piratot olvasott fel (1920). Ir\u00e1sait k\u00f6z\u00f6lte a Brass\u00f3i Lapok, Aradi K\u00f6zl\u00f6ny, Erd\u00e9lyi \u00dajs\u00e1g\u00edr\u00f3k Albuma. \u2013 <strong>F. m.:<\/strong> Bog\u00e1ncsok (?). <br \/><strong>Irod.:<\/strong> Guly\u00e1s; Id\u0151t\u00e1r 3; RMIL<\/br><\/p>\n","protected":false},"excerpt":{"rendered":"<p>? \u2020 ? : szerk., k\u00f6lt\u0151. \u2013 G. S\u00e1muel nyomd\u00e1sz le\u00e1nya; a mv.-i Sz\u00ednh\u00e1z c. lap t\u00e1rsszerkeszt\u0151je, kritikusa (1919). A Deborah zsid\u00f3 n\u0151egylet els\u0151 irodalmi estj\u00e9n egy cionista asszimil\u00e1ci\u00f3 ellenes r\u00f6piratot olvasott fel (1920). Ir\u00e1sait k\u00f6z\u00f6lte a Brass\u00f3i Lapok, Aradi K\u00f6zl\u00f6ny, Erd\u00e9lyi \u00dajs\u00e1g\u00edr\u00f3k Albuma. \u2013 F. m.: Bog\u00e1ncsok (?). Irod.: Guly\u00e1s; Id\u0151t\u00e1r 3; RMIL<\/p>\n","protected":false},"featured_media":0,"comment_status":"open","ping_status":"closed","template":"","meta":[],"product_brand":[],"product_cat":[137],"product_tag":[],"class_list":{"0":"post-9172","1":"product","2":"type-product","3":"status-publish","5":"product_cat-maros-megyei-eletrajzi-lexikon","7":"first","8":"instock","9":"shipping-taxable","10":"product-type-simple"},"_links":{"self":[{"href":"https:\/\/uj.adatbank.ro\/lexikon\/wp-json\/wp\/v2\/product\/9172","targetHints":{"allow":["GET"]}}],"collection":[{"href":"https:\/\/uj.adatbank.ro\/lexikon\/wp-json\/wp\/v2\/product"}],"about":[{"href":"https:\/\/uj.adatbank.ro\/lexikon\/wp-json\/wp\/v2\/types\/product"}],"replies":[{"embeddable":true,"href":"https:\/\/uj.adatbank.ro\/lexikon\/wp-json\/wp\/v2\/comments?post=9172"}],"wp:attachment":[{"href":"https:\/\/uj.adatbank.ro\/lexikon\/wp-json\/wp\/v2\/media?parent=9172"}],"wp:term":[{"taxonomy":"product_brand","embeddable":true,"href":"https:\/\/uj.adatbank.ro\/lexikon\/wp-json\/wp\/v2\/product_brand?post=9172"},{"taxonomy":"product_cat","embeddable":true,"href":"https:\/\/uj.adatbank.ro\/lexikon\/wp-json\/wp\/v2\/product_cat?post=9172"},{"taxonomy":"product_tag","embeddable":true,"href":"https:\/\/uj.adatbank.ro\/lexikon\/wp-json\/wp\/v2\/product_tag?post=9172"}],"curies":[{"name":"wp","href":"https:\/\/api.w.org\/{rel}","templated":true}]}}