{"id":9173,"date":"2025-06-29T10:51:24","date_gmt":"2025-06-29T08:51:24","guid":{"rendered":"https:\/\/uj.adatbank.ro\/lexikon\/termek\/grunwald-elias\/"},"modified":"2025-06-29T10:51:24","modified_gmt":"2025-06-29T08:51:24","slug":"grunwald-elias","status":"publish","type":"product","link":"https:\/\/uj.adatbank.ro\/lexikon\/termek\/grunwald-elias\/","title":{"rendered":"GR\u00dcNWALD Elias"},"content":{"rendered":"<p>? \u2020 ? : gy\u00e1ros. \u2013 Mv.-en volt sz\u00f3dav\u00edzgy\u00e1ra (1926. mv.-i gy\u00e1r nyilv\u00e1ntart\u00e1s) a k\u00e9t vh. k\u00f6z\u00f6tt. <br \/><strong>Irod.:<\/strong> Pan\u0103<\/br><\/p>\n","protected":false},"excerpt":{"rendered":"<p>? \u2020 ? : gy\u00e1ros. \u2013 Mv.-en volt sz\u00f3dav\u00edzgy\u00e1ra (1926. mv.-i gy\u00e1r nyilv\u00e1ntart\u00e1s) a k\u00e9t vh. k\u00f6z\u00f6tt. Irod.: Pan\u0103<\/p>\n","protected":false},"featured_media":0,"comment_status":"open","ping_status":"closed","template":"","meta":[],"product_brand":[],"product_cat":[137],"product_tag":[],"class_list":{"0":"post-9173","1":"product","2":"type-product","3":"status-publish","5":"product_cat-maros-megyei-eletrajzi-lexikon","7":"first","8":"instock","9":"shipping-taxable","10":"product-type-simple"},"_links":{"self":[{"href":"https:\/\/uj.adatbank.ro\/lexikon\/wp-json\/wp\/v2\/product\/9173","targetHints":{"allow":["GET"]}}],"collection":[{"href":"https:\/\/uj.adatbank.ro\/lexikon\/wp-json\/wp\/v2\/product"}],"about":[{"href":"https:\/\/uj.adatbank.ro\/lexikon\/wp-json\/wp\/v2\/types\/product"}],"replies":[{"embeddable":true,"href":"https:\/\/uj.adatbank.ro\/lexikon\/wp-json\/wp\/v2\/comments?post=9173"}],"wp:attachment":[{"href":"https:\/\/uj.adatbank.ro\/lexikon\/wp-json\/wp\/v2\/media?parent=9173"}],"wp:term":[{"taxonomy":"product_brand","embeddable":true,"href":"https:\/\/uj.adatbank.ro\/lexikon\/wp-json\/wp\/v2\/product_brand?post=9173"},{"taxonomy":"product_cat","embeddable":true,"href":"https:\/\/uj.adatbank.ro\/lexikon\/wp-json\/wp\/v2\/product_cat?post=9173"},{"taxonomy":"product_tag","embeddable":true,"href":"https:\/\/uj.adatbank.ro\/lexikon\/wp-json\/wp\/v2\/product_tag?post=9173"}],"curies":[{"name":"wp","href":"https:\/\/api.w.org\/{rel}","templated":true}]}}