{"id":9180,"date":"2025-06-29T10:51:44","date_gmt":"2025-06-29T08:51:44","guid":{"rendered":"https:\/\/uj.adatbank.ro\/lexikon\/termek\/gub-mark-rafael-p\/"},"modified":"2025-06-29T10:51:44","modified_gmt":"2025-06-29T08:51:44","slug":"gub-mark-rafael-p","status":"publish","type":"product","link":"https:\/\/uj.adatbank.ro\/lexikon\/termek\/gub-mark-rafael-p\/","title":{"rendered":"GUB M\u00e1rk R\u00e1fael, P."},"content":{"rendered":"<p>Szov\u00e1ta, 1890. \u2020\u00a0? : ferences szerzetes \u2013 A ferences rendbe l\u00e9pett (1908), ord. (1915), elt\u00e1vozott a rendb\u0151l (1918). Ref. lelk\u00e9sz Gegesben (1941), Cs\u00edkfalv\u00e1n (1946\u201359). <br \/><strong>Irod.:<\/strong> Cs\u00edkfalva; Gy\u00f6rgy: A ferencrendiek; Ref. egyetemes n\u00e9vt\u00e1r<\/br><\/p>\n","protected":false},"excerpt":{"rendered":"<p>Szov\u00e1ta, 1890. \u2020\u00a0? : ferences szerzetes \u2013 A ferences rendbe l\u00e9pett (1908), ord. (1915), elt\u00e1vozott a rendb\u0151l (1918). Ref. lelk\u00e9sz Gegesben (1941), Cs\u00edkfalv\u00e1n (1946\u201359). Irod.: Cs\u00edkfalva; Gy\u00f6rgy: A ferencrendiek; Ref. egyetemes n\u00e9vt\u00e1r<\/p>\n","protected":false},"featured_media":0,"comment_status":"open","ping_status":"closed","template":"","meta":[],"product_brand":[],"product_cat":[137],"product_tag":[],"class_list":{"0":"post-9180","1":"product","2":"type-product","3":"status-publish","5":"product_cat-maros-megyei-eletrajzi-lexikon","7":"first","8":"instock","9":"shipping-taxable","10":"product-type-simple"},"_links":{"self":[{"href":"https:\/\/uj.adatbank.ro\/lexikon\/wp-json\/wp\/v2\/product\/9180","targetHints":{"allow":["GET"]}}],"collection":[{"href":"https:\/\/uj.adatbank.ro\/lexikon\/wp-json\/wp\/v2\/product"}],"about":[{"href":"https:\/\/uj.adatbank.ro\/lexikon\/wp-json\/wp\/v2\/types\/product"}],"replies":[{"embeddable":true,"href":"https:\/\/uj.adatbank.ro\/lexikon\/wp-json\/wp\/v2\/comments?post=9180"}],"wp:attachment":[{"href":"https:\/\/uj.adatbank.ro\/lexikon\/wp-json\/wp\/v2\/media?parent=9180"}],"wp:term":[{"taxonomy":"product_brand","embeddable":true,"href":"https:\/\/uj.adatbank.ro\/lexikon\/wp-json\/wp\/v2\/product_brand?post=9180"},{"taxonomy":"product_cat","embeddable":true,"href":"https:\/\/uj.adatbank.ro\/lexikon\/wp-json\/wp\/v2\/product_cat?post=9180"},{"taxonomy":"product_tag","embeddable":true,"href":"https:\/\/uj.adatbank.ro\/lexikon\/wp-json\/wp\/v2\/product_tag?post=9180"}],"curies":[{"name":"wp","href":"https:\/\/api.w.org\/{rel}","templated":true}]}}