{"id":9183,"date":"2025-06-29T10:51:59","date_gmt":"2025-06-29T08:51:59","guid":{"rendered":"https:\/\/uj.adatbank.ro\/lexikon\/termek\/guga-dan\/"},"modified":"2025-06-29T10:51:59","modified_gmt":"2025-06-29T08:51:59","slug":"guga-dan","status":"publish","type":"product","link":"https:\/\/uj.adatbank.ro\/lexikon\/termek\/guga-dan\/","title":{"rendered":"GUGA Dan"},"content":{"rendered":"<p>1943. \u00e1pr. 16., \u2020 Mv., 2004. m\u00e1rc. 18. : technikai rendez\u0151. \u2013 Romulus G. \u00edr\u00f3 \u00f6ccse. \u2013 A Mv.-i Nemzeti Sz\u00ednh\u00e1zban dolgozott. \u2013 Kit\u00fcntet\u00e9se: Diploma de onoare. <br \/><strong>Irod.:<\/strong> Jurnalul de Mure\u015f (2001. okt. 26); C. L. (2000. \u00e1pr. 4.)<\/br><\/p>\n","protected":false},"excerpt":{"rendered":"<p>1943. \u00e1pr. 16., \u2020 Mv., 2004. m\u00e1rc. 18. : technikai rendez\u0151. \u2013 Romulus G. \u00edr\u00f3 \u00f6ccse. \u2013 A Mv.-i Nemzeti Sz\u00ednh\u00e1zban dolgozott. \u2013 Kit\u00fcntet\u00e9se: Diploma de onoare. Irod.: Jurnalul de Mure\u015f (2001. okt. 26); C. L. (2000. \u00e1pr. 4.)<\/p>\n","protected":false},"featured_media":0,"comment_status":"open","ping_status":"closed","template":"","meta":[],"product_brand":[],"product_cat":[137],"product_tag":[],"class_list":{"0":"post-9183","1":"product","2":"type-product","3":"status-publish","5":"product_cat-maros-megyei-eletrajzi-lexikon","7":"first","8":"instock","9":"shipping-taxable","10":"product-type-simple"},"_links":{"self":[{"href":"https:\/\/uj.adatbank.ro\/lexikon\/wp-json\/wp\/v2\/product\/9183","targetHints":{"allow":["GET"]}}],"collection":[{"href":"https:\/\/uj.adatbank.ro\/lexikon\/wp-json\/wp\/v2\/product"}],"about":[{"href":"https:\/\/uj.adatbank.ro\/lexikon\/wp-json\/wp\/v2\/types\/product"}],"replies":[{"embeddable":true,"href":"https:\/\/uj.adatbank.ro\/lexikon\/wp-json\/wp\/v2\/comments?post=9183"}],"wp:attachment":[{"href":"https:\/\/uj.adatbank.ro\/lexikon\/wp-json\/wp\/v2\/media?parent=9183"}],"wp:term":[{"taxonomy":"product_brand","embeddable":true,"href":"https:\/\/uj.adatbank.ro\/lexikon\/wp-json\/wp\/v2\/product_brand?post=9183"},{"taxonomy":"product_cat","embeddable":true,"href":"https:\/\/uj.adatbank.ro\/lexikon\/wp-json\/wp\/v2\/product_cat?post=9183"},{"taxonomy":"product_tag","embeddable":true,"href":"https:\/\/uj.adatbank.ro\/lexikon\/wp-json\/wp\/v2\/product_tag?post=9183"}],"curies":[{"name":"wp","href":"https:\/\/api.w.org\/{rel}","templated":true}]}}