{"id":9185,"date":"2025-06-29T10:52:04","date_gmt":"2025-06-29T08:52:04","guid":{"rendered":"https:\/\/uj.adatbank.ro\/lexikon\/termek\/guggenberger-daniel-leopold\/"},"modified":"2025-06-29T10:52:04","modified_gmt":"2025-06-29T08:52:04","slug":"guggenberger-daniel-leopold","status":"publish","type":"product","link":"https:\/\/uj.adatbank.ro\/lexikon\/termek\/guggenberger-daniel-leopold\/","title":{"rendered":"GUGGENBERGER Daniel Leopold"},"content":{"rendered":"<p>Sz\u00e1szr\u00e9gen, 1822. j\u00fal. 23. \u2020 Saint Lui (\u00c9. Amerika), ?: katonatiszt. \u2013 Kv.-on teljes\u00edtett katonai szolg\u00e1latot a 62. sz Gyalogezredben (1842\u2013). Saj\u00e1t k\u00e9r\u00e9s\u00e9re \u00e1t\u00e1llt a Rom\u00e1n Hadseregbe, ahol hadnagyi rangot kapott, majd a badeni 50. gyalogezredbe helyezt\u00e9k f\u0151hadnagyi rangban (1853\u2013). Kapit\u00e1ny lett (1859.). R\u00e9szt vett az erd\u00e9lyi hadj\u00e1ratokban (1848\u201349), a francia-sz\u00e1rd h\u00e1bor\u00faban (1859). Kil\u00e9pett a hadseregb\u0151l, \u00e9s Amerik\u00e1ba v\u00e1ndorolt. <br \/><strong>Irod.:<\/strong> Reghin, militari<\/br><\/p>\n","protected":false},"excerpt":{"rendered":"<p>Sz\u00e1szr\u00e9gen, 1822. j\u00fal. 23. \u2020 Saint Lui (\u00c9. Amerika), ?: katonatiszt. \u2013 Kv.-on teljes\u00edtett katonai szolg\u00e1latot a 62. sz Gyalogezredben (1842\u2013). Saj\u00e1t k\u00e9r\u00e9s\u00e9re \u00e1t\u00e1llt a Rom\u00e1n Hadseregbe, ahol hadnagyi rangot kapott, majd a badeni 50. gyalogezredbe helyezt\u00e9k f\u0151hadnagyi rangban (1853\u2013). Kapit\u00e1ny lett (1859.). R\u00e9szt vett az erd\u00e9lyi hadj\u00e1ratokban (1848\u201349), a francia-sz\u00e1rd h\u00e1bor\u00faban (1859). Kil\u00e9pett a [&hellip;]<\/p>\n","protected":false},"featured_media":0,"comment_status":"open","ping_status":"closed","template":"","meta":[],"product_brand":[],"product_cat":[137],"product_tag":[],"class_list":{"0":"post-9185","1":"product","2":"type-product","3":"status-publish","5":"product_cat-maros-megyei-eletrajzi-lexikon","7":"first","8":"instock","9":"shipping-taxable","10":"product-type-simple"},"_links":{"self":[{"href":"https:\/\/uj.adatbank.ro\/lexikon\/wp-json\/wp\/v2\/product\/9185","targetHints":{"allow":["GET"]}}],"collection":[{"href":"https:\/\/uj.adatbank.ro\/lexikon\/wp-json\/wp\/v2\/product"}],"about":[{"href":"https:\/\/uj.adatbank.ro\/lexikon\/wp-json\/wp\/v2\/types\/product"}],"replies":[{"embeddable":true,"href":"https:\/\/uj.adatbank.ro\/lexikon\/wp-json\/wp\/v2\/comments?post=9185"}],"wp:attachment":[{"href":"https:\/\/uj.adatbank.ro\/lexikon\/wp-json\/wp\/v2\/media?parent=9185"}],"wp:term":[{"taxonomy":"product_brand","embeddable":true,"href":"https:\/\/uj.adatbank.ro\/lexikon\/wp-json\/wp\/v2\/product_brand?post=9185"},{"taxonomy":"product_cat","embeddable":true,"href":"https:\/\/uj.adatbank.ro\/lexikon\/wp-json\/wp\/v2\/product_cat?post=9185"},{"taxonomy":"product_tag","embeddable":true,"href":"https:\/\/uj.adatbank.ro\/lexikon\/wp-json\/wp\/v2\/product_tag?post=9185"}],"curies":[{"name":"wp","href":"https:\/\/api.w.org\/{rel}","templated":true}]}}