{"id":9188,"date":"2025-06-29T10:52:08","date_gmt":"2025-06-29T08:52:08","guid":{"rendered":"https:\/\/uj.adatbank.ro\/lexikon\/termek\/guilleaume-domokos\/"},"modified":"2025-06-29T10:52:08","modified_gmt":"2025-06-29T08:52:08","slug":"guilleaume-domokos","status":"publish","type":"product","link":"https:\/\/uj.adatbank.ro\/lexikon\/termek\/guilleaume-domokos\/","title":{"rendered":"GUILLEAUME Domokos"},"content":{"rendered":"<p>? \u2020\u00a0?: jog\u00e1sz. \u2013 Jogtudor, kir. b\u00e1nyatan\u00e1csos, az erd\u00e9lyi nagyfejedelems\u00e9g orsz\u00e1gos erd\u00e9szeti fel\u00fcgyel\u0151je. \u2013 <strong>F. m.:<\/strong> Fragmentarische Beschreibung des Grossf\u00fcrstenthums Siebeb\u00fcrgen: Tagebuch eine Reise von Sz\u00e1szr\u00e9gen nach Kolos im Jahres 1815  =  Beilage zum Andr\u00e9 Hesperus (Prag, 1817\u201318); Beschreibung eines mir unbekanten Raubvoogels (u. o. 10 sz); Coluber flavescens (s\u00e1rga csik\u00f3) (U. o. 12 sz). <br \/><strong>Irod.:<\/strong> Szinnyei J. -Sz. J.<\/br><\/p>\n","protected":false},"excerpt":{"rendered":"<p>? \u2020\u00a0?: jog\u00e1sz. \u2013 Jogtudor, kir. b\u00e1nyatan\u00e1csos, az erd\u00e9lyi nagyfejedelems\u00e9g orsz\u00e1gos erd\u00e9szeti fel\u00fcgyel\u0151je. \u2013 F. m.: Fragmentarische Beschreibung des Grossf\u00fcrstenthums Siebeb\u00fcrgen: Tagebuch eine Reise von Sz\u00e1szr\u00e9gen nach Kolos im Jahres 1815 = Beilage zum Andr\u00e9 Hesperus (Prag, 1817\u201318); Beschreibung eines mir unbekanten Raubvoogels (u. o. 10 sz); Coluber flavescens (s\u00e1rga csik\u00f3) (U. o. 12 sz). [&hellip;]<\/p>\n","protected":false},"featured_media":0,"comment_status":"open","ping_status":"closed","template":"","meta":[],"product_brand":[],"product_cat":[137],"product_tag":[],"class_list":{"0":"post-9188","1":"product","2":"type-product","3":"status-publish","5":"product_cat-maros-megyei-eletrajzi-lexikon","7":"first","8":"instock","9":"shipping-taxable","10":"product-type-simple"},"_links":{"self":[{"href":"https:\/\/uj.adatbank.ro\/lexikon\/wp-json\/wp\/v2\/product\/9188","targetHints":{"allow":["GET"]}}],"collection":[{"href":"https:\/\/uj.adatbank.ro\/lexikon\/wp-json\/wp\/v2\/product"}],"about":[{"href":"https:\/\/uj.adatbank.ro\/lexikon\/wp-json\/wp\/v2\/types\/product"}],"replies":[{"embeddable":true,"href":"https:\/\/uj.adatbank.ro\/lexikon\/wp-json\/wp\/v2\/comments?post=9188"}],"wp:attachment":[{"href":"https:\/\/uj.adatbank.ro\/lexikon\/wp-json\/wp\/v2\/media?parent=9188"}],"wp:term":[{"taxonomy":"product_brand","embeddable":true,"href":"https:\/\/uj.adatbank.ro\/lexikon\/wp-json\/wp\/v2\/product_brand?post=9188"},{"taxonomy":"product_cat","embeddable":true,"href":"https:\/\/uj.adatbank.ro\/lexikon\/wp-json\/wp\/v2\/product_cat?post=9188"},{"taxonomy":"product_tag","embeddable":true,"href":"https:\/\/uj.adatbank.ro\/lexikon\/wp-json\/wp\/v2\/product_tag?post=9188"}],"curies":[{"name":"wp","href":"https:\/\/api.w.org\/{rel}","templated":true}]}}