{"id":9189,"date":"2025-06-29T10:52:10","date_gmt":"2025-06-29T08:52:10","guid":{"rendered":"https:\/\/uj.adatbank.ro\/lexikon\/termek\/gulacsi-endre\/"},"modified":"2025-06-29T10:52:10","modified_gmt":"2025-06-29T08:52:10","slug":"gulacsi-endre","status":"publish","type":"product","link":"https:\/\/uj.adatbank.ro\/lexikon\/termek\/gulacsi-endre\/","title":{"rendered":"GUL\u00c1CSI Endre"},"content":{"rendered":"<p>Marosugra, 1914., \u2020\u00a0? : tan\u00edt\u00f3. \u2013 Tanulm\u00e1nyait Mv.-en \u00e9s Nagyenyeden v\u00e9gezte, tan\u00edt\u00f3i oklevelet nyert (1938). Nagyercs\u00e9n kezdett tan\u00edtani, onnan P\u00f3k\u00e1ra ker\u00fclt mint ig. tan\u00edt\u00f3 a ref. iskol\u00e1hoz, Marosszentkir\u00e1lyon tan\u00edtott (1940\u2013), ahol sportegyes\u00fcleteket szervezett \u00e9s azok vezet\u0151je volt. <br \/><strong>Irod.:<\/strong> Sz\u00e9kelyf\u00f6ld \u00ed. k<\/br><\/p>\n","protected":false},"excerpt":{"rendered":"<p>Marosugra, 1914., \u2020\u00a0? : tan\u00edt\u00f3. \u2013 Tanulm\u00e1nyait Mv.-en \u00e9s Nagyenyeden v\u00e9gezte, tan\u00edt\u00f3i oklevelet nyert (1938). Nagyercs\u00e9n kezdett tan\u00edtani, onnan P\u00f3k\u00e1ra ker\u00fclt mint ig. tan\u00edt\u00f3 a ref. iskol\u00e1hoz, Marosszentkir\u00e1lyon tan\u00edtott (1940\u2013), ahol sportegyes\u00fcleteket szervezett \u00e9s azok vezet\u0151je volt. Irod.: Sz\u00e9kelyf\u00f6ld \u00ed. k<\/p>\n","protected":false},"featured_media":0,"comment_status":"open","ping_status":"closed","template":"","meta":[],"product_brand":[],"product_cat":[137],"product_tag":[],"class_list":{"0":"post-9189","1":"product","2":"type-product","3":"status-publish","5":"product_cat-maros-megyei-eletrajzi-lexikon","7":"first","8":"instock","9":"shipping-taxable","10":"product-type-simple"},"_links":{"self":[{"href":"https:\/\/uj.adatbank.ro\/lexikon\/wp-json\/wp\/v2\/product\/9189","targetHints":{"allow":["GET"]}}],"collection":[{"href":"https:\/\/uj.adatbank.ro\/lexikon\/wp-json\/wp\/v2\/product"}],"about":[{"href":"https:\/\/uj.adatbank.ro\/lexikon\/wp-json\/wp\/v2\/types\/product"}],"replies":[{"embeddable":true,"href":"https:\/\/uj.adatbank.ro\/lexikon\/wp-json\/wp\/v2\/comments?post=9189"}],"wp:attachment":[{"href":"https:\/\/uj.adatbank.ro\/lexikon\/wp-json\/wp\/v2\/media?parent=9189"}],"wp:term":[{"taxonomy":"product_brand","embeddable":true,"href":"https:\/\/uj.adatbank.ro\/lexikon\/wp-json\/wp\/v2\/product_brand?post=9189"},{"taxonomy":"product_cat","embeddable":true,"href":"https:\/\/uj.adatbank.ro\/lexikon\/wp-json\/wp\/v2\/product_cat?post=9189"},{"taxonomy":"product_tag","embeddable":true,"href":"https:\/\/uj.adatbank.ro\/lexikon\/wp-json\/wp\/v2\/product_tag?post=9189"}],"curies":[{"name":"wp","href":"https:\/\/api.w.org\/{rel}","templated":true}]}}