{"id":9190,"date":"2025-06-29T10:52:13","date_gmt":"2025-06-29T08:52:13","guid":{"rendered":"https:\/\/uj.adatbank.ro\/lexikon\/termek\/gulacsi-irma\/"},"modified":"2025-06-29T10:52:13","modified_gmt":"2025-06-29T08:52:13","slug":"gulacsi-irma","status":"publish","type":"product","link":"https:\/\/uj.adatbank.ro\/lexikon\/termek\/gulacsi-irma\/","title":{"rendered":"GUL\u00c1CSI Irma"},"content":{"rendered":"<p>L\u00fadv\u00e9g, 1910., \u2020 Tompa, ? : tan\u00edt\u00f3n\u0151. -Szentl\u0151rincen tan\u00edtottak f\u00e9rj\u00e9vel a rom\u00e1n \u00e9s m. tagozaton. Tomp\u00e1n, 30 \u00e9vig tan\u00edtott, onnan ker\u00fclt S\u00e1rdra. Mindenhol pezsg\u0151 m\u0171vel\u0151d\u00e9si \u00e9letet teremtett. T\u00e1ncegy\u00fcttese t\u00f6bb alkalommal nyert versenyeken. \u2013 Irod: Ny\u00e1r\u00e1dszereda<\/br><\/p>\n","protected":false},"excerpt":{"rendered":"<p>L\u00fadv\u00e9g, 1910., \u2020 Tompa, ? : tan\u00edt\u00f3n\u0151. -Szentl\u0151rincen tan\u00edtottak f\u00e9rj\u00e9vel a rom\u00e1n \u00e9s m. tagozaton. Tomp\u00e1n, 30 \u00e9vig tan\u00edtott, onnan ker\u00fclt S\u00e1rdra. Mindenhol pezsg\u0151 m\u0171vel\u0151d\u00e9si \u00e9letet teremtett. T\u00e1ncegy\u00fcttese t\u00f6bb alkalommal nyert versenyeken. \u2013 Irod: Ny\u00e1r\u00e1dszereda<\/p>\n","protected":false},"featured_media":0,"comment_status":"open","ping_status":"closed","template":"","meta":[],"product_brand":[],"product_cat":[137],"product_tag":[],"class_list":{"0":"post-9190","1":"product","2":"type-product","3":"status-publish","5":"product_cat-maros-megyei-eletrajzi-lexikon","7":"first","8":"instock","9":"shipping-taxable","10":"product-type-simple"},"_links":{"self":[{"href":"https:\/\/uj.adatbank.ro\/lexikon\/wp-json\/wp\/v2\/product\/9190","targetHints":{"allow":["GET"]}}],"collection":[{"href":"https:\/\/uj.adatbank.ro\/lexikon\/wp-json\/wp\/v2\/product"}],"about":[{"href":"https:\/\/uj.adatbank.ro\/lexikon\/wp-json\/wp\/v2\/types\/product"}],"replies":[{"embeddable":true,"href":"https:\/\/uj.adatbank.ro\/lexikon\/wp-json\/wp\/v2\/comments?post=9190"}],"wp:attachment":[{"href":"https:\/\/uj.adatbank.ro\/lexikon\/wp-json\/wp\/v2\/media?parent=9190"}],"wp:term":[{"taxonomy":"product_brand","embeddable":true,"href":"https:\/\/uj.adatbank.ro\/lexikon\/wp-json\/wp\/v2\/product_brand?post=9190"},{"taxonomy":"product_cat","embeddable":true,"href":"https:\/\/uj.adatbank.ro\/lexikon\/wp-json\/wp\/v2\/product_cat?post=9190"},{"taxonomy":"product_tag","embeddable":true,"href":"https:\/\/uj.adatbank.ro\/lexikon\/wp-json\/wp\/v2\/product_tag?post=9190"}],"curies":[{"name":"wp","href":"https:\/\/api.w.org\/{rel}","templated":true}]}}