{"id":9191,"date":"2025-06-29T10:52:15","date_gmt":"2025-06-29T08:52:15","guid":{"rendered":"https:\/\/uj.adatbank.ro\/lexikon\/termek\/gulacsi-laszlo\/"},"modified":"2025-06-29T10:52:15","modified_gmt":"2025-06-29T08:52:15","slug":"gulacsi-laszlo","status":"publish","type":"product","link":"https:\/\/uj.adatbank.ro\/lexikon\/termek\/gulacsi-laszlo\/","title":{"rendered":"GUL\u00c1CSI L\u00e1szl\u00f3"},"content":{"rendered":"<p>? \u2020 Mv., 1999. febr. 14.: jog\u00e1sz, tan\u00e1r. \u2013 A sz\u00e1szr\u00e9geni M. Tannyelv\u0171 Pedag\u00f3giai Iskol\u00e1ban tan\u00edtott (1948\u201356). <br \/><strong>Irod.:<\/strong> Csern\u00e1toni; [Nekrol\u00f3g] (N\u00fa., 1999. febr. 16.); Szab\u00f3 K. Attila<\/br><\/p>\n","protected":false},"excerpt":{"rendered":"<p>? \u2020 Mv., 1999. febr. 14.: jog\u00e1sz, tan\u00e1r. \u2013 A sz\u00e1szr\u00e9geni M. Tannyelv\u0171 Pedag\u00f3giai Iskol\u00e1ban tan\u00edtott (1948\u201356). Irod.: Csern\u00e1toni; [Nekrol\u00f3g] (N\u00fa., 1999. febr. 16.); Szab\u00f3 K. Attila<\/p>\n","protected":false},"featured_media":0,"comment_status":"open","ping_status":"closed","template":"","meta":[],"product_brand":[],"product_cat":[137],"product_tag":[],"class_list":{"0":"post-9191","1":"product","2":"type-product","3":"status-publish","5":"product_cat-maros-megyei-eletrajzi-lexikon","7":"first","8":"instock","9":"shipping-taxable","10":"product-type-simple"},"_links":{"self":[{"href":"https:\/\/uj.adatbank.ro\/lexikon\/wp-json\/wp\/v2\/product\/9191","targetHints":{"allow":["GET"]}}],"collection":[{"href":"https:\/\/uj.adatbank.ro\/lexikon\/wp-json\/wp\/v2\/product"}],"about":[{"href":"https:\/\/uj.adatbank.ro\/lexikon\/wp-json\/wp\/v2\/types\/product"}],"replies":[{"embeddable":true,"href":"https:\/\/uj.adatbank.ro\/lexikon\/wp-json\/wp\/v2\/comments?post=9191"}],"wp:attachment":[{"href":"https:\/\/uj.adatbank.ro\/lexikon\/wp-json\/wp\/v2\/media?parent=9191"}],"wp:term":[{"taxonomy":"product_brand","embeddable":true,"href":"https:\/\/uj.adatbank.ro\/lexikon\/wp-json\/wp\/v2\/product_brand?post=9191"},{"taxonomy":"product_cat","embeddable":true,"href":"https:\/\/uj.adatbank.ro\/lexikon\/wp-json\/wp\/v2\/product_cat?post=9191"},{"taxonomy":"product_tag","embeddable":true,"href":"https:\/\/uj.adatbank.ro\/lexikon\/wp-json\/wp\/v2\/product_tag?post=9191"}],"curies":[{"name":"wp","href":"https:\/\/api.w.org\/{rel}","templated":true}]}}