{"id":9194,"date":"2025-06-29T10:52:21","date_gmt":"2025-06-29T08:52:21","guid":{"rendered":"https:\/\/uj.adatbank.ro\/lexikon\/termek\/gulyas-endre\/"},"modified":"2025-06-29T10:52:21","modified_gmt":"2025-06-29T08:52:21","slug":"gulyas-endre","status":"publish","type":"product","link":"https:\/\/uj.adatbank.ro\/lexikon\/termek\/gulyas-endre\/","title":{"rendered":"GULY\u00c1S Endre"},"content":{"rendered":"<p>? \u2020\u00a0?: tan\u00edt\u00f3. \u2013 Ig. tan\u00edt\u00f3 Mez\u0151bodonban. Cikkeit k\u00f6z\u00f6lte: Vad\u00e1szat \u00e9s \u00c1llatvil\u00e1g, a tordai Tan\u00edt\u00f3test. \u00c9rtes\u00edt\u0151-ben. <br \/><strong>Irod.:<\/strong> Guly\u00e1s<\/br><\/p>\n","protected":false},"excerpt":{"rendered":"<p>? \u2020\u00a0?: tan\u00edt\u00f3. \u2013 Ig. tan\u00edt\u00f3 Mez\u0151bodonban. Cikkeit k\u00f6z\u00f6lte: Vad\u00e1szat \u00e9s \u00c1llatvil\u00e1g, a tordai Tan\u00edt\u00f3test. \u00c9rtes\u00edt\u0151-ben. Irod.: Guly\u00e1s<\/p>\n","protected":false},"featured_media":0,"comment_status":"open","ping_status":"closed","template":"","meta":[],"product_brand":[],"product_cat":[137],"product_tag":[],"class_list":{"0":"post-9194","1":"product","2":"type-product","3":"status-publish","5":"product_cat-maros-megyei-eletrajzi-lexikon","7":"first","8":"instock","9":"shipping-taxable","10":"product-type-simple"},"_links":{"self":[{"href":"https:\/\/uj.adatbank.ro\/lexikon\/wp-json\/wp\/v2\/product\/9194","targetHints":{"allow":["GET"]}}],"collection":[{"href":"https:\/\/uj.adatbank.ro\/lexikon\/wp-json\/wp\/v2\/product"}],"about":[{"href":"https:\/\/uj.adatbank.ro\/lexikon\/wp-json\/wp\/v2\/types\/product"}],"replies":[{"embeddable":true,"href":"https:\/\/uj.adatbank.ro\/lexikon\/wp-json\/wp\/v2\/comments?post=9194"}],"wp:attachment":[{"href":"https:\/\/uj.adatbank.ro\/lexikon\/wp-json\/wp\/v2\/media?parent=9194"}],"wp:term":[{"taxonomy":"product_brand","embeddable":true,"href":"https:\/\/uj.adatbank.ro\/lexikon\/wp-json\/wp\/v2\/product_brand?post=9194"},{"taxonomy":"product_cat","embeddable":true,"href":"https:\/\/uj.adatbank.ro\/lexikon\/wp-json\/wp\/v2\/product_cat?post=9194"},{"taxonomy":"product_tag","embeddable":true,"href":"https:\/\/uj.adatbank.ro\/lexikon\/wp-json\/wp\/v2\/product_tag?post=9194"}],"curies":[{"name":"wp","href":"https:\/\/api.w.org\/{rel}","templated":true}]}}