{"id":9196,"date":"2025-06-29T10:52:28","date_gmt":"2025-06-29T08:52:28","guid":{"rendered":"https:\/\/uj.adatbank.ro\/lexikon\/termek\/gundisch-mihaly-%c2%a7\/"},"modified":"2025-06-29T10:52:28","modified_gmt":"2025-06-29T08:52:28","slug":"gundisch-mihaly-%c2%a7","status":"publish","type":"product","link":"https:\/\/uj.adatbank.ro\/lexikon\/termek\/gundisch-mihaly-%c2%a7\/","title":{"rendered":"G\u00dcNDISCH Mih\u00e1ly, \u00a7"},"content":{"rendered":"<p>Br\u00e1d, 1906. m\u00e1rc. 20., \u2020 Mv., 1984. m\u00e1rc. 7., a kv.-i H\u00e1zsong\u00e1rdi temet\u0151ben nyugszik: orvos, egyetemi tan\u00e1r, a sz\u00f6vettan prof. \u2013 Feles\u00e9ge: Fogarasi Kl\u00e1ra (1910. \u2013 Kecskem\u00e9t, 1986. dec. 5.), gyermekgy\u00f3gy\u00e1sz f\u0151orvos volt Mv.-en. \u2013 A k\u00f6z\u00e9piskol\u00e1t \u00e9s az egyetemet Kv.-on v\u00e9gezte (1932). A Kv.-on kezdte egyetemi p\u00e1ly\u00e1j\u00e1t mint a sz\u00f6vettani Int\u00e9zet adjunktusa, majd el\u0151ad\u00f3 tan\u00e1ra (1940\u201344); a Mv. -re k\u00f6lt\u00f6z\u00f6tt BTE \u2013 Orvosi Kar\u00e1n megszervezte a sz\u00f6vettani (hisztol\u00f3giai) tansz\u00e9ket, melynek egyetemi tan\u00e1ra (1945\u201364), majd az OGYI-n orvost\u00f6rt\u00e9neti el\u0151ad\u00e1sokat is tartott (1949\u201350). A fog\u00e1szati kar d\u00e9k\u00e1nja (1950. szept. 1. \u2013 1951. dec. 1.). Az orvostudom\u00e1nyok docens doktora; a Rom\u00e1n Akad. Mv.-i Tudom\u00e1nyos Kutat\u00f3\u00e1llom\u00e1s\u00e1nak igazgat\u00f3ja (1964\u201368), vezet\u00e9se alatt k\u00e9t tanulm\u00e1nyk\u00f6tet jelent meg: Studii de istorie, Cercet\u0103ri medicale. Szakmunk\u00e1iban a sz\u00f6vettannal, hisztok\u00e9mi\u00e1val, kis\u00e9rletes fejl\u0151d\u00e9stannal, elektr\u00f3mikroszkopos sejt \u2013 \u00e9s sz\u00f6vettani kutat\u00e1sokkal, idegsz\u00f6vettani vizsg\u00e1latokkal foglalkozott. Dolgozatai hazai, m., rom\u00e1n, n\u00e9met szakfoly\u00f3iratokban jelentek meg. A v\u00e9gtagok fejl\u0151d\u00e9smechanik\u00e1j\u00e1t tanulm\u00e1nyoz\u00f3 teny\u00e9szt\u00e9si kis\u00e9rleteir\u0151l az EME Orvostudom\u00e1nyi Szakoszt\u00e1lya \u00c9rtes\u00edt\u0151je-ben sz\u00e1molt be (1943). \u2013 <strong>F. m.:<\/strong> Sz\u00f6vettan 1\u20132. k\u00f6t. (Mv., 1945\u201354); Sz\u00f6vettani jegyzet (Mv., 1947); <strong>t\u00e1rssz.:<\/strong> Iz\u00fcletk\u00e9pz\u00e9s (Kv., 1943); Histologie (Buc., 1954); Sz\u00f6vettani gyakorlatok (Mv., 1956); <strong>szerk.:<\/strong> Cercet\u0103ri medicale (Buc., 1968). <br \/><strong>Irod.:<\/strong> Barab\u00e1s-P\u00e9ter M.\u2013P\u00e9ter H. M.; Dezs\u0151 Istv\u00e1n; Genersich; Id\u0151t\u00e1r 4.; [Nekrol\u00f3g] (V. Z., 1984. m\u00e1rc. 8.); G\u00fcndisch Mih\u00e1lyn\u00e9 [Nekrol\u00f3g] (V. Z., 1986. dec. 10.); Nagy L; P\u00e9ter Mih\u00e1ly: A MOGYE Orvost\u00f6rt\u00e9neti tansz\u00e9k\u00e9nek t\u00f6rt\u00e9net\u00e9r\u0151l  =  Spielmann J\u00f3zsef orvost\u00f6rt\u00e9n\u00e9sz eml\u00e9kk\u00f6nyve; RMIL; Sz\u00f6ll\u0151si 2009; Viharban<\/br><\/p>\n","protected":false},"excerpt":{"rendered":"<p>Br\u00e1d, 1906. m\u00e1rc. 20., \u2020 Mv., 1984. m\u00e1rc. 7., a kv.-i H\u00e1zsong\u00e1rdi temet\u0151ben nyugszik: orvos, egyetemi tan\u00e1r, a sz\u00f6vettan prof. \u2013 Feles\u00e9ge: Fogarasi Kl\u00e1ra (1910. \u2013 Kecskem\u00e9t, 1986. dec. 5.), gyermekgy\u00f3gy\u00e1sz f\u0151orvos volt Mv.-en. \u2013 A k\u00f6z\u00e9piskol\u00e1t \u00e9s az egyetemet Kv.-on v\u00e9gezte (1932). A Kv.-on kezdte egyetemi p\u00e1ly\u00e1j\u00e1t mint a sz\u00f6vettani Int\u00e9zet adjunktusa, majd el\u0151ad\u00f3 [&hellip;]<\/p>\n","protected":false},"featured_media":0,"comment_status":"open","ping_status":"closed","template":"","meta":[],"product_brand":[],"product_cat":[137],"product_tag":[],"class_list":{"0":"post-9196","1":"product","2":"type-product","3":"status-publish","5":"product_cat-maros-megyei-eletrajzi-lexikon","7":"first","8":"instock","9":"shipping-taxable","10":"product-type-simple"},"_links":{"self":[{"href":"https:\/\/uj.adatbank.ro\/lexikon\/wp-json\/wp\/v2\/product\/9196","targetHints":{"allow":["GET"]}}],"collection":[{"href":"https:\/\/uj.adatbank.ro\/lexikon\/wp-json\/wp\/v2\/product"}],"about":[{"href":"https:\/\/uj.adatbank.ro\/lexikon\/wp-json\/wp\/v2\/types\/product"}],"replies":[{"embeddable":true,"href":"https:\/\/uj.adatbank.ro\/lexikon\/wp-json\/wp\/v2\/comments?post=9196"}],"wp:attachment":[{"href":"https:\/\/uj.adatbank.ro\/lexikon\/wp-json\/wp\/v2\/media?parent=9196"}],"wp:term":[{"taxonomy":"product_brand","embeddable":true,"href":"https:\/\/uj.adatbank.ro\/lexikon\/wp-json\/wp\/v2\/product_brand?post=9196"},{"taxonomy":"product_cat","embeddable":true,"href":"https:\/\/uj.adatbank.ro\/lexikon\/wp-json\/wp\/v2\/product_cat?post=9196"},{"taxonomy":"product_tag","embeddable":true,"href":"https:\/\/uj.adatbank.ro\/lexikon\/wp-json\/wp\/v2\/product_tag?post=9196"}],"curies":[{"name":"wp","href":"https:\/\/api.w.org\/{rel}","templated":true}]}}