{"id":9199,"date":"2025-06-29T10:52:34","date_gmt":"2025-06-29T08:52:34","guid":{"rendered":"https:\/\/uj.adatbank.ro\/lexikon\/termek\/gunnesch-johann\/"},"modified":"2025-06-29T10:52:34","modified_gmt":"2025-06-29T08:52:34","slug":"gunnesch-johann","status":"publish","type":"product","link":"https:\/\/uj.adatbank.ro\/lexikon\/termek\/gunnesch-johann\/","title":{"rendered":"GUNNESCH Johann"},"content":{"rendered":"<p>Kissz\u00f6ll\u0151s, ? \u2020 1802. dec. 7.: tan\u00e1r, lek\u00e9sz. \u2013 Tanult teol\u00f3gi\u00e1t Erlagenben, tan\u00edtott majd pr\u00e9dik\u00e1lt Medgyesen; lelkip\u00e1sztor Baromlakon, Kisselyken (1778\u2013). <br \/><strong>Irod.:<\/strong> Szab\u00f3\u2013Sz\u00f6gi<\/br><\/p>\n","protected":false},"excerpt":{"rendered":"<p>Kissz\u00f6ll\u0151s, ? \u2020 1802. dec. 7.: tan\u00e1r, lek\u00e9sz. \u2013 Tanult teol\u00f3gi\u00e1t Erlagenben, tan\u00edtott majd pr\u00e9dik\u00e1lt Medgyesen; lelkip\u00e1sztor Baromlakon, Kisselyken (1778\u2013). Irod.: Szab\u00f3\u2013Sz\u00f6gi<\/p>\n","protected":false},"featured_media":0,"comment_status":"open","ping_status":"closed","template":"","meta":[],"product_brand":[],"product_cat":[137],"product_tag":[],"class_list":{"0":"post-9199","1":"product","2":"type-product","3":"status-publish","5":"product_cat-maros-megyei-eletrajzi-lexikon","7":"first","8":"instock","9":"shipping-taxable","10":"product-type-simple"},"_links":{"self":[{"href":"https:\/\/uj.adatbank.ro\/lexikon\/wp-json\/wp\/v2\/product\/9199","targetHints":{"allow":["GET"]}}],"collection":[{"href":"https:\/\/uj.adatbank.ro\/lexikon\/wp-json\/wp\/v2\/product"}],"about":[{"href":"https:\/\/uj.adatbank.ro\/lexikon\/wp-json\/wp\/v2\/types\/product"}],"replies":[{"embeddable":true,"href":"https:\/\/uj.adatbank.ro\/lexikon\/wp-json\/wp\/v2\/comments?post=9199"}],"wp:attachment":[{"href":"https:\/\/uj.adatbank.ro\/lexikon\/wp-json\/wp\/v2\/media?parent=9199"}],"wp:term":[{"taxonomy":"product_brand","embeddable":true,"href":"https:\/\/uj.adatbank.ro\/lexikon\/wp-json\/wp\/v2\/product_brand?post=9199"},{"taxonomy":"product_cat","embeddable":true,"href":"https:\/\/uj.adatbank.ro\/lexikon\/wp-json\/wp\/v2\/product_cat?post=9199"},{"taxonomy":"product_tag","embeddable":true,"href":"https:\/\/uj.adatbank.ro\/lexikon\/wp-json\/wp\/v2\/product_tag?post=9199"}],"curies":[{"name":"wp","href":"https:\/\/api.w.org\/{rel}","templated":true}]}}