{"id":9201,"date":"2025-06-29T10:52:38","date_gmt":"2025-06-29T08:52:38","guid":{"rendered":"https:\/\/uj.adatbank.ro\/lexikon\/termek\/gurghianu-aurel-%c2%a7-alnevei-es-betualairasai-a-g-ana-gheorghiade-m-gheorghiade-m-g-anton-popa-a-p\/"},"modified":"2025-06-29T10:52:38","modified_gmt":"2025-06-29T08:52:38","slug":"gurghianu-aurel-%c2%a7-alnevei-es-betualairasai-a-g-ana-gheorghiade-m-gheorghiade-m-g-anton-popa-a-p","status":"publish","type":"product","link":"https:\/\/uj.adatbank.ro\/lexikon\/termek\/gurghianu-aurel-%c2%a7-alnevei-es-betualairasai-a-g-ana-gheorghiade-m-gheorghiade-m-g-anton-popa-a-p\/","title":{"rendered":"GURGHIANU Aurel, \u00a7 \u00e1lnevei \u00e9s bet\u0171al\u00e1\u00edr\u00e1sai: a. g.; Ana Gheorghiade; M. Gheorghiade; m. g.; Anton Popa; a. p."},"content":{"rendered":"<p>Kisikland, 1924, Kv., \u2020 1987. szept. 28.: k\u00f6lt\u0151, \u00edr\u00f3, \u00fajs\u00e1g\u00edr\u00f3. \u2013 Tanulm\u00e1nyait a sz\u00fcl\u0151faluj\u00e1ban kezdte, tan\u00edt\u00f3k\u00e9pz\u0151ben Mv.-en (1937\u201340) \u00e9s Bal\u00e1zsfalv\u00e1n tanult (1940\u201345), k\u00fcl\u00f6nb\u00f6zeti vizsg\u00e1t Mv.-en az Al. Papiu Ilarian L\u00edc.-ban tett (1947\u201348), Kv.-on BBTE, Filol\u00f3gia Szak\u00e1n (1948\u201352) szerzett oklevelet, \u00e1llamvizsg\u00e1zott Ia\u0219iban (1965). Tan\u00edt\u00f3 volt a sz\u00fcl\u0151faluj\u00e1ban (1945\u201348), szerk. az Almanahul literar (1950\u201353), majd a Steaua c. lapn\u00e1l (1954\u2013), helyettes f\u0151szerk. (1963\u2013). Verssel mutatkozott be Buk.-ben az Ardealul c. lapban (1943) \u00e9s a Gazeta de Turda -ban. Munkat\u00e1rsa volt a F\u0103clia (Kv.), Steaua, Via\u0163a Rom\u00e2neasc\u0103, Ia\u015ful literar, Rom\u00e2nia liber\u0103, Contemporanul, Tribuna, \u00datunk, Gazeta literar\u0103, Korunk c. lapoknak. Kv.-on az \u00cdr\u00f3sz\u00f6vets\u00e9g d\u00edjazta a Poart\u0103 cu s\u0103ge\u0163i, Temperatura cuvintelor (1972) \u00e9s Curen\u0163ii de sear\u0103 (1976) c. k\u00f6tetei\u00e9rt. \u2013 <strong>F. m.:<\/strong> Drumuri (Buc., 1954); Zilele care c\u00e2nt\u0103 (Buc., 1957); Lini\u015ftea crea\u0163iei (Buc., 1962); Biografii sentimentale (Buc., 1965); Strada v\u00e2ntului (Buc., 1968), Ascult strada (Buc., 1969); Poarta cu s\u0103ge\u0163i (Buc., 1972); Temperatura cuvintelor (Cluj, 1972); Curen\u0163ii de sear\u0103 (Cluj-N., 1976); Terasa \u015fi alte confesiuni (Cluj, 1978); Orele \u015fi umbra (Buc., 1980), Carnet. \u00censenm\u0103ri, crochiuri, m\u0103rturisiri (Cluj-N., 1981); Num\u0103ra\u0163i caii amurgului (Buc., 1982); Diagnosticul str\u0103zii (Cluj-N., 1980); Anotimpurile cet\u0103\u0163ii (Cluj-N., 1988); Az utc\u00e1t hallgatom (Kv., 1988); C\u0103l\u0103re\u0163ul din somn (Buc., 1991); Strofe prin timp (Cluj-N., 1994); <strong>antol\u00f3g.:<\/strong> 13 poeme de dragoste (Tg. M., 1946); Ani biruitori (Cluj, 1961); Prim\u0103vara de aur (Buc., 1962); Tezaur (Buc., 1962); Caiet de poezie (Buc., 1963, 1964); Poezia rom\u00e2n\u0103 contemporan\u0103 (Buc., 1964); V\u00e2rste lirice (Cluj, 1964); C\u00e2ntare Rom\u00e2niei (Buc., 1965); Patos contemporan (Buc., 1965); Poezie (Buc., 1965); \u0162ara poe\u0163ilor (Buc., 1971); C\u00e2ntare libert\u0103\u0163ii (Buc., 1974); P\u0103m\u00e2nt etern (Buc., 1982); C\u00e2ntec ne\u00eentrerupt (Buc., 1984); <strong>ford.:<\/strong> Varnalis, Kostas Versuri (Buc., 1969), L\u00e9tay Lajos: Dep\u0103rt\u0103tori (Cluj, 1976); Az utc\u00e1t hallgatom (ford. L\u00e9tay Lajos; Kv., 1988). <br \/><strong>Irod.:<\/strong> Clujeni ai sec. 20.; Cosma; Mariana Cristescu: Remember: A. G. (V. L., 11. mai., 2000.); DGLR; DSR; Domokos 1966; Domokos 1978.<\/br><\/p>\n","protected":false},"excerpt":{"rendered":"<p>Kisikland, 1924, Kv., \u2020 1987. szept. 28.: k\u00f6lt\u0151, \u00edr\u00f3, \u00fajs\u00e1g\u00edr\u00f3. \u2013 Tanulm\u00e1nyait a sz\u00fcl\u0151faluj\u00e1ban kezdte, tan\u00edt\u00f3k\u00e9pz\u0151ben Mv.-en (1937\u201340) \u00e9s Bal\u00e1zsfalv\u00e1n tanult (1940\u201345), k\u00fcl\u00f6nb\u00f6zeti vizsg\u00e1t Mv.-en az Al. Papiu Ilarian L\u00edc.-ban tett (1947\u201348), Kv.-on BBTE, Filol\u00f3gia Szak\u00e1n (1948\u201352) szerzett oklevelet, \u00e1llamvizsg\u00e1zott Ia\u0219iban (1965). Tan\u00edt\u00f3 volt a sz\u00fcl\u0151faluj\u00e1ban (1945\u201348), szerk. az Almanahul literar (1950\u201353), majd a Steaua [&hellip;]<\/p>\n","protected":false},"featured_media":0,"comment_status":"open","ping_status":"closed","template":"","meta":[],"product_brand":[],"product_cat":[137],"product_tag":[],"class_list":{"0":"post-9201","1":"product","2":"type-product","3":"status-publish","5":"product_cat-maros-megyei-eletrajzi-lexikon","7":"first","8":"instock","9":"shipping-taxable","10":"product-type-simple"},"_links":{"self":[{"href":"https:\/\/uj.adatbank.ro\/lexikon\/wp-json\/wp\/v2\/product\/9201","targetHints":{"allow":["GET"]}}],"collection":[{"href":"https:\/\/uj.adatbank.ro\/lexikon\/wp-json\/wp\/v2\/product"}],"about":[{"href":"https:\/\/uj.adatbank.ro\/lexikon\/wp-json\/wp\/v2\/types\/product"}],"replies":[{"embeddable":true,"href":"https:\/\/uj.adatbank.ro\/lexikon\/wp-json\/wp\/v2\/comments?post=9201"}],"wp:attachment":[{"href":"https:\/\/uj.adatbank.ro\/lexikon\/wp-json\/wp\/v2\/media?parent=9201"}],"wp:term":[{"taxonomy":"product_brand","embeddable":true,"href":"https:\/\/uj.adatbank.ro\/lexikon\/wp-json\/wp\/v2\/product_brand?post=9201"},{"taxonomy":"product_cat","embeddable":true,"href":"https:\/\/uj.adatbank.ro\/lexikon\/wp-json\/wp\/v2\/product_cat?post=9201"},{"taxonomy":"product_tag","embeddable":true,"href":"https:\/\/uj.adatbank.ro\/lexikon\/wp-json\/wp\/v2\/product_tag?post=9201"}],"curies":[{"name":"wp","href":"https:\/\/api.w.org\/{rel}","templated":true}]}}