{"id":9204,"date":"2025-06-29T10:52:45","date_gmt":"2025-06-29T08:52:45","guid":{"rendered":"https:\/\/uj.adatbank.ro\/lexikon\/termek\/gusan-vasile-nicolae\/"},"modified":"2025-06-29T10:52:45","modified_gmt":"2025-06-29T08:52:45","slug":"gusan-vasile-nicolae","status":"publish","type":"product","link":"https:\/\/uj.adatbank.ro\/lexikon\/termek\/gusan-vasile-nicolae\/","title":{"rendered":"GU\u015eAN Vasile Nicolae"},"content":{"rendered":"<p>Sz\u00e1szr\u00e9gen, 19 ??. okt. 23., \u2020 ? : \u0151rmester. \u2013 Sz\u00e1szr\u00e9genben \u0151rmester a 92. gyalogezredben. A rom\u00e1n hadsereg k\u00f6tel\u00e9k\u00e9ben r\u00e9szt vett a keleti hadj\u00e1ratban (1942. \u00e1pr. 4. \u2013 44. aug. 21.), szovjet fogs\u00e1gba esett. Hazat\u00e9rt (1945. j\u00fal. 20.). <br \/><strong>Irod.:<\/strong> Reghin, militari<\/br><\/p>\n","protected":false},"excerpt":{"rendered":"<p>Sz\u00e1szr\u00e9gen, 19 ??. okt. 23., \u2020 ? : \u0151rmester. \u2013 Sz\u00e1szr\u00e9genben \u0151rmester a 92. gyalogezredben. A rom\u00e1n hadsereg k\u00f6tel\u00e9k\u00e9ben r\u00e9szt vett a keleti hadj\u00e1ratban (1942. \u00e1pr. 4. \u2013 44. aug. 21.), szovjet fogs\u00e1gba esett. Hazat\u00e9rt (1945. j\u00fal. 20.). Irod.: Reghin, militari<\/p>\n","protected":false},"featured_media":0,"comment_status":"open","ping_status":"closed","template":"","meta":[],"product_brand":[],"product_cat":[137],"product_tag":[],"class_list":{"0":"post-9204","1":"product","2":"type-product","3":"status-publish","5":"product_cat-maros-megyei-eletrajzi-lexikon","7":"first","8":"instock","9":"shipping-taxable","10":"product-type-simple"},"_links":{"self":[{"href":"https:\/\/uj.adatbank.ro\/lexikon\/wp-json\/wp\/v2\/product\/9204","targetHints":{"allow":["GET"]}}],"collection":[{"href":"https:\/\/uj.adatbank.ro\/lexikon\/wp-json\/wp\/v2\/product"}],"about":[{"href":"https:\/\/uj.adatbank.ro\/lexikon\/wp-json\/wp\/v2\/types\/product"}],"replies":[{"embeddable":true,"href":"https:\/\/uj.adatbank.ro\/lexikon\/wp-json\/wp\/v2\/comments?post=9204"}],"wp:attachment":[{"href":"https:\/\/uj.adatbank.ro\/lexikon\/wp-json\/wp\/v2\/media?parent=9204"}],"wp:term":[{"taxonomy":"product_brand","embeddable":true,"href":"https:\/\/uj.adatbank.ro\/lexikon\/wp-json\/wp\/v2\/product_brand?post=9204"},{"taxonomy":"product_cat","embeddable":true,"href":"https:\/\/uj.adatbank.ro\/lexikon\/wp-json\/wp\/v2\/product_cat?post=9204"},{"taxonomy":"product_tag","embeddable":true,"href":"https:\/\/uj.adatbank.ro\/lexikon\/wp-json\/wp\/v2\/product_tag?post=9204"}],"curies":[{"name":"wp","href":"https:\/\/api.w.org\/{rel}","templated":true}]}}