{"id":9206,"date":"2025-06-29T10:52:49","date_gmt":"2025-06-29T08:52:49","guid":{"rendered":"https:\/\/uj.adatbank.ro\/lexikon\/termek\/gusath-gyorgy-2\/"},"modified":"2025-06-29T10:52:49","modified_gmt":"2025-06-29T08:52:49","slug":"gusath-gyorgy-2","status":"publish","type":"product","link":"https:\/\/uj.adatbank.ro\/lexikon\/termek\/gusath-gyorgy-2\/","title":{"rendered":"GUS\u00c1TH Gy\u00f6rgy"},"content":{"rendered":"<p>Mv., 1888., \u2020\u00a0? : jog\u00e1sz. \u2013 Mv.-en v\u00e1rosi aljegyz\u0151, dr. R\u00e9szt vett az I. vh.-ban mint hadapr\u00f3d a 9. honv\u00e9d husz\u00e1r ezredben (1915. j\u00fal. 10. \u2013). A kv.-i honv\u00e9d dand\u00e1rb\u00edr\u00f3s\u00e1gn\u00e1l szolg\u00e1lt (1917. nov. 18. \u2013). <br \/><strong>Irod.:<\/strong> Koszta; Mv. \u00e9s a h\u00e1bor\u00fa 2.<\/br><\/p>\n","protected":false},"excerpt":{"rendered":"<p>Mv., 1888., \u2020\u00a0? : jog\u00e1sz. \u2013 Mv.-en v\u00e1rosi aljegyz\u0151, dr. R\u00e9szt vett az I. vh.-ban mint hadapr\u00f3d a 9. honv\u00e9d husz\u00e1r ezredben (1915. j\u00fal. 10. \u2013). A kv.-i honv\u00e9d dand\u00e1rb\u00edr\u00f3s\u00e1gn\u00e1l szolg\u00e1lt (1917. nov. 18. \u2013). Irod.: Koszta; Mv. \u00e9s a h\u00e1bor\u00fa 2.<\/p>\n","protected":false},"featured_media":0,"comment_status":"open","ping_status":"closed","template":"","meta":[],"product_brand":[],"product_cat":[137],"product_tag":[],"class_list":{"0":"post-9206","1":"product","2":"type-product","3":"status-publish","5":"product_cat-maros-megyei-eletrajzi-lexikon","7":"first","8":"instock","9":"shipping-taxable","10":"product-type-simple"},"_links":{"self":[{"href":"https:\/\/uj.adatbank.ro\/lexikon\/wp-json\/wp\/v2\/product\/9206","targetHints":{"allow":["GET"]}}],"collection":[{"href":"https:\/\/uj.adatbank.ro\/lexikon\/wp-json\/wp\/v2\/product"}],"about":[{"href":"https:\/\/uj.adatbank.ro\/lexikon\/wp-json\/wp\/v2\/types\/product"}],"replies":[{"embeddable":true,"href":"https:\/\/uj.adatbank.ro\/lexikon\/wp-json\/wp\/v2\/comments?post=9206"}],"wp:attachment":[{"href":"https:\/\/uj.adatbank.ro\/lexikon\/wp-json\/wp\/v2\/media?parent=9206"}],"wp:term":[{"taxonomy":"product_brand","embeddable":true,"href":"https:\/\/uj.adatbank.ro\/lexikon\/wp-json\/wp\/v2\/product_brand?post=9206"},{"taxonomy":"product_cat","embeddable":true,"href":"https:\/\/uj.adatbank.ro\/lexikon\/wp-json\/wp\/v2\/product_cat?post=9206"},{"taxonomy":"product_tag","embeddable":true,"href":"https:\/\/uj.adatbank.ro\/lexikon\/wp-json\/wp\/v2\/product_tag?post=9206"}],"curies":[{"name":"wp","href":"https:\/\/api.w.org\/{rel}","templated":true}]}}