{"id":9209,"date":"2025-06-29T10:52:53","date_gmt":"2025-06-29T08:52:53","guid":{"rendered":"https:\/\/uj.adatbank.ro\/lexikon\/termek\/gutfreund-adolf\/"},"modified":"2025-06-29T10:52:53","modified_gmt":"2025-06-29T08:52:53","slug":"gutfreund-adolf","status":"publish","type":"product","link":"https:\/\/uj.adatbank.ro\/lexikon\/termek\/gutfreund-adolf\/","title":{"rendered":"GUTFREUND Adolf"},"content":{"rendered":"<p>? \u2020 ? : m\u00e9rn\u00f6k. \u2013 Mv.-en vas\u00fat oszt\u00e1lym\u00e9rn\u00f6ks\u00e9gi alkalmazott (1893). <br \/><strong>Irod.:<\/strong> Id\u0151t\u00e1r 5 \/1.<\/br><\/p>\n","protected":false},"excerpt":{"rendered":"<p>? \u2020 ? : m\u00e9rn\u00f6k. \u2013 Mv.-en vas\u00fat oszt\u00e1lym\u00e9rn\u00f6ks\u00e9gi alkalmazott (1893). Irod.: Id\u0151t\u00e1r 5 \/1.<\/p>\n","protected":false},"featured_media":0,"comment_status":"open","ping_status":"closed","template":"","meta":[],"product_brand":[],"product_cat":[137],"product_tag":[],"class_list":{"0":"post-9209","1":"product","2":"type-product","3":"status-publish","5":"product_cat-maros-megyei-eletrajzi-lexikon","7":"first","8":"instock","9":"shipping-taxable","10":"product-type-simple"},"_links":{"self":[{"href":"https:\/\/uj.adatbank.ro\/lexikon\/wp-json\/wp\/v2\/product\/9209","targetHints":{"allow":["GET"]}}],"collection":[{"href":"https:\/\/uj.adatbank.ro\/lexikon\/wp-json\/wp\/v2\/product"}],"about":[{"href":"https:\/\/uj.adatbank.ro\/lexikon\/wp-json\/wp\/v2\/types\/product"}],"replies":[{"embeddable":true,"href":"https:\/\/uj.adatbank.ro\/lexikon\/wp-json\/wp\/v2\/comments?post=9209"}],"wp:attachment":[{"href":"https:\/\/uj.adatbank.ro\/lexikon\/wp-json\/wp\/v2\/media?parent=9209"}],"wp:term":[{"taxonomy":"product_brand","embeddable":true,"href":"https:\/\/uj.adatbank.ro\/lexikon\/wp-json\/wp\/v2\/product_brand?post=9209"},{"taxonomy":"product_cat","embeddable":true,"href":"https:\/\/uj.adatbank.ro\/lexikon\/wp-json\/wp\/v2\/product_cat?post=9209"},{"taxonomy":"product_tag","embeddable":true,"href":"https:\/\/uj.adatbank.ro\/lexikon\/wp-json\/wp\/v2\/product_tag?post=9209"}],"curies":[{"name":"wp","href":"https:\/\/api.w.org\/{rel}","templated":true}]}}