{"id":9212,"date":"2025-06-29T10:53:00","date_gmt":"2025-06-29T08:53:00","guid":{"rendered":"https:\/\/uj.adatbank.ro\/lexikon\/termek\/guti-orszag-janos\/"},"modified":"2025-06-29T10:53:00","modified_gmt":"2025-06-29T08:53:00","slug":"guti-orszag-janos","status":"publish","type":"product","link":"https:\/\/uj.adatbank.ro\/lexikon\/termek\/guti-orszag-janos\/","title":{"rendered":"G\u00daTI ORSZ\u00c1G J\u00e1nos"},"content":{"rendered":"<p>sz\u00e9kely isp\u00e1n (1454. febr. 3\u20131457. jan12.) <br \/><strong>Irod.:<\/strong> Sz\u00e9kelyf\u00f6ld t\u00f6rt. 1<\/br><\/p>\n","protected":false},"excerpt":{"rendered":"<p>sz\u00e9kely isp\u00e1n (1454. febr. 3\u20131457. jan12.) Irod.: Sz\u00e9kelyf\u00f6ld t\u00f6rt. 1<\/p>\n","protected":false},"featured_media":0,"comment_status":"open","ping_status":"closed","template":"","meta":[],"product_brand":[],"product_cat":[137],"product_tag":[],"class_list":{"0":"post-9212","1":"product","2":"type-product","3":"status-publish","5":"product_cat-maros-megyei-eletrajzi-lexikon","7":"first","8":"instock","9":"shipping-taxable","10":"product-type-simple"},"_links":{"self":[{"href":"https:\/\/uj.adatbank.ro\/lexikon\/wp-json\/wp\/v2\/product\/9212","targetHints":{"allow":["GET"]}}],"collection":[{"href":"https:\/\/uj.adatbank.ro\/lexikon\/wp-json\/wp\/v2\/product"}],"about":[{"href":"https:\/\/uj.adatbank.ro\/lexikon\/wp-json\/wp\/v2\/types\/product"}],"replies":[{"embeddable":true,"href":"https:\/\/uj.adatbank.ro\/lexikon\/wp-json\/wp\/v2\/comments?post=9212"}],"wp:attachment":[{"href":"https:\/\/uj.adatbank.ro\/lexikon\/wp-json\/wp\/v2\/media?parent=9212"}],"wp:term":[{"taxonomy":"product_brand","embeddable":true,"href":"https:\/\/uj.adatbank.ro\/lexikon\/wp-json\/wp\/v2\/product_brand?post=9212"},{"taxonomy":"product_cat","embeddable":true,"href":"https:\/\/uj.adatbank.ro\/lexikon\/wp-json\/wp\/v2\/product_cat?post=9212"},{"taxonomy":"product_tag","embeddable":true,"href":"https:\/\/uj.adatbank.ro\/lexikon\/wp-json\/wp\/v2\/product_tag?post=9212"}],"curies":[{"name":"wp","href":"https:\/\/api.w.org\/{rel}","templated":true}]}}