{"id":9213,"date":"2025-06-29T10:53:01","date_gmt":"2025-06-29T08:53:01","guid":{"rendered":"https:\/\/uj.adatbank.ro\/lexikon\/termek\/gutiu-t-virgil\/"},"modified":"2025-06-29T10:53:01","modified_gmt":"2025-06-29T08:53:01","slug":"gutiu-t-virgil","status":"publish","type":"product","link":"https:\/\/uj.adatbank.ro\/lexikon\/termek\/gutiu-t-virgil\/","title":{"rendered":"GU\u0162IU T. Virgil"},"content":{"rendered":"<p>? \u2020 ? : ort. pap. \u2013 V\u00e9ck\u00e9n k\u00f6zadakoz\u00e1sb\u00f3l \u00e9s az \u00e9rseks\u00e9g seg\u00edts\u00e9g\u00e9vel ort. templomot \u00e9p\u00edttetett (1936\u201337). Mosonban szolg\u00e1lata idej\u00e9ben \u00e9p\u00fclt a h\u00edvek adom\u00e1nyaib\u00f3l a ma is \u00e1ll\u00f3 ort. templom (1937\u201338). <br \/><strong>Irod.:<\/strong> \u015eincan 2006<\/br><\/p>\n","protected":false},"excerpt":{"rendered":"<p>? \u2020 ? : ort. pap. \u2013 V\u00e9ck\u00e9n k\u00f6zadakoz\u00e1sb\u00f3l \u00e9s az \u00e9rseks\u00e9g seg\u00edts\u00e9g\u00e9vel ort. templomot \u00e9p\u00edttetett (1936\u201337). Mosonban szolg\u00e1lata idej\u00e9ben \u00e9p\u00fclt a h\u00edvek adom\u00e1nyaib\u00f3l a ma is \u00e1ll\u00f3 ort. templom (1937\u201338). Irod.: \u015eincan 2006<\/p>\n","protected":false},"featured_media":0,"comment_status":"open","ping_status":"closed","template":"","meta":[],"product_brand":[],"product_cat":[137],"product_tag":[],"class_list":{"0":"post-9213","1":"product","2":"type-product","3":"status-publish","5":"product_cat-maros-megyei-eletrajzi-lexikon","7":"first","8":"instock","9":"shipping-taxable","10":"product-type-simple"},"_links":{"self":[{"href":"https:\/\/uj.adatbank.ro\/lexikon\/wp-json\/wp\/v2\/product\/9213","targetHints":{"allow":["GET"]}}],"collection":[{"href":"https:\/\/uj.adatbank.ro\/lexikon\/wp-json\/wp\/v2\/product"}],"about":[{"href":"https:\/\/uj.adatbank.ro\/lexikon\/wp-json\/wp\/v2\/types\/product"}],"replies":[{"embeddable":true,"href":"https:\/\/uj.adatbank.ro\/lexikon\/wp-json\/wp\/v2\/comments?post=9213"}],"wp:attachment":[{"href":"https:\/\/uj.adatbank.ro\/lexikon\/wp-json\/wp\/v2\/media?parent=9213"}],"wp:term":[{"taxonomy":"product_brand","embeddable":true,"href":"https:\/\/uj.adatbank.ro\/lexikon\/wp-json\/wp\/v2\/product_brand?post=9213"},{"taxonomy":"product_cat","embeddable":true,"href":"https:\/\/uj.adatbank.ro\/lexikon\/wp-json\/wp\/v2\/product_cat?post=9213"},{"taxonomy":"product_tag","embeddable":true,"href":"https:\/\/uj.adatbank.ro\/lexikon\/wp-json\/wp\/v2\/product_tag?post=9213"}],"curies":[{"name":"wp","href":"https:\/\/api.w.org\/{rel}","templated":true}]}}