{"id":9214,"date":"2025-06-29T10:53:04","date_gmt":"2025-06-29T08:53:04","guid":{"rendered":"https:\/\/uj.adatbank.ro\/lexikon\/termek\/gutkovszky-jozsa\/"},"modified":"2025-06-29T10:53:04","modified_gmt":"2025-06-29T08:53:04","slug":"gutkovszky-jozsa","status":"publish","type":"product","link":"https:\/\/uj.adatbank.ro\/lexikon\/termek\/gutkovszky-jozsa\/","title":{"rendered":"GUTKOVSZKY J\u00f3zsa"},"content":{"rendered":"<p>Sz\u00e1szd\u00e1lya, 1871. j\u00fal. 26., \u2020 Kv., 1914. j\u00fal. 26.: unit. tan\u00edt\u00f3n\u0151, szak\u00edr\u00f3. \u2013 <strong>Cikkei:<\/strong> a Csal\u00e1d \u00e9s Iskola c. lapban. <br \/><strong>Irod.:<\/strong> Guly\u00e1s<\/br><\/p>\n","protected":false},"excerpt":{"rendered":"<p>Sz\u00e1szd\u00e1lya, 1871. j\u00fal. 26., \u2020 Kv., 1914. j\u00fal. 26.: unit. tan\u00edt\u00f3n\u0151, szak\u00edr\u00f3. \u2013 Cikkei: a Csal\u00e1d \u00e9s Iskola c. lapban. Irod.: Guly\u00e1s<\/p>\n","protected":false},"featured_media":0,"comment_status":"open","ping_status":"closed","template":"","meta":[],"product_brand":[],"product_cat":[137],"product_tag":[],"class_list":{"0":"post-9214","1":"product","2":"type-product","3":"status-publish","5":"product_cat-maros-megyei-eletrajzi-lexikon","7":"first","8":"instock","9":"shipping-taxable","10":"product-type-simple"},"_links":{"self":[{"href":"https:\/\/uj.adatbank.ro\/lexikon\/wp-json\/wp\/v2\/product\/9214","targetHints":{"allow":["GET"]}}],"collection":[{"href":"https:\/\/uj.adatbank.ro\/lexikon\/wp-json\/wp\/v2\/product"}],"about":[{"href":"https:\/\/uj.adatbank.ro\/lexikon\/wp-json\/wp\/v2\/types\/product"}],"replies":[{"embeddable":true,"href":"https:\/\/uj.adatbank.ro\/lexikon\/wp-json\/wp\/v2\/comments?post=9214"}],"wp:attachment":[{"href":"https:\/\/uj.adatbank.ro\/lexikon\/wp-json\/wp\/v2\/media?parent=9214"}],"wp:term":[{"taxonomy":"product_brand","embeddable":true,"href":"https:\/\/uj.adatbank.ro\/lexikon\/wp-json\/wp\/v2\/product_brand?post=9214"},{"taxonomy":"product_cat","embeddable":true,"href":"https:\/\/uj.adatbank.ro\/lexikon\/wp-json\/wp\/v2\/product_cat?post=9214"},{"taxonomy":"product_tag","embeddable":true,"href":"https:\/\/uj.adatbank.ro\/lexikon\/wp-json\/wp\/v2\/product_tag?post=9214"}],"curies":[{"name":"wp","href":"https:\/\/api.w.org\/{rel}","templated":true}]}}