{"id":9215,"date":"2025-06-29T10:53:06","date_gmt":"2025-06-29T08:53:06","guid":{"rendered":"https:\/\/uj.adatbank.ro\/lexikon\/termek\/gutman-izidor-%c2%a7\/"},"modified":"2025-06-29T10:53:06","modified_gmt":"2025-06-29T08:53:06","slug":"gutman-izidor-%c2%a7","status":"publish","type":"product","link":"https:\/\/uj.adatbank.ro\/lexikon\/termek\/gutman-izidor-%c2%a7\/","title":{"rendered":"GUTMAN Izidor, \u00a7"},"content":{"rendered":"<p>S\u00fcketfalva, 1893., \u2020\u00a0?: A mv.-i zsid\u00f3 Statussquo hitk\u00f6zs\u00e9g metsz\u0151je \u00e9s el\u0151im\u00e1dkoz\u00f3ja. <br \/><strong>Irod.:<\/strong> Mv. Zsid\u00f3s\u00e1ga<\/br><\/p>\n","protected":false},"excerpt":{"rendered":"<p>S\u00fcketfalva, 1893., \u2020\u00a0?: A mv.-i zsid\u00f3 Statussquo hitk\u00f6zs\u00e9g metsz\u0151je \u00e9s el\u0151im\u00e1dkoz\u00f3ja. Irod.: Mv. Zsid\u00f3s\u00e1ga<\/p>\n","protected":false},"featured_media":0,"comment_status":"open","ping_status":"closed","template":"","meta":[],"product_brand":[],"product_cat":[137],"product_tag":[],"class_list":{"0":"post-9215","1":"product","2":"type-product","3":"status-publish","5":"product_cat-maros-megyei-eletrajzi-lexikon","7":"first","8":"instock","9":"shipping-taxable","10":"product-type-simple"},"_links":{"self":[{"href":"https:\/\/uj.adatbank.ro\/lexikon\/wp-json\/wp\/v2\/product\/9215","targetHints":{"allow":["GET"]}}],"collection":[{"href":"https:\/\/uj.adatbank.ro\/lexikon\/wp-json\/wp\/v2\/product"}],"about":[{"href":"https:\/\/uj.adatbank.ro\/lexikon\/wp-json\/wp\/v2\/types\/product"}],"replies":[{"embeddable":true,"href":"https:\/\/uj.adatbank.ro\/lexikon\/wp-json\/wp\/v2\/comments?post=9215"}],"wp:attachment":[{"href":"https:\/\/uj.adatbank.ro\/lexikon\/wp-json\/wp\/v2\/media?parent=9215"}],"wp:term":[{"taxonomy":"product_brand","embeddable":true,"href":"https:\/\/uj.adatbank.ro\/lexikon\/wp-json\/wp\/v2\/product_brand?post=9215"},{"taxonomy":"product_cat","embeddable":true,"href":"https:\/\/uj.adatbank.ro\/lexikon\/wp-json\/wp\/v2\/product_cat?post=9215"},{"taxonomy":"product_tag","embeddable":true,"href":"https:\/\/uj.adatbank.ro\/lexikon\/wp-json\/wp\/v2\/product_tag?post=9215"}],"curies":[{"name":"wp","href":"https:\/\/api.w.org\/{rel}","templated":true}]}}