{"id":9216,"date":"2025-06-29T10:53:08","date_gmt":"2025-06-29T08:53:08","guid":{"rendered":"https:\/\/uj.adatbank.ro\/lexikon\/termek\/gutman-sandor-guttman-sandor\/"},"modified":"2025-06-29T10:53:08","modified_gmt":"2025-06-29T08:53:08","slug":"gutman-sandor-guttman-sandor","status":"publish","type":"product","link":"https:\/\/uj.adatbank.ro\/lexikon\/termek\/gutman-sandor-guttman-sandor\/","title":{"rendered":"GUTMAN S\u00e1ndor, Guttman S\u00e1ndor"},"content":{"rendered":"<p>B\u00e1nfalva, 1900. \u2020\u00a0? : tisztvisel\u0151. \u2013 Mag\u00e1ntisztvisel\u0151 Mv.-en. R\u00e9szt vett az els\u0151 vh.-ban (1918\u2013) a 22. gy. e. -hez vonult be, a tiszti iskol\u00e1t Kv.-on v\u00e9gezte, ut\u00e1na a p\u00f3tz\u00e1szl\u00f3aljn\u00e1l mint kik\u00e9pz\u0151tiszt teljes\u00edtett szolg\u00e1latot, dec.-ben szerelt le D\u00e9sen. Mv. -r\u0151l deport\u00e1lt\u00e1k feles\u00e9g\u00e9vel (1902\u2013) egy\u00fctt (1944. m\u00e1j. 29.). <br \/><strong>Irod.:<\/strong> Erd\u00e9lyi ezredek; Mv. zsid\u00f3s\u00e1ga<\/br><\/p>\n","protected":false},"excerpt":{"rendered":"<p>B\u00e1nfalva, 1900. \u2020\u00a0? : tisztvisel\u0151. \u2013 Mag\u00e1ntisztvisel\u0151 Mv.-en. R\u00e9szt vett az els\u0151 vh.-ban (1918\u2013) a 22. gy. e. -hez vonult be, a tiszti iskol\u00e1t Kv.-on v\u00e9gezte, ut\u00e1na a p\u00f3tz\u00e1szl\u00f3aljn\u00e1l mint kik\u00e9pz\u0151tiszt teljes\u00edtett szolg\u00e1latot, dec.-ben szerelt le D\u00e9sen. Mv. -r\u0151l deport\u00e1lt\u00e1k feles\u00e9g\u00e9vel (1902\u2013) egy\u00fctt (1944. m\u00e1j. 29.). Irod.: Erd\u00e9lyi ezredek; Mv. zsid\u00f3s\u00e1ga<\/p>\n","protected":false},"featured_media":0,"comment_status":"open","ping_status":"closed","template":"","meta":[],"product_brand":[],"product_cat":[137],"product_tag":[],"class_list":{"0":"post-9216","1":"product","2":"type-product","3":"status-publish","5":"product_cat-maros-megyei-eletrajzi-lexikon","7":"first","8":"instock","9":"shipping-taxable","10":"product-type-simple"},"_links":{"self":[{"href":"https:\/\/uj.adatbank.ro\/lexikon\/wp-json\/wp\/v2\/product\/9216","targetHints":{"allow":["GET"]}}],"collection":[{"href":"https:\/\/uj.adatbank.ro\/lexikon\/wp-json\/wp\/v2\/product"}],"about":[{"href":"https:\/\/uj.adatbank.ro\/lexikon\/wp-json\/wp\/v2\/types\/product"}],"replies":[{"embeddable":true,"href":"https:\/\/uj.adatbank.ro\/lexikon\/wp-json\/wp\/v2\/comments?post=9216"}],"wp:attachment":[{"href":"https:\/\/uj.adatbank.ro\/lexikon\/wp-json\/wp\/v2\/media?parent=9216"}],"wp:term":[{"taxonomy":"product_brand","embeddable":true,"href":"https:\/\/uj.adatbank.ro\/lexikon\/wp-json\/wp\/v2\/product_brand?post=9216"},{"taxonomy":"product_cat","embeddable":true,"href":"https:\/\/uj.adatbank.ro\/lexikon\/wp-json\/wp\/v2\/product_cat?post=9216"},{"taxonomy":"product_tag","embeddable":true,"href":"https:\/\/uj.adatbank.ro\/lexikon\/wp-json\/wp\/v2\/product_tag?post=9216"}],"curies":[{"name":"wp","href":"https:\/\/api.w.org\/{rel}","templated":true}]}}