{"id":9217,"date":"2025-06-29T10:53:10","date_gmt":"2025-06-29T08:53:10","guid":{"rendered":"https:\/\/uj.adatbank.ro\/lexikon\/termek\/gutu-alexandru-%c2%a7\/"},"modified":"2025-06-29T10:53:10","modified_gmt":"2025-06-29T08:53:10","slug":"gutu-alexandru-%c2%a7","status":"publish","type":"product","link":"https:\/\/uj.adatbank.ro\/lexikon\/termek\/gutu-alexandru-%c2%a7\/","title":{"rendered":"GU\u0162U Alexandru, \u00a7"},"content":{"rendered":"<p>Recea, 1914. szept. 27., \u2020 Marosludas, 1992.: tan\u00edt\u00f3. \u2013 Chi\u015fin\u0103uban v\u00e9gezte a tan\u00edt\u00f3k\u00e9pz\u0151t (1937). Moldva K\u00f6zt.-ban B\u0103l\u0163i-, Criste\u015fti \u2013 \u00e9s Receaban tan\u00edtott (1937\u201340). Katonas\u00e1got v\u00e9gzett (1942\u201345). Hadnagyk\u00e9nt r\u00e9szt vett a II. vh.-ban. Coroana Rom\u00e2niei, cl. a V-a kit\u00fcntet\u00e9st nyerte el (1943), majd a Steaua R. P. Rom\u00e2ne, cl a IV-a \u00e9s a Coroana Rom\u00e2niei cl. a IV-a kit\u00fcntet\u00e9sekkel jutalmazt\u00e1k vit\u00e9zs\u00e9g\u00e9t (1945). A h\u00e1bor\u00fa ut\u00e1n Maros megy\u00e9ben telepedett le. Tan\u00edt\u00f3 Ag\u00e1rdon \u00e9s Kebeleszentiv\u00e1nyban (1945\u201350). Marosszentgy\u00f6rgyre helyezt\u00e9k, ahol a rom\u00e1n szekci\u00f3n iskola igazgat\u00f3 lett, vezette a gyermek \u2013 \u00e9s \u00edfj\u00fas\u00e1gi k\u00f3rust (1950\u201352). Kebeleszentiv\u00e1nyon tan\u00edtott nyugd\u00edjaz\u00e1s\u00e1ig (1950\u201376). Nyugd\u00edjask\u00e9nt Ludason \u00e9lt. <br \/><strong>Irod.:<\/strong> Opri\u015f-Moldovan; S\u00e2ngeorgiu de Mure\u015f; S\u00e2ngeorgiu de Mure\u015f \u2013 \u015ecoala<\/br><\/p>\n","protected":false},"excerpt":{"rendered":"<p>Recea, 1914. szept. 27., \u2020 Marosludas, 1992.: tan\u00edt\u00f3. \u2013 Chi\u015fin\u0103uban v\u00e9gezte a tan\u00edt\u00f3k\u00e9pz\u0151t (1937). Moldva K\u00f6zt.-ban B\u0103l\u0163i-, Criste\u015fti \u2013 \u00e9s Receaban tan\u00edtott (1937\u201340). Katonas\u00e1got v\u00e9gzett (1942\u201345). Hadnagyk\u00e9nt r\u00e9szt vett a II. vh.-ban. Coroana Rom\u00e2niei, cl. a V-a kit\u00fcntet\u00e9st nyerte el (1943), majd a Steaua R. P. Rom\u00e2ne, cl a IV-a \u00e9s a Coroana Rom\u00e2niei cl. [&hellip;]<\/p>\n","protected":false},"featured_media":0,"comment_status":"open","ping_status":"closed","template":"","meta":[],"product_brand":[],"product_cat":[137],"product_tag":[],"class_list":{"0":"post-9217","1":"product","2":"type-product","3":"status-publish","5":"product_cat-maros-megyei-eletrajzi-lexikon","7":"first","8":"instock","9":"shipping-taxable","10":"product-type-simple"},"_links":{"self":[{"href":"https:\/\/uj.adatbank.ro\/lexikon\/wp-json\/wp\/v2\/product\/9217","targetHints":{"allow":["GET"]}}],"collection":[{"href":"https:\/\/uj.adatbank.ro\/lexikon\/wp-json\/wp\/v2\/product"}],"about":[{"href":"https:\/\/uj.adatbank.ro\/lexikon\/wp-json\/wp\/v2\/types\/product"}],"replies":[{"embeddable":true,"href":"https:\/\/uj.adatbank.ro\/lexikon\/wp-json\/wp\/v2\/comments?post=9217"}],"wp:attachment":[{"href":"https:\/\/uj.adatbank.ro\/lexikon\/wp-json\/wp\/v2\/media?parent=9217"}],"wp:term":[{"taxonomy":"product_brand","embeddable":true,"href":"https:\/\/uj.adatbank.ro\/lexikon\/wp-json\/wp\/v2\/product_brand?post=9217"},{"taxonomy":"product_cat","embeddable":true,"href":"https:\/\/uj.adatbank.ro\/lexikon\/wp-json\/wp\/v2\/product_cat?post=9217"},{"taxonomy":"product_tag","embeddable":true,"href":"https:\/\/uj.adatbank.ro\/lexikon\/wp-json\/wp\/v2\/product_tag?post=9217"}],"curies":[{"name":"wp","href":"https:\/\/api.w.org\/{rel}","templated":true}]}}