{"id":9219,"date":"2025-06-29T10:53:12","date_gmt":"2025-06-29T08:53:12","guid":{"rendered":"https:\/\/uj.adatbank.ro\/lexikon\/termek\/gvido-bela-alsocsernatoni\/"},"modified":"2025-06-29T10:53:12","modified_gmt":"2025-06-29T08:53:12","slug":"gvido-bela-alsocsernatoni","status":"publish","type":"product","link":"https:\/\/uj.adatbank.ro\/lexikon\/termek\/gvido-bela-alsocsernatoni\/","title":{"rendered":"GVID\u00d3 B\u00e9la, als\u00f3csern\u00e1toni"},"content":{"rendered":"<p>? \u2020 ? : unit. lelk\u00e9sz. \u2013 A sz\u0151kefalvi unit. papilak\u00e1st \u00e9p\u00edtette (1872). Seg\u00e9dlelk\u00e9sz volt Dics\u0151szentm\u00e1rtonban (1887\u201388), a magyarszentbenedeki unit. k\u00f6z\u00f6ss\u00e9g lelkip\u00e1sztora (1888\u201391), Sz\u0151kefalv\u00e1n (1891\u201394), majd ism\u00e9t Dics\u0151szentm\u00e1rtonban lelk\u00e9sz, \u00e9s kisk\u00fck\u00fcll\u0151k\u00f6ri esperes (1894\u20131938), akit a k\u00fck\u00fcll\u0151domb\u00f3i templom torny\u00e1nak gombirat\u00e1ban is eml\u00edtettek (1936). A helyi bank igazgat\u00f3i tiszts\u00e9g\u00e9t t\u00f6lt\u00f6tt be, a helyi nyomdaiparban is akt\u00edv tev\u00e9kenys\u00e9get fejtett ki. Hossz\u00fa id\u0151n \u00e1t mint egyh\u00e1zi k\u00f6z\u00fcgyigazgat\u00f3 m\u0171k\u00f6d\u00f6tt. \u00cdr\u00e1sai: Egyh\u00e1zt\u00e1rsadalom c. lapban, melynek szerk.-je (1912\u201317), a Kis-K\u00fck\u00fcll\u0151 hetilapban, melyeknek felel\u0151s szerk.-je is (1894. aug. \u2013 1897), az Unit\u00e1rius Sz\u00f3sz\u00e9k \u2013 ben. \u2013 <strong>F. m.:<\/strong> Erzs\u00e9bet. kir\u00e1lyasszonyunk. elhunyta alkalm\u00e1val tartott ima \u00e9s besz\u00e9d (Dics\u0151szentm\u00e1rton, 1898), <strong>antol\u00f3g.:<\/strong> A mo.-i unit. egyh\u00e1z 1907 aug. 14\u201317. napjain Marosi Egyh\u00e1zk\u00f6rben Cs\u00f3kfalv\u00e1n tartott Zsinati F\u0151tan\u00e1csa alkalm\u00e1b\u00f3l mondott im\u00e1k \u00e9s besz\u00e9dek (Mv., 1907); Esperesi jelent\u00e9sek a mo.-i unit. egyh\u00e1z egyh\u00e1zk\u00f6reinek az 1906-07 \u00e9veket illet\u0151 egyh\u00e1zi \u00e9let\u00e9r\u0151l (Sz\u00e9kelykereszt\u00far, 1907). <br \/><strong>Irod.:<\/strong> B\u00e1lint Tibor: 100 \u00e9ve jelent meg az els\u0151 \u00fajs\u00e1g Dics\u0151szentm\u00e1rtonban (N\u00fa., 1991. m\u00e1rc. 23.); Dics\u0151szentm\u00e1rton; Guly\u00e1s; Kelemen Imre; Keszeg; Nagy L\u00e1szl\u00f3; Popt\u0103ma\u015f\u2013M\u00f3zes<\/br><\/p>\n","protected":false},"excerpt":{"rendered":"<p>? \u2020 ? : unit. lelk\u00e9sz. \u2013 A sz\u0151kefalvi unit. papilak\u00e1st \u00e9p\u00edtette (1872). Seg\u00e9dlelk\u00e9sz volt Dics\u0151szentm\u00e1rtonban (1887\u201388), a magyarszentbenedeki unit. k\u00f6z\u00f6ss\u00e9g lelkip\u00e1sztora (1888\u201391), Sz\u0151kefalv\u00e1n (1891\u201394), majd ism\u00e9t Dics\u0151szentm\u00e1rtonban lelk\u00e9sz, \u00e9s kisk\u00fck\u00fcll\u0151k\u00f6ri esperes (1894\u20131938), akit a k\u00fck\u00fcll\u0151domb\u00f3i templom torny\u00e1nak gombirat\u00e1ban is eml\u00edtettek (1936). A helyi bank igazgat\u00f3i tiszts\u00e9g\u00e9t t\u00f6lt\u00f6tt be, a helyi nyomdaiparban is akt\u00edv tev\u00e9kenys\u00e9get [&hellip;]<\/p>\n","protected":false},"featured_media":0,"comment_status":"open","ping_status":"closed","template":"","meta":[],"product_brand":[],"product_cat":[137],"product_tag":[],"class_list":{"0":"post-9219","1":"product","2":"type-product","3":"status-publish","5":"product_cat-maros-megyei-eletrajzi-lexikon","7":"first","8":"instock","9":"shipping-taxable","10":"product-type-simple"},"_links":{"self":[{"href":"https:\/\/uj.adatbank.ro\/lexikon\/wp-json\/wp\/v2\/product\/9219","targetHints":{"allow":["GET"]}}],"collection":[{"href":"https:\/\/uj.adatbank.ro\/lexikon\/wp-json\/wp\/v2\/product"}],"about":[{"href":"https:\/\/uj.adatbank.ro\/lexikon\/wp-json\/wp\/v2\/types\/product"}],"replies":[{"embeddable":true,"href":"https:\/\/uj.adatbank.ro\/lexikon\/wp-json\/wp\/v2\/comments?post=9219"}],"wp:attachment":[{"href":"https:\/\/uj.adatbank.ro\/lexikon\/wp-json\/wp\/v2\/media?parent=9219"}],"wp:term":[{"taxonomy":"product_brand","embeddable":true,"href":"https:\/\/uj.adatbank.ro\/lexikon\/wp-json\/wp\/v2\/product_brand?post=9219"},{"taxonomy":"product_cat","embeddable":true,"href":"https:\/\/uj.adatbank.ro\/lexikon\/wp-json\/wp\/v2\/product_cat?post=9219"},{"taxonomy":"product_tag","embeddable":true,"href":"https:\/\/uj.adatbank.ro\/lexikon\/wp-json\/wp\/v2\/product_tag?post=9219"}],"curies":[{"name":"wp","href":"https:\/\/api.w.org\/{rel}","templated":true}]}}