{"id":9226,"date":"2025-06-29T10:53:26","date_gmt":"2025-06-29T08:53:26","guid":{"rendered":"https:\/\/uj.adatbank.ro\/lexikon\/termek\/gyalakuti-mihaly-szentannai\/"},"modified":"2025-06-29T10:53:26","modified_gmt":"2025-06-29T08:53:26","slug":"gyalakuti-mihaly-szentannai","status":"publish","type":"product","link":"https:\/\/uj.adatbank.ro\/lexikon\/termek\/gyalakuti-mihaly-szentannai\/","title":{"rendered":"GYALAKUTI Mih\u00e1ly, szentannai"},"content":{"rendered":"<p>? \u2020 ? : kir\u00e1lyb\u00edr\u00f3. \u2013 Marossz\u00e9k f\u0151kir\u00e1lyb\u00edr\u00f3ja (1502, 1507, 1511 k.). Vezet\u00e9se alatt a sz\u00e9ki k\u00f6zgy\u0171l\u00e9s elhat\u00e1rozta a Szentl\u00e9lek ispot\u00e1ly t\u00e1mogat\u00e1s\u00e1t. <br \/><strong>Irod.:<\/strong> Aranka; Spielmann: A hazai orvostud.<\/br><\/p>\n","protected":false},"excerpt":{"rendered":"<p>? \u2020 ? : kir\u00e1lyb\u00edr\u00f3. \u2013 Marossz\u00e9k f\u0151kir\u00e1lyb\u00edr\u00f3ja (1502, 1507, 1511 k.). Vezet\u00e9se alatt a sz\u00e9ki k\u00f6zgy\u0171l\u00e9s elhat\u00e1rozta a Szentl\u00e9lek ispot\u00e1ly t\u00e1mogat\u00e1s\u00e1t. Irod.: Aranka; Spielmann: A hazai orvostud.<\/p>\n","protected":false},"featured_media":0,"comment_status":"open","ping_status":"closed","template":"","meta":[],"product_brand":[],"product_cat":[137],"product_tag":[],"class_list":{"0":"post-9226","1":"product","2":"type-product","3":"status-publish","5":"product_cat-maros-megyei-eletrajzi-lexikon","7":"first","8":"instock","9":"shipping-taxable","10":"product-type-simple"},"_links":{"self":[{"href":"https:\/\/uj.adatbank.ro\/lexikon\/wp-json\/wp\/v2\/product\/9226","targetHints":{"allow":["GET"]}}],"collection":[{"href":"https:\/\/uj.adatbank.ro\/lexikon\/wp-json\/wp\/v2\/product"}],"about":[{"href":"https:\/\/uj.adatbank.ro\/lexikon\/wp-json\/wp\/v2\/types\/product"}],"replies":[{"embeddable":true,"href":"https:\/\/uj.adatbank.ro\/lexikon\/wp-json\/wp\/v2\/comments?post=9226"}],"wp:attachment":[{"href":"https:\/\/uj.adatbank.ro\/lexikon\/wp-json\/wp\/v2\/media?parent=9226"}],"wp:term":[{"taxonomy":"product_brand","embeddable":true,"href":"https:\/\/uj.adatbank.ro\/lexikon\/wp-json\/wp\/v2\/product_brand?post=9226"},{"taxonomy":"product_cat","embeddable":true,"href":"https:\/\/uj.adatbank.ro\/lexikon\/wp-json\/wp\/v2\/product_cat?post=9226"},{"taxonomy":"product_tag","embeddable":true,"href":"https:\/\/uj.adatbank.ro\/lexikon\/wp-json\/wp\/v2\/product_tag?post=9226"}],"curies":[{"name":"wp","href":"https:\/\/api.w.org\/{rel}","templated":true}]}}