{"id":9227,"date":"2025-06-29T10:53:28","date_gmt":"2025-06-29T08:53:28","guid":{"rendered":"https:\/\/uj.adatbank.ro\/lexikon\/termek\/gyalakuti-peter\/"},"modified":"2025-06-29T10:53:28","modified_gmt":"2025-06-29T08:53:28","slug":"gyalakuti-peter","status":"publish","type":"product","link":"https:\/\/uj.adatbank.ro\/lexikon\/termek\/gyalakuti-peter\/","title":{"rendered":"GYALAKUTI P\u00e9ter"},"content":{"rendered":"<p>? \u2020\u00a0? : f\u0151b\u00edr\u00f3. \u2013 Gy. Mikl\u00f3s fia. \u2013 Marossz\u00e9k kir\u00e1lyb\u00edr\u00f3ja (1451). <br \/><strong>Irod.:<\/strong> P\u00e1lmay; SzOkl, 1.<\/br><\/p>\n","protected":false},"excerpt":{"rendered":"<p>? \u2020\u00a0? : f\u0151b\u00edr\u00f3. \u2013 Gy. Mikl\u00f3s fia. \u2013 Marossz\u00e9k kir\u00e1lyb\u00edr\u00f3ja (1451). Irod.: P\u00e1lmay; SzOkl, 1.<\/p>\n","protected":false},"featured_media":0,"comment_status":"open","ping_status":"closed","template":"","meta":[],"product_brand":[],"product_cat":[137],"product_tag":[],"class_list":{"0":"post-9227","1":"product","2":"type-product","3":"status-publish","5":"product_cat-maros-megyei-eletrajzi-lexikon","7":"first","8":"instock","9":"shipping-taxable","10":"product-type-simple"},"_links":{"self":[{"href":"https:\/\/uj.adatbank.ro\/lexikon\/wp-json\/wp\/v2\/product\/9227","targetHints":{"allow":["GET"]}}],"collection":[{"href":"https:\/\/uj.adatbank.ro\/lexikon\/wp-json\/wp\/v2\/product"}],"about":[{"href":"https:\/\/uj.adatbank.ro\/lexikon\/wp-json\/wp\/v2\/types\/product"}],"replies":[{"embeddable":true,"href":"https:\/\/uj.adatbank.ro\/lexikon\/wp-json\/wp\/v2\/comments?post=9227"}],"wp:attachment":[{"href":"https:\/\/uj.adatbank.ro\/lexikon\/wp-json\/wp\/v2\/media?parent=9227"}],"wp:term":[{"taxonomy":"product_brand","embeddable":true,"href":"https:\/\/uj.adatbank.ro\/lexikon\/wp-json\/wp\/v2\/product_brand?post=9227"},{"taxonomy":"product_cat","embeddable":true,"href":"https:\/\/uj.adatbank.ro\/lexikon\/wp-json\/wp\/v2\/product_cat?post=9227"},{"taxonomy":"product_tag","embeddable":true,"href":"https:\/\/uj.adatbank.ro\/lexikon\/wp-json\/wp\/v2\/product_tag?post=9227"}],"curies":[{"name":"wp","href":"https:\/\/api.w.org\/{rel}","templated":true}]}}