{"id":9228,"date":"2025-06-29T10:53:30","date_gmt":"2025-06-29T08:53:30","guid":{"rendered":"https:\/\/uj.adatbank.ro\/lexikon\/termek\/gyalakuti-samuel\/"},"modified":"2025-06-29T10:53:30","modified_gmt":"2025-06-29T08:53:30","slug":"gyalakuti-samuel","status":"publish","type":"product","link":"https:\/\/uj.adatbank.ro\/lexikon\/termek\/gyalakuti-samuel\/","title":{"rendered":"GYALAKUTI S\u00e1muel"},"content":{"rendered":"<p>? \u2020\u00a0? : tan\u00edt\u00f3. \u2013 Feles\u00e9ge : Szab\u00f3 Drusi\u00e1nna. \u2013 Mv.-en subscrib\u00e1lt (1719). Magyarkir\u00e1lyfalv\u00e1n (1726\u201328) \u00e9s D\u00e9sfalv\u00e1n mester (1737\u201348), l\u00e9vita (1749\u201354). <br \/><strong>Irod.:<\/strong> K\u00fck\u00fcll\u0151i Ref. Egyh\u00e1zm. 2., 3.<\/br><\/p>\n","protected":false},"excerpt":{"rendered":"<p>? \u2020\u00a0? : tan\u00edt\u00f3. \u2013 Feles\u00e9ge : Szab\u00f3 Drusi\u00e1nna. \u2013 Mv.-en subscrib\u00e1lt (1719). Magyarkir\u00e1lyfalv\u00e1n (1726\u201328) \u00e9s D\u00e9sfalv\u00e1n mester (1737\u201348), l\u00e9vita (1749\u201354). Irod.: K\u00fck\u00fcll\u0151i Ref. Egyh\u00e1zm. 2., 3.<\/p>\n","protected":false},"featured_media":0,"comment_status":"open","ping_status":"closed","template":"","meta":[],"product_brand":[],"product_cat":[137],"product_tag":[],"class_list":{"0":"post-9228","1":"product","2":"type-product","3":"status-publish","5":"product_cat-maros-megyei-eletrajzi-lexikon","7":"first","8":"instock","9":"shipping-taxable","10":"product-type-simple"},"_links":{"self":[{"href":"https:\/\/uj.adatbank.ro\/lexikon\/wp-json\/wp\/v2\/product\/9228","targetHints":{"allow":["GET"]}}],"collection":[{"href":"https:\/\/uj.adatbank.ro\/lexikon\/wp-json\/wp\/v2\/product"}],"about":[{"href":"https:\/\/uj.adatbank.ro\/lexikon\/wp-json\/wp\/v2\/types\/product"}],"replies":[{"embeddable":true,"href":"https:\/\/uj.adatbank.ro\/lexikon\/wp-json\/wp\/v2\/comments?post=9228"}],"wp:attachment":[{"href":"https:\/\/uj.adatbank.ro\/lexikon\/wp-json\/wp\/v2\/media?parent=9228"}],"wp:term":[{"taxonomy":"product_brand","embeddable":true,"href":"https:\/\/uj.adatbank.ro\/lexikon\/wp-json\/wp\/v2\/product_brand?post=9228"},{"taxonomy":"product_cat","embeddable":true,"href":"https:\/\/uj.adatbank.ro\/lexikon\/wp-json\/wp\/v2\/product_cat?post=9228"},{"taxonomy":"product_tag","embeddable":true,"href":"https:\/\/uj.adatbank.ro\/lexikon\/wp-json\/wp\/v2\/product_tag?post=9228"}],"curies":[{"name":"wp","href":"https:\/\/api.w.org\/{rel}","templated":true}]}}