{"id":9234,"date":"2025-06-29T10:53:45","date_gmt":"2025-06-29T08:53:45","guid":{"rendered":"https:\/\/uj.adatbank.ro\/lexikon\/termek\/gyarfas-anna-leczfalvi-br-banffy-danielne\/"},"modified":"2025-06-29T10:53:45","modified_gmt":"2025-06-29T08:53:45","slug":"gyarfas-anna-leczfalvi-br-banffy-danielne","status":"publish","type":"product","link":"https:\/\/uj.adatbank.ro\/lexikon\/termek\/gyarfas-anna-leczfalvi-br-banffy-danielne\/","title":{"rendered":"GY\u00c1RF\u00c1S Anna, l\u00e9czfalvi, br. B\u00e1nffy D\u00e1nieln\u00e9"},"content":{"rendered":"<p>1821. m\u00e1rc. 6. \u2020 1902. m\u00e1j. 31.: Gy. J\u00f3zsef \u00e9s br. Zeyk Kata le\u00e1nya. B\u00e1nffy D\u00e1niel feles\u00e9ge, B\u00e1nffy Dezs\u0151 minisztereln\u00f6k anyja. Gy\u00e1rf\u00e1s Domokos testv\u00e9re. Halotti c\u00edmere a kv.-i Farkas utcai templomban. <br \/><strong>Irod.:<\/strong> Entz\u2013Kov\u00e1cs<\/br><\/p>\n","protected":false},"excerpt":{"rendered":"<p>1821. m\u00e1rc. 6. \u2020 1902. m\u00e1j. 31.: Gy. J\u00f3zsef \u00e9s br. Zeyk Kata le\u00e1nya. B\u00e1nffy D\u00e1niel feles\u00e9ge, B\u00e1nffy Dezs\u0151 minisztereln\u00f6k anyja. Gy\u00e1rf\u00e1s Domokos testv\u00e9re. Halotti c\u00edmere a kv.-i Farkas utcai templomban. Irod.: Entz\u2013Kov\u00e1cs<\/p>\n","protected":false},"featured_media":0,"comment_status":"open","ping_status":"closed","template":"","meta":[],"product_brand":[],"product_cat":[137],"product_tag":[],"class_list":{"0":"post-9234","1":"product","2":"type-product","3":"status-publish","5":"product_cat-maros-megyei-eletrajzi-lexikon","7":"first","8":"instock","9":"shipping-taxable","10":"product-type-simple"},"_links":{"self":[{"href":"https:\/\/uj.adatbank.ro\/lexikon\/wp-json\/wp\/v2\/product\/9234","targetHints":{"allow":["GET"]}}],"collection":[{"href":"https:\/\/uj.adatbank.ro\/lexikon\/wp-json\/wp\/v2\/product"}],"about":[{"href":"https:\/\/uj.adatbank.ro\/lexikon\/wp-json\/wp\/v2\/types\/product"}],"replies":[{"embeddable":true,"href":"https:\/\/uj.adatbank.ro\/lexikon\/wp-json\/wp\/v2\/comments?post=9234"}],"wp:attachment":[{"href":"https:\/\/uj.adatbank.ro\/lexikon\/wp-json\/wp\/v2\/media?parent=9234"}],"wp:term":[{"taxonomy":"product_brand","embeddable":true,"href":"https:\/\/uj.adatbank.ro\/lexikon\/wp-json\/wp\/v2\/product_brand?post=9234"},{"taxonomy":"product_cat","embeddable":true,"href":"https:\/\/uj.adatbank.ro\/lexikon\/wp-json\/wp\/v2\/product_cat?post=9234"},{"taxonomy":"product_tag","embeddable":true,"href":"https:\/\/uj.adatbank.ro\/lexikon\/wp-json\/wp\/v2\/product_tag?post=9234"}],"curies":[{"name":"wp","href":"https:\/\/api.w.org\/{rel}","templated":true}]}}