{"id":9235,"date":"2025-06-29T10:53:47","date_gmt":"2025-06-29T08:53:47","guid":{"rendered":"https:\/\/uj.adatbank.ro\/lexikon\/termek\/gyarfas-balint-leczfalvi\/"},"modified":"2025-06-29T10:53:47","modified_gmt":"2025-06-29T08:53:47","slug":"gyarfas-balint-leczfalvi","status":"publish","type":"product","link":"https:\/\/uj.adatbank.ro\/lexikon\/termek\/gyarfas-balint-leczfalvi\/","title":{"rendered":"GY\u00c1RF\u00c1S B\u00e1lint, l\u00e9czfalvi"},"content":{"rendered":"<p>Mv., 1892. j\u00fal. 9., \u2020 1966.: jog\u00e1sz. \u2013 A jogtud. Doktora, m. kir. bel\u00fcgyminiszt\u00e9riumi min. tan\u00e1csos. Tiszteleti Johannita lovag. <br \/><strong>Irod.:<\/strong> M. Johannita csal\u00e1dt\u00f6rt.<\/br><\/p>\n","protected":false},"excerpt":{"rendered":"<p>Mv., 1892. j\u00fal. 9., \u2020 1966.: jog\u00e1sz. \u2013 A jogtud. Doktora, m. kir. bel\u00fcgyminiszt\u00e9riumi min. tan\u00e1csos. Tiszteleti Johannita lovag. Irod.: M. Johannita csal\u00e1dt\u00f6rt.<\/p>\n","protected":false},"featured_media":0,"comment_status":"open","ping_status":"closed","template":"","meta":[],"product_brand":[],"product_cat":[137],"product_tag":[],"class_list":{"0":"post-9235","1":"product","2":"type-product","3":"status-publish","5":"product_cat-maros-megyei-eletrajzi-lexikon","7":"first","8":"instock","9":"shipping-taxable","10":"product-type-simple"},"_links":{"self":[{"href":"https:\/\/uj.adatbank.ro\/lexikon\/wp-json\/wp\/v2\/product\/9235","targetHints":{"allow":["GET"]}}],"collection":[{"href":"https:\/\/uj.adatbank.ro\/lexikon\/wp-json\/wp\/v2\/product"}],"about":[{"href":"https:\/\/uj.adatbank.ro\/lexikon\/wp-json\/wp\/v2\/types\/product"}],"replies":[{"embeddable":true,"href":"https:\/\/uj.adatbank.ro\/lexikon\/wp-json\/wp\/v2\/comments?post=9235"}],"wp:attachment":[{"href":"https:\/\/uj.adatbank.ro\/lexikon\/wp-json\/wp\/v2\/media?parent=9235"}],"wp:term":[{"taxonomy":"product_brand","embeddable":true,"href":"https:\/\/uj.adatbank.ro\/lexikon\/wp-json\/wp\/v2\/product_brand?post=9235"},{"taxonomy":"product_cat","embeddable":true,"href":"https:\/\/uj.adatbank.ro\/lexikon\/wp-json\/wp\/v2\/product_cat?post=9235"},{"taxonomy":"product_tag","embeddable":true,"href":"https:\/\/uj.adatbank.ro\/lexikon\/wp-json\/wp\/v2\/product_tag?post=9235"}],"curies":[{"name":"wp","href":"https:\/\/api.w.org\/{rel}","templated":true}]}}