{"id":9236,"date":"2025-06-29T10:53:50","date_gmt":"2025-06-29T08:53:50","guid":{"rendered":"https:\/\/uj.adatbank.ro\/lexikon\/termek\/gyarfas-domokos\/"},"modified":"2025-06-29T10:53:50","modified_gmt":"2025-06-29T08:53:50","slug":"gyarfas-domokos","status":"publish","type":"product","link":"https:\/\/uj.adatbank.ro\/lexikon\/termek\/gyarfas-domokos\/","title":{"rendered":"GY\u00c1RF\u00c1S Domokos"},"content":{"rendered":"<p>Borz\u00e1s, 1884., \u2020\u00a0? : jogt\u00f6rt\u00e9n\u00e9sz, f\u0151isp\u00e1n. \u2013 Jogi tanulm\u00e1nyokat v\u00e9gzett, majd egy \u00e9vet P\u00e1rizsban t\u00f6lt\u00f6tt. \u00dcgyv\u00e9di oklevelet szerzett (1909). K\u00fck\u00fcll\u0151 vm. f\u0151isp\u00e1nja volt. <strong>F. m.:<\/strong> Erd\u00e9lyi probl\u00e9m\u00e1k (1923); L\u2019\u00c9glise Catholiqe en Transylvanie (1923); Az erd\u00e9lyi rom\u00e1nok uni\u00f3ja (1925); Az erd\u00e9lyi katolikus st\u00e1tus mint \u00e1llamjogi megold\u00e1s (1925); Az erd\u00e9lyi sz\u00e1szok \u00e9s a katolicizmus (1925). <br \/><strong>Irod.:<\/strong> RNL<\/br><\/p>\n","protected":false},"excerpt":{"rendered":"<p>Borz\u00e1s, 1884., \u2020\u00a0? : jogt\u00f6rt\u00e9n\u00e9sz, f\u0151isp\u00e1n. \u2013 Jogi tanulm\u00e1nyokat v\u00e9gzett, majd egy \u00e9vet P\u00e1rizsban t\u00f6lt\u00f6tt. \u00dcgyv\u00e9di oklevelet szerzett (1909). K\u00fck\u00fcll\u0151 vm. f\u0151isp\u00e1nja volt. F. m.: Erd\u00e9lyi probl\u00e9m\u00e1k (1923); L\u2019\u00c9glise Catholiqe en Transylvanie (1923); Az erd\u00e9lyi rom\u00e1nok uni\u00f3ja (1925); Az erd\u00e9lyi katolikus st\u00e1tus mint \u00e1llamjogi megold\u00e1s (1925); Az erd\u00e9lyi sz\u00e1szok \u00e9s a katolicizmus (1925). Irod.: RNL<\/p>\n","protected":false},"featured_media":0,"comment_status":"open","ping_status":"closed","template":"","meta":[],"product_brand":[],"product_cat":[137],"product_tag":[],"class_list":{"0":"post-9236","1":"product","2":"type-product","3":"status-publish","5":"product_cat-maros-megyei-eletrajzi-lexikon","7":"first","8":"instock","9":"shipping-taxable","10":"product-type-simple"},"_links":{"self":[{"href":"https:\/\/uj.adatbank.ro\/lexikon\/wp-json\/wp\/v2\/product\/9236","targetHints":{"allow":["GET"]}}],"collection":[{"href":"https:\/\/uj.adatbank.ro\/lexikon\/wp-json\/wp\/v2\/product"}],"about":[{"href":"https:\/\/uj.adatbank.ro\/lexikon\/wp-json\/wp\/v2\/types\/product"}],"replies":[{"embeddable":true,"href":"https:\/\/uj.adatbank.ro\/lexikon\/wp-json\/wp\/v2\/comments?post=9236"}],"wp:attachment":[{"href":"https:\/\/uj.adatbank.ro\/lexikon\/wp-json\/wp\/v2\/media?parent=9236"}],"wp:term":[{"taxonomy":"product_brand","embeddable":true,"href":"https:\/\/uj.adatbank.ro\/lexikon\/wp-json\/wp\/v2\/product_brand?post=9236"},{"taxonomy":"product_cat","embeddable":true,"href":"https:\/\/uj.adatbank.ro\/lexikon\/wp-json\/wp\/v2\/product_cat?post=9236"},{"taxonomy":"product_tag","embeddable":true,"href":"https:\/\/uj.adatbank.ro\/lexikon\/wp-json\/wp\/v2\/product_tag?post=9236"}],"curies":[{"name":"wp","href":"https:\/\/api.w.org\/{rel}","templated":true}]}}