{"id":9244,"date":"2025-06-29T10:54:04","date_gmt":"2025-06-29T08:54:04","guid":{"rendered":"https:\/\/uj.adatbank.ro\/lexikon\/termek\/gyarfas-karoly\/"},"modified":"2025-06-29T10:54:04","modified_gmt":"2025-06-29T08:54:04","slug":"gyarfas-karoly","status":"publish","type":"product","link":"https:\/\/uj.adatbank.ro\/lexikon\/termek\/gyarfas-karoly\/","title":{"rendered":"GY\u00c1RF\u00c1S K\u00e1roly"},"content":{"rendered":"<p>? \u2020\u00a0? : f\u00f6ldbirtokos. \u2013 Dics\u0151szentm\u00e1rton-ban, ill. Borz\u00e1sban voltak nagybirtokai. Bp.-en siker\u00fclt kiharcolnia, hogy Kisk\u00fck\u00fcll\u0151 vm. sz\u00e9khelye Dics\u0151szentm\u00e1rton \u00e9s ne Erzs\u00e9betv\u00e1ros legyen (1879\u2013). Ez az esem\u00e9ny jelent\u0151s szerepet j\u00e1tszott a nagyk\u00f6zs\u00e9g v\u00e1ross\u00e1 v\u00e1l\u00e1s\u00e1ban \u00e9s gazdas\u00e1gi, t\u00e1rsadalmi fejl\u0151d\u00e9s\u00e9ben. <br \/><strong>Irod.:<\/strong> Dics\u0151szentm\u00e1rton r\u00e9gi arca<\/br><\/p>\n","protected":false},"excerpt":{"rendered":"<p>? \u2020\u00a0? : f\u00f6ldbirtokos. \u2013 Dics\u0151szentm\u00e1rton-ban, ill. Borz\u00e1sban voltak nagybirtokai. Bp.-en siker\u00fclt kiharcolnia, hogy Kisk\u00fck\u00fcll\u0151 vm. sz\u00e9khelye Dics\u0151szentm\u00e1rton \u00e9s ne Erzs\u00e9betv\u00e1ros legyen (1879\u2013). Ez az esem\u00e9ny jelent\u0151s szerepet j\u00e1tszott a nagyk\u00f6zs\u00e9g v\u00e1ross\u00e1 v\u00e1l\u00e1s\u00e1ban \u00e9s gazdas\u00e1gi, t\u00e1rsadalmi fejl\u0151d\u00e9s\u00e9ben. Irod.: Dics\u0151szentm\u00e1rton r\u00e9gi arca<\/p>\n","protected":false},"featured_media":0,"comment_status":"open","ping_status":"closed","template":"","meta":[],"product_brand":[],"product_cat":[137],"product_tag":[],"class_list":{"0":"post-9244","1":"product","2":"type-product","3":"status-publish","5":"product_cat-maros-megyei-eletrajzi-lexikon","7":"first","8":"instock","9":"shipping-taxable","10":"product-type-simple"},"_links":{"self":[{"href":"https:\/\/uj.adatbank.ro\/lexikon\/wp-json\/wp\/v2\/product\/9244","targetHints":{"allow":["GET"]}}],"collection":[{"href":"https:\/\/uj.adatbank.ro\/lexikon\/wp-json\/wp\/v2\/product"}],"about":[{"href":"https:\/\/uj.adatbank.ro\/lexikon\/wp-json\/wp\/v2\/types\/product"}],"replies":[{"embeddable":true,"href":"https:\/\/uj.adatbank.ro\/lexikon\/wp-json\/wp\/v2\/comments?post=9244"}],"wp:attachment":[{"href":"https:\/\/uj.adatbank.ro\/lexikon\/wp-json\/wp\/v2\/media?parent=9244"}],"wp:term":[{"taxonomy":"product_brand","embeddable":true,"href":"https:\/\/uj.adatbank.ro\/lexikon\/wp-json\/wp\/v2\/product_brand?post=9244"},{"taxonomy":"product_cat","embeddable":true,"href":"https:\/\/uj.adatbank.ro\/lexikon\/wp-json\/wp\/v2\/product_cat?post=9244"},{"taxonomy":"product_tag","embeddable":true,"href":"https:\/\/uj.adatbank.ro\/lexikon\/wp-json\/wp\/v2\/product_tag?post=9244"}],"curies":[{"name":"wp","href":"https:\/\/api.w.org\/{rel}","templated":true}]}}