{"id":9245,"date":"2025-06-29T10:54:06","date_gmt":"2025-06-29T08:54:06","guid":{"rendered":"https:\/\/uj.adatbank.ro\/lexikon\/termek\/gyarfas-lajos\/"},"modified":"2025-06-29T10:54:06","modified_gmt":"2025-06-29T08:54:06","slug":"gyarfas-lajos","status":"publish","type":"product","link":"https:\/\/uj.adatbank.ro\/lexikon\/termek\/gyarfas-lajos\/","title":{"rendered":"GY\u00c1RF\u00c1S Lajos"},"content":{"rendered":"<p>? \u2020\u00a0? : kir. tan\u00e1csos, f\u00fcldbirtokos. \u2013 F\u00f6ldbirtokos Maroscsap\u00f3n. Az EMKE alap\u00edt\u00f3 \u00e9s \u00f6r\u00f6k\u00f6s tagja volt (1885\u2013). Az igazs\u00e1g\u00fcgyi miniszter kinevezte a t\u00f6rv\u00e9nysz\u00e9k melletti kir.-i \u00fcgy\u00e9ssz\u00e9 (1891. \u00e1pr. 1.). Kir. tan\u00e1csos (1893) <br \/><strong>Irod.:<\/strong> Id\u0151t\u00e1r 5 \/1.; Mo. tiszti c\u00edm \u00e9s n\u00e9vt\u00e1ra; S\u00e1ndor<\/br><\/p>\n","protected":false},"excerpt":{"rendered":"<p>? \u2020\u00a0? : kir. tan\u00e1csos, f\u00fcldbirtokos. \u2013 F\u00f6ldbirtokos Maroscsap\u00f3n. Az EMKE alap\u00edt\u00f3 \u00e9s \u00f6r\u00f6k\u00f6s tagja volt (1885\u2013). Az igazs\u00e1g\u00fcgyi miniszter kinevezte a t\u00f6rv\u00e9nysz\u00e9k melletti kir.-i \u00fcgy\u00e9ssz\u00e9 (1891. \u00e1pr. 1.). Kir. tan\u00e1csos (1893) Irod.: Id\u0151t\u00e1r 5 \/1.; Mo. tiszti c\u00edm \u00e9s n\u00e9vt\u00e1ra; S\u00e1ndor<\/p>\n","protected":false},"featured_media":0,"comment_status":"open","ping_status":"closed","template":"","meta":[],"product_brand":[],"product_cat":[137],"product_tag":[],"class_list":{"0":"post-9245","1":"product","2":"type-product","3":"status-publish","5":"product_cat-maros-megyei-eletrajzi-lexikon","7":"first","8":"instock","9":"shipping-taxable","10":"product-type-simple"},"_links":{"self":[{"href":"https:\/\/uj.adatbank.ro\/lexikon\/wp-json\/wp\/v2\/product\/9245","targetHints":{"allow":["GET"]}}],"collection":[{"href":"https:\/\/uj.adatbank.ro\/lexikon\/wp-json\/wp\/v2\/product"}],"about":[{"href":"https:\/\/uj.adatbank.ro\/lexikon\/wp-json\/wp\/v2\/types\/product"}],"replies":[{"embeddable":true,"href":"https:\/\/uj.adatbank.ro\/lexikon\/wp-json\/wp\/v2\/comments?post=9245"}],"wp:attachment":[{"href":"https:\/\/uj.adatbank.ro\/lexikon\/wp-json\/wp\/v2\/media?parent=9245"}],"wp:term":[{"taxonomy":"product_brand","embeddable":true,"href":"https:\/\/uj.adatbank.ro\/lexikon\/wp-json\/wp\/v2\/product_brand?post=9245"},{"taxonomy":"product_cat","embeddable":true,"href":"https:\/\/uj.adatbank.ro\/lexikon\/wp-json\/wp\/v2\/product_cat?post=9245"},{"taxonomy":"product_tag","embeddable":true,"href":"https:\/\/uj.adatbank.ro\/lexikon\/wp-json\/wp\/v2\/product_tag?post=9245"}],"curies":[{"name":"wp","href":"https:\/\/api.w.org\/{rel}","templated":true}]}}