{"id":9248,"date":"2025-06-29T10:54:13","date_gmt":"2025-06-29T08:54:13","guid":{"rendered":"https:\/\/uj.adatbank.ro\/lexikon\/termek\/gyarfas-maria-lako-maria\/"},"modified":"2025-06-29T10:54:13","modified_gmt":"2025-06-29T08:54:13","slug":"gyarfas-maria-lako-maria","status":"publish","type":"product","link":"https:\/\/uj.adatbank.ro\/lexikon\/termek\/gyarfas-maria-lako-maria\/","title":{"rendered":"GY\u00c1RF\u00c1S M\u00e1ria, Lak\u00f3 M\u00e1ria"},"content":{"rendered":"<p>1953., ? \u2020\u00a0Mv., 1992. j\u00fan. 8.: \u00e9nekesn\u0151. <br \/><strong>Irod.:<\/strong> [Nekrol\u00f3g] (N\u00fa., 1992. j\u00fan. 9.)<\/br><\/p>\n","protected":false},"excerpt":{"rendered":"<p>1953., ? \u2020\u00a0Mv., 1992. j\u00fan. 8.: \u00e9nekesn\u0151. Irod.: [Nekrol\u00f3g] (N\u00fa., 1992. j\u00fan. 9.)<\/p>\n","protected":false},"featured_media":0,"comment_status":"open","ping_status":"closed","template":"","meta":[],"product_brand":[],"product_cat":[137],"product_tag":[],"class_list":{"0":"post-9248","1":"product","2":"type-product","3":"status-publish","5":"product_cat-maros-megyei-eletrajzi-lexikon","7":"first","8":"instock","9":"shipping-taxable","10":"product-type-simple"},"_links":{"self":[{"href":"https:\/\/uj.adatbank.ro\/lexikon\/wp-json\/wp\/v2\/product\/9248","targetHints":{"allow":["GET"]}}],"collection":[{"href":"https:\/\/uj.adatbank.ro\/lexikon\/wp-json\/wp\/v2\/product"}],"about":[{"href":"https:\/\/uj.adatbank.ro\/lexikon\/wp-json\/wp\/v2\/types\/product"}],"replies":[{"embeddable":true,"href":"https:\/\/uj.adatbank.ro\/lexikon\/wp-json\/wp\/v2\/comments?post=9248"}],"wp:attachment":[{"href":"https:\/\/uj.adatbank.ro\/lexikon\/wp-json\/wp\/v2\/media?parent=9248"}],"wp:term":[{"taxonomy":"product_brand","embeddable":true,"href":"https:\/\/uj.adatbank.ro\/lexikon\/wp-json\/wp\/v2\/product_brand?post=9248"},{"taxonomy":"product_cat","embeddable":true,"href":"https:\/\/uj.adatbank.ro\/lexikon\/wp-json\/wp\/v2\/product_cat?post=9248"},{"taxonomy":"product_tag","embeddable":true,"href":"https:\/\/uj.adatbank.ro\/lexikon\/wp-json\/wp\/v2\/product_tag?post=9248"}],"curies":[{"name":"wp","href":"https:\/\/api.w.org\/{rel}","templated":true}]}}