{"id":9252,"date":"2025-06-29T10:54:19","date_gmt":"2025-06-29T08:54:19","guid":{"rendered":"https:\/\/uj.adatbank.ro\/lexikon\/termek\/gyarmati-eva-agnes\/"},"modified":"2025-06-29T10:54:19","modified_gmt":"2025-06-29T08:54:19","slug":"gyarmati-eva-agnes","status":"publish","type":"product","link":"https:\/\/uj.adatbank.ro\/lexikon\/termek\/gyarmati-eva-agnes\/","title":{"rendered":"GYARMATI \u00c9va \u00c1gnes"},"content":{"rendered":"<p>Mv., 1966. \u2020 ?\u00a0: fest\u0151. A bp.-i K\u00e9pz\u0151m\u0171v\u00e9szeti F\u0151iskol\u00e1n szerzett diplom\u00e1t (\u00ed992). Maurer D\u00f3ra volt a mestere. <br \/><strong>Irod.:<\/strong> Szab\u00f3\u2013K\u00e1llai<\/br><\/p>\n","protected":false},"excerpt":{"rendered":"<p>Mv., 1966. \u2020 ?\u00a0: fest\u0151. A bp.-i K\u00e9pz\u0151m\u0171v\u00e9szeti F\u0151iskol\u00e1n szerzett diplom\u00e1t (\u00ed992). Maurer D\u00f3ra volt a mestere. Irod.: Szab\u00f3\u2013K\u00e1llai<\/p>\n","protected":false},"featured_media":0,"comment_status":"open","ping_status":"closed","template":"","meta":[],"product_brand":[],"product_cat":[137],"product_tag":[],"class_list":{"0":"post-9252","1":"product","2":"type-product","3":"status-publish","5":"product_cat-maros-megyei-eletrajzi-lexikon","7":"first","8":"instock","9":"shipping-taxable","10":"product-type-simple"},"_links":{"self":[{"href":"https:\/\/uj.adatbank.ro\/lexikon\/wp-json\/wp\/v2\/product\/9252","targetHints":{"allow":["GET"]}}],"collection":[{"href":"https:\/\/uj.adatbank.ro\/lexikon\/wp-json\/wp\/v2\/product"}],"about":[{"href":"https:\/\/uj.adatbank.ro\/lexikon\/wp-json\/wp\/v2\/types\/product"}],"replies":[{"embeddable":true,"href":"https:\/\/uj.adatbank.ro\/lexikon\/wp-json\/wp\/v2\/comments?post=9252"}],"wp:attachment":[{"href":"https:\/\/uj.adatbank.ro\/lexikon\/wp-json\/wp\/v2\/media?parent=9252"}],"wp:term":[{"taxonomy":"product_brand","embeddable":true,"href":"https:\/\/uj.adatbank.ro\/lexikon\/wp-json\/wp\/v2\/product_brand?post=9252"},{"taxonomy":"product_cat","embeddable":true,"href":"https:\/\/uj.adatbank.ro\/lexikon\/wp-json\/wp\/v2\/product_cat?post=9252"},{"taxonomy":"product_tag","embeddable":true,"href":"https:\/\/uj.adatbank.ro\/lexikon\/wp-json\/wp\/v2\/product_tag?post=9252"}],"curies":[{"name":"wp","href":"https:\/\/api.w.org\/{rel}","templated":true}]}}