{"id":9253,"date":"2025-06-29T10:54:21","date_gmt":"2025-06-29T08:54:21","guid":{"rendered":"https:\/\/uj.adatbank.ro\/lexikon\/termek\/gyarmati-istvan-%c2%a7\/"},"modified":"2025-06-29T10:54:21","modified_gmt":"2025-06-29T08:54:21","slug":"gyarmati-istvan-%c2%a7","status":"publish","type":"product","link":"https:\/\/uj.adatbank.ro\/lexikon\/termek\/gyarmati-istvan-%c2%a7\/","title":{"rendered":"GYARMATI Istv\u00e1n, \u00a7"},"content":{"rendered":"<p>Margitta, 1929. j\u00fan. 25., \u2020 Mv., 1995. okt. 16.: sz\u00ednm\u0171v\u00e9sz. \u2013 Gy. J\u00e1nos b\u00e1dogos mester \u00e9s Antal Julianna fia. Feles\u00e9ge: \u00c1fra Gizella postai tisztvisel\u0151. \u2013 Margitt\u00e1n v\u00e9gzett elemi \u00e9s polg\u00e1ri iskol\u00e1t (1936\u201345), a debreceni Ref. Koll.-ban tanult \u00e9s \u00e9retts\u00e9gizett (1945\u201347), Szatm\u00e1rn\u00e9metiben tan\u00edt\u00f3i k\u00e9pes\u00edt\u00e9st nyert (1949); Micsk\u00e9n tan\u00edtott (1949\u201350). Kv.-on a Bolyai egyetem orosz kar\u00e1n v\u00e9gzett k\u00e9t \u00e9vet, majd a Szentgy\u00f6rgyi Istv\u00e1n Sz\u00ednm\u0171v\u00e9szeti Int\u00e9zet hallgat\u00f3ja volt, Dely Ferenc, Kov\u00e1cs Gy\u00f6rgy, Senk\u00e1lszky Endre tan\u00edtv\u00e1nya, az Int\u00e9zett Mv. -re k\u00f6lt\u00f6z\u00f6tt, oklevelet szerzett (1955). Vizsgael\u0151ad\u00e1sa: Shakespeare: Ahogy tetszik. El\u0151bb a Kv.-i \u00c1llami M. Sz\u00ednh\u00e1z, tagja, els\u0151 szerepe a komornyik Szigligeti Ede: A csik\u00f3s-ban (1953); majd a mv.-i Sz\u00ednh\u00e1z tagja nyugd\u00edjaz\u00e1s\u00e1ig (1956\u201388). Kiv\u00e1l\u00f3 v\u00edgj\u00e1t\u00e9ki adotts\u00e1gokkal rendelkezett, \u00c9rz\u00e9ke volt a keserny\u00e9s hangulatok, a fekete humor \u00e1rnyalatai, a tragikom\u00e9di\u00e1k ir\u00e1nt. 33 \u00e9v alatt k\u00f6zel 200 szerepet j\u00e1tszott, t\u00f6bb kit\u00fcntet\u00e9st \u00e9s d\u00edjat kapott. Fell\u00e9pett t\u00f6bb irodalmi sz\u00ednpad m\u0171sor\u00e1n: \u00c9nekelj, Aranymad\u00e1r sorozat, Karinthy est). \u2013 <strong>F. sz.:<\/strong> Cump\u0103na\u015fu (T. Vornic-I. Postelnicu: Felsz\u00e1ll a k\u00f6d, 1955); Berreh (V\u00f6r\u00f6smarthy Mih\u00e1ly: Csongor \u00e9s T\u00fcnde, 1957); J\u00f3ska (Sarkady Imre: Szeptember, 1957); Bolond (Heltai J.: A n\u00e9ma levente, 1956); Butykos (M\u00e9hes Gy\u00f6rgy: Sz\u00e9na vagy szalma, 1959); Maxwell (Gow, J \u2013 A D\u2019Usseau.: M\u00e9lyek a gy\u00f6kerek, 1961); Gyakornok (Caragiale: Farsang, 1962); Golovics (S\u00fct\u0151 Andr\u00e1s: T\u00e9kozl\u00f3 szerelem, 1962); Apa (Otcenasek: R\u00f3meo, J\u00falia \u00e9s a s\u00f6t\u00e9ts\u00e9g, 1962); Eugene O\u2019Neill: Olaj, Hadiz\u00f3n\u00e1ban, Hossz\u00fa az \u00fat haz\u00e1ig (1964); Arnold Wesker: Gy\u00f6kerek (1965); A. Baranga: J\u00e1mbor lelk\u00fa Szent Flori\u00e1n (1966); Shakespeare: Machbeth (1969); O. Wilde: Lady Windermere legyez\u0151je (1971); Lomov (Csehov: H\u00e1zt\u0171zn\u00e9z\u0151); Igazgat\u00f3s\u00e1gi tag (Csehov: Jubileum); \u00dcgyel\u0151 (A. Arbuzov: M\u00e1sodik szerelem); J\u00e1r\u00e1sorvos (Br\u00f3dy S\u00e1ndor: A tan\u00edt\u00f3n\u0151); L\u00e9benl\u00e1b, f\u0151hoppmester (Szirmai Albert: M\u00e9zeskal\u00e1cs); Luk\u00e1cs, benc\u00e9s bar\u00e1t (K\u00f3s K\u00e1roly: Budai Nagy Antal), Biondello (W. Shakespeare: A makrancos h\u00f6lgy); Jegyz\u0151 (M\u00e9liusz J\u00f3zsef: Nem olyan egyszer\u0171); Tolakod\u00f3 \u00far E. Rostand: Cyrano de Bergenac); Mircea (Mu\u015fatescu: A Titanic kering\u0151, 1963); Einstein (D\u00fcrrenmatt: A fizikusok, 1966); Chupor Alad\u00e1r (Cs\u00edky Gergely: Bubor\u00e9kok, 1968); Juhos (M\u00e9hes Gy.: Mi f\u00e9rfiak, 1968), Redbrook (Shaw: Brassbound kapit\u00e1ny, 1970); Enache (Kiri\u0163escu, A.: Dar\u00e1zsf\u00e9szek, 1970); C. Petrescu: Szellemek t\u00e1nca (1971); Szalay (Bartha Lajos: Szerelem, 1975); Csehov: H\u00e1rom n\u0151v\u00e9r (1975); Atyus (M\u00f3ricz Zs.: Kismad\u00e1r, 1976), V\u00e9zinet (Labich, E.: Olasz szalmakalap, 1976); Givola (Brecht, B.: \u00c1ll\u00edts\u00e1tok meg Arturo Uit, 1976); Forintos (Szab\u00f3 Lajos: H\u0171s\u00e9g, 1977); Blagoje (Nusics: Dr. Pepike, 1978); Szilveszter (Kr\u00fady Gy.: A v\u00f6r\u00f6s postakocsi, 1979); Gloster (Shakespeare, W.: Lear kir\u00e1ly, 1980); Dubrints (G\u00e1rdonyi G\u00e9za: A bor, 1981); Mikh\u00e1l (Katona J.: B\u00e1nk b\u00e1n, 1981); Cs\u00e1vossy Gy\u00f6rgy: \u00c9v v\u00e9gi n\u00e9gykezes (1981); Dandanache (Caragiale, I. L.: Az elveszett lev\u00e9l, 1981); Bagam\u00e9ri (M\u00e9hes Gy\u00f6rgy: Duplakanyar, 1982); De la Fontaine (S\u00fct\u0151 A.: Csillag a m\u00e1gly\u00e1n, 1982); Candy (Steinbeck, J.: Egerek \u00e9s emberek, 1983); Poloskai (M\u00e9hes Gy.: Egy roppant k\u00e9nyes \u00fcgy, 1983); Bolyg\u00f3 (Br\u00f3dy S.: A dada, 1984); Malvolio (Shakespeare, W.: V\u00edzkereszt, 1985); Forlipopoli (Goldoni, C.: A fogad\u00f3sn\u00e9, 1987); Gardner (Shaw, G. B.: Warrenn\u00e9 mesters\u00e9ge, 1987); Vasilica (Baranga, A.: Jelmezben, 1988); Kosztiljov (Gorkij, M.: \u00c9jjeli mened\u00e9khely, 1989); Abiram (Mad\u00e1ch Imre: M\u00f3zes, 1990); F. filmjei: Buzduganul cu trei pece\u0163i, T\u0103nase Scatiu (1968\u201371), Forr\u00f3 vizet a kopaszra (1972), M\u00e9nesgazda (1977). <br \/><strong>Irod.:<\/strong> Chereji Peris; Csif\u00f3; Gy\u00e1rf\u00e1s Mikl\u00f3s: Gy. I. (V. Z., 1978. dec. 17.); Gy\u00e1rf\u00e1s 2013; A H\u00e9t \u00e9vk. (1982); Horv\u00e1th Bea; Id\u0151t\u00e1r 4.; Imreh Ern\u0151: A kom\u00e9di\u00e1s hal\u00e1la (Erd\u00e9lyi Figyel\u0151, 6. sz., 1995); KKACs; Katona Szab\u00f3 Istv\u00e1n: Az \u00daj \u00c9let lexikona, 73. (\u00daj \u00c9let, 13. sz. 1973.); Koch M\u00e1ria: Interj\u00fa Gy. I. sz\u00ednm\u0171v\u00e9sszel ( V. Z., 1966. jan. 15.); Kov\u00e1cs Levente; Kusz\u00e1lik; MSZL; Nagy Zsuzsa: Besz\u00e9lget\u00e9s sz\u00ednh\u00e1zr\u00f3l, filmr\u0151l Gy. I. -nal (\u00daj \u00c9let, 1972, 16. sz.); [Nekrol\u00f3g] (N\u00fa., 1995. okt. 19.; okt. 20.); Peris Ter\u00e9z: Der\u0171b\u0151l sz\u0151tt eml\u00e9kez\u00e9s (N\u00fa., M\u00fazsa, 220. sz., 1995. nov. 3..); Polg\u00e1r Istv\u00e1n: Arck\u00e9pv\u00e1zlat Gy. I. -r\u00f3l (\u00daj \u00c9let, 10. sz., 1963); R\u00daL; Todea 2013<\/br><\/p>\n","protected":false},"excerpt":{"rendered":"<p>Margitta, 1929. j\u00fan. 25., \u2020 Mv., 1995. okt. 16.: sz\u00ednm\u0171v\u00e9sz. \u2013 Gy. J\u00e1nos b\u00e1dogos mester \u00e9s Antal Julianna fia. Feles\u00e9ge: \u00c1fra Gizella postai tisztvisel\u0151. \u2013 Margitt\u00e1n v\u00e9gzett elemi \u00e9s polg\u00e1ri iskol\u00e1t (1936\u201345), a debreceni Ref. Koll.-ban tanult \u00e9s \u00e9retts\u00e9gizett (1945\u201347), Szatm\u00e1rn\u00e9metiben tan\u00edt\u00f3i k\u00e9pes\u00edt\u00e9st nyert (1949); Micsk\u00e9n tan\u00edtott (1949\u201350). Kv.-on a Bolyai egyetem orosz kar\u00e1n v\u00e9gzett [&hellip;]<\/p>\n","protected":false},"featured_media":0,"comment_status":"open","ping_status":"closed","template":"","meta":[],"product_brand":[],"product_cat":[137],"product_tag":[],"class_list":{"0":"post-9253","1":"product","2":"type-product","3":"status-publish","5":"product_cat-maros-megyei-eletrajzi-lexikon","7":"first","8":"instock","9":"shipping-taxable","10":"product-type-simple"},"_links":{"self":[{"href":"https:\/\/uj.adatbank.ro\/lexikon\/wp-json\/wp\/v2\/product\/9253","targetHints":{"allow":["GET"]}}],"collection":[{"href":"https:\/\/uj.adatbank.ro\/lexikon\/wp-json\/wp\/v2\/product"}],"about":[{"href":"https:\/\/uj.adatbank.ro\/lexikon\/wp-json\/wp\/v2\/types\/product"}],"replies":[{"embeddable":true,"href":"https:\/\/uj.adatbank.ro\/lexikon\/wp-json\/wp\/v2\/comments?post=9253"}],"wp:attachment":[{"href":"https:\/\/uj.adatbank.ro\/lexikon\/wp-json\/wp\/v2\/media?parent=9253"}],"wp:term":[{"taxonomy":"product_brand","embeddable":true,"href":"https:\/\/uj.adatbank.ro\/lexikon\/wp-json\/wp\/v2\/product_brand?post=9253"},{"taxonomy":"product_cat","embeddable":true,"href":"https:\/\/uj.adatbank.ro\/lexikon\/wp-json\/wp\/v2\/product_cat?post=9253"},{"taxonomy":"product_tag","embeddable":true,"href":"https:\/\/uj.adatbank.ro\/lexikon\/wp-json\/wp\/v2\/product_tag?post=9253"}],"curies":[{"name":"wp","href":"https:\/\/api.w.org\/{rel}","templated":true}]}}