{"id":9254,"date":"2025-06-29T10:54:23","date_gmt":"2025-06-29T08:54:23","guid":{"rendered":"https:\/\/uj.adatbank.ro\/lexikon\/termek\/gyarmati-janos\/"},"modified":"2025-06-29T10:54:23","modified_gmt":"2025-06-29T08:54:23","slug":"gyarmati-janos","status":"publish","type":"product","link":"https:\/\/uj.adatbank.ro\/lexikon\/termek\/gyarmati-janos\/","title":{"rendered":"GYARMATI J\u00e1nos"},"content":{"rendered":"<p>? \u2020\u00a0? : tan\u00edt\u00f3. \u2013 Az els\u0151 gyulakuti ref. tan\u00edt\u00f3 (1692\u2013). <br \/><strong>Irod.:<\/strong> B\u00f6l\u00f6ni Domokos: Gyulakuta h\u00e1romsz\u00e1z \u00e9ve (N\u00fa., 1992. m\u00e1j. 26.)<\/br><\/p>\n","protected":false},"excerpt":{"rendered":"<p>? \u2020\u00a0? : tan\u00edt\u00f3. \u2013 Az els\u0151 gyulakuti ref. tan\u00edt\u00f3 (1692\u2013). Irod.: B\u00f6l\u00f6ni Domokos: Gyulakuta h\u00e1romsz\u00e1z \u00e9ve (N\u00fa., 1992. m\u00e1j. 26.)<\/p>\n","protected":false},"featured_media":0,"comment_status":"open","ping_status":"closed","template":"","meta":[],"product_brand":[],"product_cat":[137],"product_tag":[],"class_list":{"0":"post-9254","1":"product","2":"type-product","3":"status-publish","5":"product_cat-maros-megyei-eletrajzi-lexikon","7":"first","8":"instock","9":"shipping-taxable","10":"product-type-simple"},"_links":{"self":[{"href":"https:\/\/uj.adatbank.ro\/lexikon\/wp-json\/wp\/v2\/product\/9254","targetHints":{"allow":["GET"]}}],"collection":[{"href":"https:\/\/uj.adatbank.ro\/lexikon\/wp-json\/wp\/v2\/product"}],"about":[{"href":"https:\/\/uj.adatbank.ro\/lexikon\/wp-json\/wp\/v2\/types\/product"}],"replies":[{"embeddable":true,"href":"https:\/\/uj.adatbank.ro\/lexikon\/wp-json\/wp\/v2\/comments?post=9254"}],"wp:attachment":[{"href":"https:\/\/uj.adatbank.ro\/lexikon\/wp-json\/wp\/v2\/media?parent=9254"}],"wp:term":[{"taxonomy":"product_brand","embeddable":true,"href":"https:\/\/uj.adatbank.ro\/lexikon\/wp-json\/wp\/v2\/product_brand?post=9254"},{"taxonomy":"product_cat","embeddable":true,"href":"https:\/\/uj.adatbank.ro\/lexikon\/wp-json\/wp\/v2\/product_cat?post=9254"},{"taxonomy":"product_tag","embeddable":true,"href":"https:\/\/uj.adatbank.ro\/lexikon\/wp-json\/wp\/v2\/product_tag?post=9254"}],"curies":[{"name":"wp","href":"https:\/\/api.w.org\/{rel}","templated":true}]}}