{"id":9256,"date":"2025-06-29T10:54:26","date_gmt":"2025-06-29T08:54:26","guid":{"rendered":"https:\/\/uj.adatbank.ro\/lexikon\/termek\/gyenes-tibor\/"},"modified":"2025-06-29T10:54:26","modified_gmt":"2025-06-29T08:54:26","slug":"gyenes-tibor","status":"publish","type":"product","link":"https:\/\/uj.adatbank.ro\/lexikon\/termek\/gyenes-tibor\/","title":{"rendered":"GYENES Tibor"},"content":{"rendered":"<p>1935.? \u2020\u00a0Mv., 2008. febr. 18. temet\u00e9s: m\u0171\u00e9p\u00edt\u00e9sz. \u2013 Tervei alapj\u00e1n k\u00e9sz\u00edtett\u00e9k, Mv.-en a kempinget (1967), a f\u0151t\u00e9ri Nemzeti Bank homlokzat\u00e1t (1981) 2. sz. k\u00f6ztemet\u0151 ravataloz\u00f3j\u00e1t a marosszentgy\u00f6rgyi v\u00e1roskapu k\u00f6zel\u00e9ben (1981), az Ifj\u00fas\u00e1gi H\u00e1zat (\u00e1tad\u00e1s 1985. dec.). <br \/><strong>Irod.:<\/strong> [Nekrol\u00f3g] (N\u00fa., 2008. febr.?.); Fodor S\u00e1ndor (S): A mv.-i k\u00f6ztemet\u0151kr\u0151l (N\u00fa., 2001. okt. 30.); Id\u0151t\u00e1r 4.; Opri\u015f 2018<\/br><\/p>\n","protected":false},"excerpt":{"rendered":"<p>1935.? \u2020\u00a0Mv., 2008. febr. 18. temet\u00e9s: m\u0171\u00e9p\u00edt\u00e9sz. \u2013 Tervei alapj\u00e1n k\u00e9sz\u00edtett\u00e9k, Mv.-en a kempinget (1967), a f\u0151t\u00e9ri Nemzeti Bank homlokzat\u00e1t (1981) 2. sz. k\u00f6ztemet\u0151 ravataloz\u00f3j\u00e1t a marosszentgy\u00f6rgyi v\u00e1roskapu k\u00f6zel\u00e9ben (1981), az Ifj\u00fas\u00e1gi H\u00e1zat (\u00e1tad\u00e1s 1985. dec.). Irod.: [Nekrol\u00f3g] (N\u00fa., 2008. febr.?.); Fodor S\u00e1ndor (S): A mv.-i k\u00f6ztemet\u0151kr\u0151l (N\u00fa., 2001. okt. 30.); Id\u0151t\u00e1r 4.; Opri\u015f 2018<\/p>\n","protected":false},"featured_media":0,"comment_status":"open","ping_status":"closed","template":"","meta":[],"product_brand":[],"product_cat":[137],"product_tag":[],"class_list":{"0":"post-9256","1":"product","2":"type-product","3":"status-publish","5":"product_cat-maros-megyei-eletrajzi-lexikon","7":"first","8":"instock","9":"shipping-taxable","10":"product-type-simple"},"_links":{"self":[{"href":"https:\/\/uj.adatbank.ro\/lexikon\/wp-json\/wp\/v2\/product\/9256","targetHints":{"allow":["GET"]}}],"collection":[{"href":"https:\/\/uj.adatbank.ro\/lexikon\/wp-json\/wp\/v2\/product"}],"about":[{"href":"https:\/\/uj.adatbank.ro\/lexikon\/wp-json\/wp\/v2\/types\/product"}],"replies":[{"embeddable":true,"href":"https:\/\/uj.adatbank.ro\/lexikon\/wp-json\/wp\/v2\/comments?post=9256"}],"wp:attachment":[{"href":"https:\/\/uj.adatbank.ro\/lexikon\/wp-json\/wp\/v2\/media?parent=9256"}],"wp:term":[{"taxonomy":"product_brand","embeddable":true,"href":"https:\/\/uj.adatbank.ro\/lexikon\/wp-json\/wp\/v2\/product_brand?post=9256"},{"taxonomy":"product_cat","embeddable":true,"href":"https:\/\/uj.adatbank.ro\/lexikon\/wp-json\/wp\/v2\/product_cat?post=9256"},{"taxonomy":"product_tag","embeddable":true,"href":"https:\/\/uj.adatbank.ro\/lexikon\/wp-json\/wp\/v2\/product_tag?post=9256"}],"curies":[{"name":"wp","href":"https:\/\/api.w.org\/{rel}","templated":true}]}}