{"id":9257,"date":"2025-06-29T10:54:29","date_gmt":"2025-06-29T08:54:29","guid":{"rendered":"https:\/\/uj.adatbank.ro\/lexikon\/termek\/gyepes-janos-ernyei\/"},"modified":"2025-06-29T10:54:29","modified_gmt":"2025-06-29T08:54:29","slug":"gyepes-janos-ernyei","status":"publish","type":"product","link":"https:\/\/uj.adatbank.ro\/lexikon\/termek\/gyepes-janos-ernyei\/","title":{"rendered":"GYEPES J\u00e1nos, ernyei"},"content":{"rendered":"<p>? \u2020\u00a0?: tan\u00edt\u00f3. \u2013 Unit. tan\u00edt\u00f3 Marosszentkir\u00e1lyon (a 18. sz. elej\u00e9n). A mv.-i unit. templom kazett\u00e1s menyezet\u00e9n az \u00e9p\u00edt\u0151 fel\u00edrta: ez id\u0151ben az iskola unit. rektora volt Ernyei Gyepes J\u00e1nos. A mv.-i unit. -ok a marosszentkir\u00e1lyi egyh\u00e1zk\u00f6zs\u00e9g le\u00e1nyegyh\u00e1zk\u00f6zs\u00e9g\u00e9be tart\u00f3ztak (1701). <br \/><strong>Irod.:<\/strong> Mv.-i Unit. Ek.; Nagy L\u00e1szl\u00f3: Hetven\u00e9ves a mv.-i Unit. Templom (N\u00fa., 2000. nov. 17.)<\/br><\/p>\n","protected":false},"excerpt":{"rendered":"<p>? \u2020\u00a0?: tan\u00edt\u00f3. \u2013 Unit. tan\u00edt\u00f3 Marosszentkir\u00e1lyon (a 18. sz. elej\u00e9n). A mv.-i unit. templom kazett\u00e1s menyezet\u00e9n az \u00e9p\u00edt\u0151 fel\u00edrta: ez id\u0151ben az iskola unit. rektora volt Ernyei Gyepes J\u00e1nos. A mv.-i unit. -ok a marosszentkir\u00e1lyi egyh\u00e1zk\u00f6zs\u00e9g le\u00e1nyegyh\u00e1zk\u00f6zs\u00e9g\u00e9be tart\u00f3ztak (1701). Irod.: Mv.-i Unit. Ek.; Nagy L\u00e1szl\u00f3: Hetven\u00e9ves a mv.-i Unit. Templom (N\u00fa., 2000. nov. 17.)<\/p>\n","protected":false},"featured_media":0,"comment_status":"open","ping_status":"closed","template":"","meta":[],"product_brand":[],"product_cat":[137],"product_tag":[],"class_list":{"0":"post-9257","1":"product","2":"type-product","3":"status-publish","5":"product_cat-maros-megyei-eletrajzi-lexikon","7":"first","8":"instock","9":"shipping-taxable","10":"product-type-simple"},"_links":{"self":[{"href":"https:\/\/uj.adatbank.ro\/lexikon\/wp-json\/wp\/v2\/product\/9257","targetHints":{"allow":["GET"]}}],"collection":[{"href":"https:\/\/uj.adatbank.ro\/lexikon\/wp-json\/wp\/v2\/product"}],"about":[{"href":"https:\/\/uj.adatbank.ro\/lexikon\/wp-json\/wp\/v2\/types\/product"}],"replies":[{"embeddable":true,"href":"https:\/\/uj.adatbank.ro\/lexikon\/wp-json\/wp\/v2\/comments?post=9257"}],"wp:attachment":[{"href":"https:\/\/uj.adatbank.ro\/lexikon\/wp-json\/wp\/v2\/media?parent=9257"}],"wp:term":[{"taxonomy":"product_brand","embeddable":true,"href":"https:\/\/uj.adatbank.ro\/lexikon\/wp-json\/wp\/v2\/product_brand?post=9257"},{"taxonomy":"product_cat","embeddable":true,"href":"https:\/\/uj.adatbank.ro\/lexikon\/wp-json\/wp\/v2\/product_cat?post=9257"},{"taxonomy":"product_tag","embeddable":true,"href":"https:\/\/uj.adatbank.ro\/lexikon\/wp-json\/wp\/v2\/product_tag?post=9257"}],"curies":[{"name":"wp","href":"https:\/\/api.w.org\/{rel}","templated":true}]}}