{"id":9258,"date":"2025-06-29T10:54:31","date_gmt":"2025-06-29T08:54:31","guid":{"rendered":"https:\/\/uj.adatbank.ro\/lexikon\/termek\/gyepessy-ferenc\/"},"modified":"2025-06-29T10:54:31","modified_gmt":"2025-06-29T08:54:31","slug":"gyepessy-ferenc","status":"publish","type":"product","link":"https:\/\/uj.adatbank.ro\/lexikon\/termek\/gyepessy-ferenc\/","title":{"rendered":"GYEPESSY Ferenc"},"content":{"rendered":"<p>Csejd, 1874., \u2020 Cserefalva, 1934.: tan\u00edt\u00f3. \u2013 Gy. F. csejdi ref. k\u00e1ntortan\u00edt\u00f3 fia. \u2013 Tan\u00edt\u00f3i oklevel\u00e9nek elnyer\u00e9se ut\u00e1n Jedden kezdte m\u0171k\u00f6d\u00e9s\u00e9t, majd Cserefalv\u00e1ra ker\u00fclt, ahol hal\u00e1l\u00e1ig volt ref. igazgat\u00f3-tan\u00edt\u00f3. Az iskol\u00e1nkiv\u00fcli n\u00e9pm\u0171vel\u00e9s ter\u00e9n szerzett \u00e9rdemeket. <br \/><strong>Irod.:<\/strong> Csejd \u2013T\u00f3falva; Sz\u00e9kelyf\u00f6ld \u00ed. k.<\/br><\/p>\n","protected":false},"excerpt":{"rendered":"<p>Csejd, 1874., \u2020 Cserefalva, 1934.: tan\u00edt\u00f3. \u2013 Gy. F. csejdi ref. k\u00e1ntortan\u00edt\u00f3 fia. \u2013 Tan\u00edt\u00f3i oklevel\u00e9nek elnyer\u00e9se ut\u00e1n Jedden kezdte m\u0171k\u00f6d\u00e9s\u00e9t, majd Cserefalv\u00e1ra ker\u00fclt, ahol hal\u00e1l\u00e1ig volt ref. igazgat\u00f3-tan\u00edt\u00f3. Az iskol\u00e1nkiv\u00fcli n\u00e9pm\u0171vel\u00e9s ter\u00e9n szerzett \u00e9rdemeket. Irod.: Csejd \u2013T\u00f3falva; Sz\u00e9kelyf\u00f6ld \u00ed. k.<\/p>\n","protected":false},"featured_media":0,"comment_status":"open","ping_status":"closed","template":"","meta":[],"product_brand":[],"product_cat":[137],"product_tag":[],"class_list":{"0":"post-9258","1":"product","2":"type-product","3":"status-publish","5":"product_cat-maros-megyei-eletrajzi-lexikon","7":"first","8":"instock","9":"shipping-taxable","10":"product-type-simple"},"_links":{"self":[{"href":"https:\/\/uj.adatbank.ro\/lexikon\/wp-json\/wp\/v2\/product\/9258","targetHints":{"allow":["GET"]}}],"collection":[{"href":"https:\/\/uj.adatbank.ro\/lexikon\/wp-json\/wp\/v2\/product"}],"about":[{"href":"https:\/\/uj.adatbank.ro\/lexikon\/wp-json\/wp\/v2\/types\/product"}],"replies":[{"embeddable":true,"href":"https:\/\/uj.adatbank.ro\/lexikon\/wp-json\/wp\/v2\/comments?post=9258"}],"wp:attachment":[{"href":"https:\/\/uj.adatbank.ro\/lexikon\/wp-json\/wp\/v2\/media?parent=9258"}],"wp:term":[{"taxonomy":"product_brand","embeddable":true,"href":"https:\/\/uj.adatbank.ro\/lexikon\/wp-json\/wp\/v2\/product_brand?post=9258"},{"taxonomy":"product_cat","embeddable":true,"href":"https:\/\/uj.adatbank.ro\/lexikon\/wp-json\/wp\/v2\/product_cat?post=9258"},{"taxonomy":"product_tag","embeddable":true,"href":"https:\/\/uj.adatbank.ro\/lexikon\/wp-json\/wp\/v2\/product_tag?post=9258"}],"curies":[{"name":"wp","href":"https:\/\/api.w.org\/{rel}","templated":true}]}}