{"id":9260,"date":"2025-06-29T10:54:35","date_gmt":"2025-06-29T08:54:35","guid":{"rendered":"https:\/\/uj.adatbank.ro\/lexikon\/termek\/gyepessy-margit\/"},"modified":"2025-06-29T10:54:35","modified_gmt":"2025-06-29T08:54:35","slug":"gyepessy-margit","status":"publish","type":"product","link":"https:\/\/uj.adatbank.ro\/lexikon\/termek\/gyepessy-margit\/","title":{"rendered":"GYEPESSY Margit"},"content":{"rendered":"<p>1915., \u2020 Mv., 2006. \u00e1pr. 18.: tan\u00edt\u00f3n\u0151. \u2013 Ny\u00e1r\u00e1dszentbenedeken volt tan\u00edt\u00f3n\u0151 (1939\u201340). <br \/><strong>Irod.:<\/strong> Ny\u00e1r\u00e1dszentbenedek<\/br><\/p>\n","protected":false},"excerpt":{"rendered":"<p>1915., \u2020 Mv., 2006. \u00e1pr. 18.: tan\u00edt\u00f3n\u0151. \u2013 Ny\u00e1r\u00e1dszentbenedeken volt tan\u00edt\u00f3n\u0151 (1939\u201340). Irod.: Ny\u00e1r\u00e1dszentbenedek<\/p>\n","protected":false},"featured_media":0,"comment_status":"open","ping_status":"closed","template":"","meta":[],"product_brand":[],"product_cat":[137],"product_tag":[],"class_list":{"0":"post-9260","1":"product","2":"type-product","3":"status-publish","5":"product_cat-maros-megyei-eletrajzi-lexikon","7":"first","8":"instock","9":"shipping-taxable","10":"product-type-simple"},"_links":{"self":[{"href":"https:\/\/uj.adatbank.ro\/lexikon\/wp-json\/wp\/v2\/product\/9260","targetHints":{"allow":["GET"]}}],"collection":[{"href":"https:\/\/uj.adatbank.ro\/lexikon\/wp-json\/wp\/v2\/product"}],"about":[{"href":"https:\/\/uj.adatbank.ro\/lexikon\/wp-json\/wp\/v2\/types\/product"}],"replies":[{"embeddable":true,"href":"https:\/\/uj.adatbank.ro\/lexikon\/wp-json\/wp\/v2\/comments?post=9260"}],"wp:attachment":[{"href":"https:\/\/uj.adatbank.ro\/lexikon\/wp-json\/wp\/v2\/media?parent=9260"}],"wp:term":[{"taxonomy":"product_brand","embeddable":true,"href":"https:\/\/uj.adatbank.ro\/lexikon\/wp-json\/wp\/v2\/product_brand?post=9260"},{"taxonomy":"product_cat","embeddable":true,"href":"https:\/\/uj.adatbank.ro\/lexikon\/wp-json\/wp\/v2\/product_cat?post=9260"},{"taxonomy":"product_tag","embeddable":true,"href":"https:\/\/uj.adatbank.ro\/lexikon\/wp-json\/wp\/v2\/product_tag?post=9260"}],"curies":[{"name":"wp","href":"https:\/\/api.w.org\/{rel}","templated":true}]}}