{"id":9261,"date":"2025-06-29T10:54:36","date_gmt":"2025-06-29T08:54:36","guid":{"rendered":"https:\/\/uj.adatbank.ro\/lexikon\/termek\/gyereo-janos-akosfalvi\/"},"modified":"2025-06-29T10:54:36","modified_gmt":"2025-06-29T08:54:36","slug":"gyereo-janos-akosfalvi","status":"publish","type":"product","link":"https:\/\/uj.adatbank.ro\/lexikon\/termek\/gyereo-janos-akosfalvi\/","title":{"rendered":"GYERE\u0150 J\u00e1nos, \u00e1kosfalvi"},"content":{"rendered":"<p>? \u2020\u00a01613.: primor. \u2013 Le\u00e1nya: Erzs\u00e9bet, \u00e1kosfalvi Szil\u00e1gyi J\u00e1nosn\u00e9. \u2013 Maroszs\u00e9ki sz\u00e9kely csal\u00e1d, a sz\u00e9kely primori rend tagja volt. Le\u00e1nya r\u00e9v\u00e9n a csal\u00e1d \u00f6sszes birtoka az \u00e1kosfalvi Szil\u00e1gyi csal\u00e1dra sz\u00e1llottak. <br \/><strong>Irod.:<\/strong> \u00daIL<\/br><\/p>\n","protected":false},"excerpt":{"rendered":"<p>? \u2020\u00a01613.: primor. \u2013 Le\u00e1nya: Erzs\u00e9bet, \u00e1kosfalvi Szil\u00e1gyi J\u00e1nosn\u00e9. \u2013 Maroszs\u00e9ki sz\u00e9kely csal\u00e1d, a sz\u00e9kely primori rend tagja volt. Le\u00e1nya r\u00e9v\u00e9n a csal\u00e1d \u00f6sszes birtoka az \u00e1kosfalvi Szil\u00e1gyi csal\u00e1dra sz\u00e1llottak. Irod.: \u00daIL<\/p>\n","protected":false},"featured_media":0,"comment_status":"open","ping_status":"closed","template":"","meta":[],"product_brand":[],"product_cat":[137],"product_tag":[],"class_list":{"0":"post-9261","1":"product","2":"type-product","3":"status-publish","5":"product_cat-maros-megyei-eletrajzi-lexikon","7":"first","8":"instock","9":"shipping-taxable","10":"product-type-simple"},"_links":{"self":[{"href":"https:\/\/uj.adatbank.ro\/lexikon\/wp-json\/wp\/v2\/product\/9261","targetHints":{"allow":["GET"]}}],"collection":[{"href":"https:\/\/uj.adatbank.ro\/lexikon\/wp-json\/wp\/v2\/product"}],"about":[{"href":"https:\/\/uj.adatbank.ro\/lexikon\/wp-json\/wp\/v2\/types\/product"}],"replies":[{"embeddable":true,"href":"https:\/\/uj.adatbank.ro\/lexikon\/wp-json\/wp\/v2\/comments?post=9261"}],"wp:attachment":[{"href":"https:\/\/uj.adatbank.ro\/lexikon\/wp-json\/wp\/v2\/media?parent=9261"}],"wp:term":[{"taxonomy":"product_brand","embeddable":true,"href":"https:\/\/uj.adatbank.ro\/lexikon\/wp-json\/wp\/v2\/product_brand?post=9261"},{"taxonomy":"product_cat","embeddable":true,"href":"https:\/\/uj.adatbank.ro\/lexikon\/wp-json\/wp\/v2\/product_cat?post=9261"},{"taxonomy":"product_tag","embeddable":true,"href":"https:\/\/uj.adatbank.ro\/lexikon\/wp-json\/wp\/v2\/product_tag?post=9261"}],"curies":[{"name":"wp","href":"https:\/\/api.w.org\/{rel}","templated":true}]}}