{"id":9263,"date":"2025-06-29T10:54:39","date_gmt":"2025-06-29T08:54:39","guid":{"rendered":"https:\/\/uj.adatbank.ro\/lexikon\/termek\/gyeresi-gyorgy-%c2%a7\/"},"modified":"2025-06-29T10:54:39","modified_gmt":"2025-06-29T08:54:39","slug":"gyeresi-gyorgy-%c2%a7","status":"publish","type":"product","link":"https:\/\/uj.adatbank.ro\/lexikon\/termek\/gyeresi-gyorgy-%c2%a7\/","title":{"rendered":"GY\u00c9RESI Gy\u00f6rgy, \u00a7"},"content":{"rendered":"<p>? \u2020\u00a0? : gazd\u00e1lkod\u00f3 Mv.-en. \u2013 Feles\u00e9ge: B\u00edr\u00f3 Julianna (1846.?, \u2020 Mv., 1929. m\u00e1rc. 27.). \u2013 Gyermekeik: \u00c1gnes Balla J\u00f3zsefn\u00e9; Gy\u00f6rgy, feles\u00e9ge: Bajk\u00f3 M\u00e1ria; Lajos. \u2013 R\u00e9szt vett az els\u0151 vh.-ban (1914\u201318), rokkantan t\u00e9rt haza t\u00f6bb kit\u00fcntet\u00e9ssel. <br \/><strong>Irod.:<\/strong> Gy\u00e1szjelent\u0151; Visnai<\/br><\/p>\n","protected":false},"excerpt":{"rendered":"<p>? \u2020\u00a0? : gazd\u00e1lkod\u00f3 Mv.-en. \u2013 Feles\u00e9ge: B\u00edr\u00f3 Julianna (1846.?, \u2020 Mv., 1929. m\u00e1rc. 27.). \u2013 Gyermekeik: \u00c1gnes Balla J\u00f3zsefn\u00e9; Gy\u00f6rgy, feles\u00e9ge: Bajk\u00f3 M\u00e1ria; Lajos. \u2013 R\u00e9szt vett az els\u0151 vh.-ban (1914\u201318), rokkantan t\u00e9rt haza t\u00f6bb kit\u00fcntet\u00e9ssel. Irod.: Gy\u00e1szjelent\u0151; Visnai<\/p>\n","protected":false},"featured_media":0,"comment_status":"open","ping_status":"closed","template":"","meta":[],"product_brand":[],"product_cat":[137],"product_tag":[],"class_list":{"0":"post-9263","1":"product","2":"type-product","3":"status-publish","5":"product_cat-maros-megyei-eletrajzi-lexikon","7":"first","8":"instock","9":"shipping-taxable","10":"product-type-simple"},"_links":{"self":[{"href":"https:\/\/uj.adatbank.ro\/lexikon\/wp-json\/wp\/v2\/product\/9263","targetHints":{"allow":["GET"]}}],"collection":[{"href":"https:\/\/uj.adatbank.ro\/lexikon\/wp-json\/wp\/v2\/product"}],"about":[{"href":"https:\/\/uj.adatbank.ro\/lexikon\/wp-json\/wp\/v2\/types\/product"}],"replies":[{"embeddable":true,"href":"https:\/\/uj.adatbank.ro\/lexikon\/wp-json\/wp\/v2\/comments?post=9263"}],"wp:attachment":[{"href":"https:\/\/uj.adatbank.ro\/lexikon\/wp-json\/wp\/v2\/media?parent=9263"}],"wp:term":[{"taxonomy":"product_brand","embeddable":true,"href":"https:\/\/uj.adatbank.ro\/lexikon\/wp-json\/wp\/v2\/product_brand?post=9263"},{"taxonomy":"product_cat","embeddable":true,"href":"https:\/\/uj.adatbank.ro\/lexikon\/wp-json\/wp\/v2\/product_cat?post=9263"},{"taxonomy":"product_tag","embeddable":true,"href":"https:\/\/uj.adatbank.ro\/lexikon\/wp-json\/wp\/v2\/product_tag?post=9263"}],"curies":[{"name":"wp","href":"https:\/\/api.w.org\/{rel}","templated":true}]}}