{"id":9264,"date":"2025-06-29T10:54:41","date_gmt":"2025-06-29T08:54:41","guid":{"rendered":"https:\/\/uj.adatbank.ro\/lexikon\/termek\/gyeresi-robert\/"},"modified":"2025-06-29T10:54:41","modified_gmt":"2025-06-29T08:54:41","slug":"gyeresi-robert","status":"publish","type":"product","link":"https:\/\/uj.adatbank.ro\/lexikon\/termek\/gyeresi-robert\/","title":{"rendered":"GY\u00c9RESI R\u00f3bert"},"content":{"rendered":"<p>1930., \u2020\u00a0Mv., 2000. aug. 23.: n\u00e9ptan\u00e1cs titk\u00e1r. \u2013 A marosszentannai n\u00e9ptan\u00e1cs titk\u00e1ra, az Imatex \u00f6nt\u00f6de CTC-se, a megyei filat\u00e9lia volt titk\u00e1ra. <br \/><strong>Irod.:<\/strong> [Nekrol\u00f3g] (N\u00fa., 2000 aug. 23.)<\/br><\/p>\n","protected":false},"excerpt":{"rendered":"<p>1930., \u2020\u00a0Mv., 2000. aug. 23.: n\u00e9ptan\u00e1cs titk\u00e1r. \u2013 A marosszentannai n\u00e9ptan\u00e1cs titk\u00e1ra, az Imatex \u00f6nt\u00f6de CTC-se, a megyei filat\u00e9lia volt titk\u00e1ra. Irod.: [Nekrol\u00f3g] (N\u00fa., 2000 aug. 23.)<\/p>\n","protected":false},"featured_media":0,"comment_status":"open","ping_status":"closed","template":"","meta":[],"product_brand":[],"product_cat":[137],"product_tag":[],"class_list":{"0":"post-9264","1":"product","2":"type-product","3":"status-publish","5":"product_cat-maros-megyei-eletrajzi-lexikon","7":"first","8":"instock","9":"shipping-taxable","10":"product-type-simple"},"_links":{"self":[{"href":"https:\/\/uj.adatbank.ro\/lexikon\/wp-json\/wp\/v2\/product\/9264","targetHints":{"allow":["GET"]}}],"collection":[{"href":"https:\/\/uj.adatbank.ro\/lexikon\/wp-json\/wp\/v2\/product"}],"about":[{"href":"https:\/\/uj.adatbank.ro\/lexikon\/wp-json\/wp\/v2\/types\/product"}],"replies":[{"embeddable":true,"href":"https:\/\/uj.adatbank.ro\/lexikon\/wp-json\/wp\/v2\/comments?post=9264"}],"wp:attachment":[{"href":"https:\/\/uj.adatbank.ro\/lexikon\/wp-json\/wp\/v2\/media?parent=9264"}],"wp:term":[{"taxonomy":"product_brand","embeddable":true,"href":"https:\/\/uj.adatbank.ro\/lexikon\/wp-json\/wp\/v2\/product_brand?post=9264"},{"taxonomy":"product_cat","embeddable":true,"href":"https:\/\/uj.adatbank.ro\/lexikon\/wp-json\/wp\/v2\/product_cat?post=9264"},{"taxonomy":"product_tag","embeddable":true,"href":"https:\/\/uj.adatbank.ro\/lexikon\/wp-json\/wp\/v2\/product_tag?post=9264"}],"curies":[{"name":"wp","href":"https:\/\/api.w.org\/{rel}","templated":true}]}}