{"id":9265,"date":"2025-06-29T10:54:44","date_gmt":"2025-06-29T08:54:44","guid":{"rendered":"https:\/\/uj.adatbank.ro\/lexikon\/termek\/gyergyai-mihaly-kibedi\/"},"modified":"2025-06-29T10:54:44","modified_gmt":"2025-06-29T08:54:44","slug":"gyergyai-mihaly-kibedi","status":"publish","type":"product","link":"https:\/\/uj.adatbank.ro\/lexikon\/termek\/gyergyai-mihaly-kibedi\/","title":{"rendered":"GYERGYAI Mih\u00e1ly, kib\u00e9di"},"content":{"rendered":"<p>? \u2020\u00a0?\u00a0: nemes. \u2013 A csal\u00e1d B\u00f6z\u00f6db\u0151l sz\u00e1rmazott, \u00e1tk\u00f6lt\u00f6ztek Kib\u00e9dre. \u2013 II. R\u00e1k\u00f3czi Gy\u00f6rgyt\u0151l nyert nemeslevelet (1652). <br \/><strong>Irod.:<\/strong> P\u00e1lmay<\/br><\/p>\n","protected":false},"excerpt":{"rendered":"<p>? \u2020\u00a0?\u00a0: nemes. \u2013 A csal\u00e1d B\u00f6z\u00f6db\u0151l sz\u00e1rmazott, \u00e1tk\u00f6lt\u00f6ztek Kib\u00e9dre. \u2013 II. R\u00e1k\u00f3czi Gy\u00f6rgyt\u0151l nyert nemeslevelet (1652). Irod.: P\u00e1lmay<\/p>\n","protected":false},"featured_media":0,"comment_status":"open","ping_status":"closed","template":"","meta":[],"product_brand":[],"product_cat":[137],"product_tag":[],"class_list":{"0":"post-9265","1":"product","2":"type-product","3":"status-publish","5":"product_cat-maros-megyei-eletrajzi-lexikon","7":"first","8":"instock","9":"shipping-taxable","10":"product-type-simple"},"_links":{"self":[{"href":"https:\/\/uj.adatbank.ro\/lexikon\/wp-json\/wp\/v2\/product\/9265","targetHints":{"allow":["GET"]}}],"collection":[{"href":"https:\/\/uj.adatbank.ro\/lexikon\/wp-json\/wp\/v2\/product"}],"about":[{"href":"https:\/\/uj.adatbank.ro\/lexikon\/wp-json\/wp\/v2\/types\/product"}],"replies":[{"embeddable":true,"href":"https:\/\/uj.adatbank.ro\/lexikon\/wp-json\/wp\/v2\/comments?post=9265"}],"wp:attachment":[{"href":"https:\/\/uj.adatbank.ro\/lexikon\/wp-json\/wp\/v2\/media?parent=9265"}],"wp:term":[{"taxonomy":"product_brand","embeddable":true,"href":"https:\/\/uj.adatbank.ro\/lexikon\/wp-json\/wp\/v2\/product_brand?post=9265"},{"taxonomy":"product_cat","embeddable":true,"href":"https:\/\/uj.adatbank.ro\/lexikon\/wp-json\/wp\/v2\/product_cat?post=9265"},{"taxonomy":"product_tag","embeddable":true,"href":"https:\/\/uj.adatbank.ro\/lexikon\/wp-json\/wp\/v2\/product_tag?post=9265"}],"curies":[{"name":"wp","href":"https:\/\/api.w.org\/{rel}","templated":true}]}}