{"id":9268,"date":"2025-06-29T10:54:54","date_gmt":"2025-06-29T08:54:54","guid":{"rendered":"https:\/\/uj.adatbank.ro\/lexikon\/termek\/gyergyay-ferenc-pal-gyergyai-ferenc-kibedi-es-kissolymosi\/"},"modified":"2025-06-29T10:54:54","modified_gmt":"2025-06-29T08:54:54","slug":"gyergyay-ferenc-pal-gyergyai-ferenc-kibedi-es-kissolymosi","status":"publish","type":"product","link":"https:\/\/uj.adatbank.ro\/lexikon\/termek\/gyergyay-ferenc-pal-gyergyai-ferenc-kibedi-es-kissolymosi\/","title":{"rendered":"GYERGYAY Ferenc P\u00e1l, Gyergyai Ferenc, kib\u00e9di \u00e9s kissolymosi"},"content":{"rendered":"<p>Kv., 1922. okt. 25., \u2020 Mv., 2014.: aug. 7. orvostud\u00f3s, patol\u00f3gus, korbonctan\u00e1sz egyetemi tan\u00e1r. \u2013 Gyergyay \u00c1rp\u00e1d (1881\u20131952) \u00e9s Engel G\u00e1bor kisebbik le\u00e1ny\u00e1nak, Korn\u00e9li\u00e1nak a. fia. Feles\u00e9ge: Malatinszky \u00c9va Sarolta (1930. aug. 15. \u2013 2018. szept. 11) orvos, a mv.-i Ideggy\u00f3gy\u00e1szati Klinika laborat\u00f3rium\u00e1nak f\u0151orvosa volt. -. Unit. koll.-ban v\u00e9gezte elemi \u00e9s k\u00f6z\u00e9piskolai tanulm\u00e1nyait \u00e9s \u00e9retts\u00e9gizett (1940). A Ferenc J\u00f3zsef TE hallgat\u00f3ja, fizet\u00e9s n\u00e9lk\u00fcli gyakornon a K\u00f3rbonctanon Haranghy L\u00e1szl\u00f3 prof. -n\u00e1l. Doktorr\u00e1 avatt\u00e1k: Pesten (1944 \u00e9s Kv-on 1945). Az orvosi egyetem Mv. -re telep\u00fclt, ott is a K\u00f3rbonctanon, \u00e9s m\u00e9g a T\u00f6rv\u00e9nysz\u00e9ki orvostanon is tan\u00e1rseg\u00e9d, majd adjunktus, el\u0151ad\u00f3tan\u00e1r (1956\u2013), tan\u00e1r (1971\u2013), a katedra vezet\u0151je (1953\u20131977). Az idegrendszer hat\u00e1sa a daganatos folyamatokra c. tanulm\u00e1ny\u00e1val megszerezte a kandid\u00e1tusi tudom\u00e1nyos fokozatot (1955). Jegyzetei sorozat\u00e1t adta ki a hallagat\u00f3k sz\u00e1m\u00e1ra. N\u00e9metorsz\u00e1gba disszid\u00e1lt (1977), egy mag\u00e1nint\u00e9zet vezet\u0151je volt. Bergisch-Gladbach-luther\u00e1nus templomban, unit\u00e1rius gy\u00e1szszertart\u00e1sban b\u00facsuztatt\u00e1k. A mv.-i ref. temet\u0151ben helyezt\u00e9k el hamvait (2019. okt. 19.). A nemzetk\u00f6zi Patol\u00f3giai Akad\u00e9mia. A szegedi Orvostudom\u00e1nyi Egyetem aranydiplom\u00e1val t\u00fcntette ki (1995), A P\u00e1pai P\u00e1riz Ferenc Alap\u00edtv\u00e1ny D\u00edjazottja (2004), a P\u00e1pai P\u00e1riz Ferenc eml\u00e9k\u00e9rmet is megkapta. \u2013 <strong>F. m.:<\/strong> K\u00f3boncol\u00e1si technika (Mv., 1951; 2. kiad. (1954), A k\u00f3rboncol\u00e1s m\u00f3dszere (3. kiad., 3. kiad (1961); Az id\u00fclt hepatitis (Buc., 1957); A neuro-endokrin rendszer szerepe a daganatos betegs\u00e9gben (Buc., 1957); t\u00e1rs. szerz\u0151: Probleme de morfopatologie (Buc., 1953) R\u00e9szletes k\u00f3rbonctani jegyzet. 2\u20133. k\u00f6t. (Buc. 1953, 1954.); Morfologia sistemului nervos (Buc., 1957); \u00c1ltal\u00e1nos k\u00f3rbonctan (Buc., 1959); R\u00e9szletes. k\u00f3rbonctan. 1\u20132 k\u00f6t. (Mv., 1957); Anatomie patologic\u0103 (Buc., 1964); \u00a0Cercet\u0103ri medicale (Buc., 1968). <br \/><strong>Irod.:<\/strong> Genersichek; Jung J\u00e1nos-Egyed-Zsigmond Imre: Prof. Dr. Gyergyai Ferenc P\u00e1l, PhD. = D\u00edjazottaink; Kiss-P \u2013 P.; Nagy L.<\/br><\/p>\n","protected":false},"excerpt":{"rendered":"<p>Kv., 1922. okt. 25., \u2020 Mv., 2014.: aug. 7. orvostud\u00f3s, patol\u00f3gus, korbonctan\u00e1sz egyetemi tan\u00e1r. \u2013 Gyergyay \u00c1rp\u00e1d (1881\u20131952) \u00e9s Engel G\u00e1bor kisebbik le\u00e1ny\u00e1nak, Korn\u00e9li\u00e1nak a. fia. Feles\u00e9ge: Malatinszky \u00c9va Sarolta (1930. aug. 15. \u2013 2018. szept. 11) orvos, a mv.-i Ideggy\u00f3gy\u00e1szati Klinika laborat\u00f3rium\u00e1nak f\u0151orvosa volt. -. Unit. koll.-ban v\u00e9gezte elemi \u00e9s k\u00f6z\u00e9piskolai tanulm\u00e1nyait \u00e9s \u00e9retts\u00e9gizett [&hellip;]<\/p>\n","protected":false},"featured_media":0,"comment_status":"open","ping_status":"closed","template":"","meta":[],"product_brand":[],"product_cat":[137],"product_tag":[],"class_list":{"0":"post-9268","1":"product","2":"type-product","3":"status-publish","5":"product_cat-maros-megyei-eletrajzi-lexikon","7":"first","8":"instock","9":"shipping-taxable","10":"product-type-simple"},"_links":{"self":[{"href":"https:\/\/uj.adatbank.ro\/lexikon\/wp-json\/wp\/v2\/product\/9268","targetHints":{"allow":["GET"]}}],"collection":[{"href":"https:\/\/uj.adatbank.ro\/lexikon\/wp-json\/wp\/v2\/product"}],"about":[{"href":"https:\/\/uj.adatbank.ro\/lexikon\/wp-json\/wp\/v2\/types\/product"}],"replies":[{"embeddable":true,"href":"https:\/\/uj.adatbank.ro\/lexikon\/wp-json\/wp\/v2\/comments?post=9268"}],"wp:attachment":[{"href":"https:\/\/uj.adatbank.ro\/lexikon\/wp-json\/wp\/v2\/media?parent=9268"}],"wp:term":[{"taxonomy":"product_brand","embeddable":true,"href":"https:\/\/uj.adatbank.ro\/lexikon\/wp-json\/wp\/v2\/product_brand?post=9268"},{"taxonomy":"product_cat","embeddable":true,"href":"https:\/\/uj.adatbank.ro\/lexikon\/wp-json\/wp\/v2\/product_cat?post=9268"},{"taxonomy":"product_tag","embeddable":true,"href":"https:\/\/uj.adatbank.ro\/lexikon\/wp-json\/wp\/v2\/product_tag?post=9268"}],"curies":[{"name":"wp","href":"https:\/\/api.w.org\/{rel}","templated":true}]}}