{"id":9272,"date":"2025-06-29T10:55:01","date_gmt":"2025-06-29T08:55:01","guid":{"rendered":"https:\/\/uj.adatbank.ro\/lexikon\/termek\/gyongyosi-bela-gyongyossy-bela-gyongyossi-bela\/"},"modified":"2025-06-29T10:55:01","modified_gmt":"2025-06-29T08:55:01","slug":"gyongyosi-bela-gyongyossy-bela-gyongyossi-bela","status":"publish","type":"product","link":"https:\/\/uj.adatbank.ro\/lexikon\/termek\/gyongyosi-bela-gyongyossy-bela-gyongyossi-bela\/","title":{"rendered":"GY\u00d6NGY\u00d6SI B\u00e9la, Gy\u00f6ngy\u00f6ssy B\u00e9la, Gy\u00f6ngy\u00f6ssi B\u00e9la"},"content":{"rendered":"<p>1851, \u2020 Vargyas, 1917. dec. 11.: erd\u0151fel\u00fcgyel\u0151. \u2013 Mv.-i erd\u00e9szeti tisztvisel\u0151. Kir. erd\u0151fel\u00fcgyel\u0151, az EKE MT vm.-i szakoszt\u00e1lyi eln\u00f6ke (1894. febr. 14.). <br \/><strong>Irod.:<\/strong> Bed\u0151 Albert: A m. \u00e1llam erd\u0151s\u00e9geinek gazdas\u00e1gi \u00e9s kereskedelmi le\u00edr\u00e1sa (Bp., 1896); K\u00e1d\u00e1r \u2013 P\u00e1l-Antal<\/br><\/p>\n","protected":false},"excerpt":{"rendered":"<p>1851, \u2020 Vargyas, 1917. dec. 11.: erd\u0151fel\u00fcgyel\u0151. \u2013 Mv.-i erd\u00e9szeti tisztvisel\u0151. Kir. erd\u0151fel\u00fcgyel\u0151, az EKE MT vm.-i szakoszt\u00e1lyi eln\u00f6ke (1894. febr. 14.). Irod.: Bed\u0151 Albert: A m. \u00e1llam erd\u0151s\u00e9geinek gazdas\u00e1gi \u00e9s kereskedelmi le\u00edr\u00e1sa (Bp., 1896); K\u00e1d\u00e1r \u2013 P\u00e1l-Antal<\/p>\n","protected":false},"featured_media":0,"comment_status":"open","ping_status":"closed","template":"","meta":[],"product_brand":[],"product_cat":[137],"product_tag":[],"class_list":{"0":"post-9272","1":"product","2":"type-product","3":"status-publish","5":"product_cat-maros-megyei-eletrajzi-lexikon","7":"first","8":"instock","9":"shipping-taxable","10":"product-type-simple"},"_links":{"self":[{"href":"https:\/\/uj.adatbank.ro\/lexikon\/wp-json\/wp\/v2\/product\/9272","targetHints":{"allow":["GET"]}}],"collection":[{"href":"https:\/\/uj.adatbank.ro\/lexikon\/wp-json\/wp\/v2\/product"}],"about":[{"href":"https:\/\/uj.adatbank.ro\/lexikon\/wp-json\/wp\/v2\/types\/product"}],"replies":[{"embeddable":true,"href":"https:\/\/uj.adatbank.ro\/lexikon\/wp-json\/wp\/v2\/comments?post=9272"}],"wp:attachment":[{"href":"https:\/\/uj.adatbank.ro\/lexikon\/wp-json\/wp\/v2\/media?parent=9272"}],"wp:term":[{"taxonomy":"product_brand","embeddable":true,"href":"https:\/\/uj.adatbank.ro\/lexikon\/wp-json\/wp\/v2\/product_brand?post=9272"},{"taxonomy":"product_cat","embeddable":true,"href":"https:\/\/uj.adatbank.ro\/lexikon\/wp-json\/wp\/v2\/product_cat?post=9272"},{"taxonomy":"product_tag","embeddable":true,"href":"https:\/\/uj.adatbank.ro\/lexikon\/wp-json\/wp\/v2\/product_tag?post=9272"}],"curies":[{"name":"wp","href":"https:\/\/api.w.org\/{rel}","templated":true}]}}