{"id":9273,"date":"2025-06-29T10:55:03","date_gmt":"2025-06-29T08:55:03","guid":{"rendered":"https:\/\/uj.adatbank.ro\/lexikon\/termek\/gyongyosi-denes\/"},"modified":"2025-06-29T10:55:03","modified_gmt":"2025-06-29T08:55:03","slug":"gyongyosi-denes","status":"publish","type":"product","link":"https:\/\/uj.adatbank.ro\/lexikon\/termek\/gyongyosi-denes\/","title":{"rendered":"GY\u00d6NGY\u00d6SI D\u00e9nes"},"content":{"rendered":"<p>? \u2020\u00a0? : unit. lelk\u00e9sz. \u2013 Ny\u00e1r\u00e1dszentl\u00e1szl\u00f3n lelk\u00e9sz 36 \u00e9ven \u00e1t (1859\u201395), innen nyugd\u00edjba vonult Sepsik\u00e1lnokra. <br \/><strong>Irod.:<\/strong> Ny\u00e1r\u00e1dszentl\u00e1szl\u00f3<\/br><\/p>\n","protected":false},"excerpt":{"rendered":"<p>? \u2020\u00a0? : unit. lelk\u00e9sz. \u2013 Ny\u00e1r\u00e1dszentl\u00e1szl\u00f3n lelk\u00e9sz 36 \u00e9ven \u00e1t (1859\u201395), innen nyugd\u00edjba vonult Sepsik\u00e1lnokra. Irod.: Ny\u00e1r\u00e1dszentl\u00e1szl\u00f3<\/p>\n","protected":false},"featured_media":0,"comment_status":"open","ping_status":"closed","template":"","meta":[],"product_brand":[],"product_cat":[137],"product_tag":[],"class_list":{"0":"post-9273","1":"product","2":"type-product","3":"status-publish","5":"product_cat-maros-megyei-eletrajzi-lexikon","7":"first","8":"instock","9":"shipping-taxable","10":"product-type-simple"},"_links":{"self":[{"href":"https:\/\/uj.adatbank.ro\/lexikon\/wp-json\/wp\/v2\/product\/9273","targetHints":{"allow":["GET"]}}],"collection":[{"href":"https:\/\/uj.adatbank.ro\/lexikon\/wp-json\/wp\/v2\/product"}],"about":[{"href":"https:\/\/uj.adatbank.ro\/lexikon\/wp-json\/wp\/v2\/types\/product"}],"replies":[{"embeddable":true,"href":"https:\/\/uj.adatbank.ro\/lexikon\/wp-json\/wp\/v2\/comments?post=9273"}],"wp:attachment":[{"href":"https:\/\/uj.adatbank.ro\/lexikon\/wp-json\/wp\/v2\/media?parent=9273"}],"wp:term":[{"taxonomy":"product_brand","embeddable":true,"href":"https:\/\/uj.adatbank.ro\/lexikon\/wp-json\/wp\/v2\/product_brand?post=9273"},{"taxonomy":"product_cat","embeddable":true,"href":"https:\/\/uj.adatbank.ro\/lexikon\/wp-json\/wp\/v2\/product_cat?post=9273"},{"taxonomy":"product_tag","embeddable":true,"href":"https:\/\/uj.adatbank.ro\/lexikon\/wp-json\/wp\/v2\/product_tag?post=9273"}],"curies":[{"name":"wp","href":"https:\/\/api.w.org\/{rel}","templated":true}]}}