{"id":9276,"date":"2025-06-29T10:55:07","date_gmt":"2025-06-29T08:55:07","guid":{"rendered":"https:\/\/uj.adatbank.ro\/lexikon\/termek\/gyongyosi-gergely\/"},"modified":"2025-06-29T10:55:07","modified_gmt":"2025-06-29T08:55:07","slug":"gyongyosi-gergely","status":"publish","type":"product","link":"https:\/\/uj.adatbank.ro\/lexikon\/termek\/gyongyosi-gergely\/","title":{"rendered":"GY\u00d6NGY\u00d6SI Gergely"},"content":{"rendered":"<p>? \u2020\u00a0? : p\u00e1los rendf\u0151n\u00f6k. \u2013 Elk\u00e9sz\u00edtette az 1370-ben alap\u00edtott marosszentkir\u00e1lyi p\u00e1los rendh\u00e1z t\u00f6rt\u00e9net\u00e9t (1520\u201322). A kim\u00e1solt okiratok k\u00f6z\u00fcl t\u00f6bb is a v\u00e1rosunkra vonatkozik. <br \/><strong>Irod.:<\/strong> Id\u0151t\u00e1r 1; Sz\u00e9kelys\u00e9g<\/br><\/p>\n","protected":false},"excerpt":{"rendered":"<p>? \u2020\u00a0? : p\u00e1los rendf\u0151n\u00f6k. \u2013 Elk\u00e9sz\u00edtette az 1370-ben alap\u00edtott marosszentkir\u00e1lyi p\u00e1los rendh\u00e1z t\u00f6rt\u00e9net\u00e9t (1520\u201322). A kim\u00e1solt okiratok k\u00f6z\u00fcl t\u00f6bb is a v\u00e1rosunkra vonatkozik. Irod.: Id\u0151t\u00e1r 1; Sz\u00e9kelys\u00e9g<\/p>\n","protected":false},"featured_media":0,"comment_status":"open","ping_status":"closed","template":"","meta":[],"product_brand":[],"product_cat":[137],"product_tag":[],"class_list":{"0":"post-9276","1":"product","2":"type-product","3":"status-publish","5":"product_cat-maros-megyei-eletrajzi-lexikon","7":"first","8":"instock","9":"shipping-taxable","10":"product-type-simple"},"_links":{"self":[{"href":"https:\/\/uj.adatbank.ro\/lexikon\/wp-json\/wp\/v2\/product\/9276","targetHints":{"allow":["GET"]}}],"collection":[{"href":"https:\/\/uj.adatbank.ro\/lexikon\/wp-json\/wp\/v2\/product"}],"about":[{"href":"https:\/\/uj.adatbank.ro\/lexikon\/wp-json\/wp\/v2\/types\/product"}],"replies":[{"embeddable":true,"href":"https:\/\/uj.adatbank.ro\/lexikon\/wp-json\/wp\/v2\/comments?post=9276"}],"wp:attachment":[{"href":"https:\/\/uj.adatbank.ro\/lexikon\/wp-json\/wp\/v2\/media?parent=9276"}],"wp:term":[{"taxonomy":"product_brand","embeddable":true,"href":"https:\/\/uj.adatbank.ro\/lexikon\/wp-json\/wp\/v2\/product_brand?post=9276"},{"taxonomy":"product_cat","embeddable":true,"href":"https:\/\/uj.adatbank.ro\/lexikon\/wp-json\/wp\/v2\/product_cat?post=9276"},{"taxonomy":"product_tag","embeddable":true,"href":"https:\/\/uj.adatbank.ro\/lexikon\/wp-json\/wp\/v2\/product_tag?post=9276"}],"curies":[{"name":"wp","href":"https:\/\/api.w.org\/{rel}","templated":true}]}}