{"id":9277,"date":"2025-06-29T10:55:10","date_gmt":"2025-06-29T08:55:10","guid":{"rendered":"https:\/\/uj.adatbank.ro\/lexikon\/termek\/gyongyosi-gyorgy-gyongyossi-gyorgy\/"},"modified":"2025-06-29T10:55:10","modified_gmt":"2025-06-29T08:55:10","slug":"gyongyosi-gyorgy-gyongyossi-gyorgy","status":"publish","type":"product","link":"https:\/\/uj.adatbank.ro\/lexikon\/termek\/gyongyosi-gyorgy-gyongyossi-gyorgy\/","title":{"rendered":"GY\u00d6NGY\u00d6SI Gy\u00f6rgy, Gy\u00f6ngy\u00f6ssi Gy\u00f6rgy"},"content":{"rendered":"<p>1716.? \u2020\u00a0Mv., 1785. A mv.-i Keresztel\u0151 Szent J\u00e1nos-pl\u00e9b\u00e1nia kript\u00e1j\u00e1ba temett\u00e9k.: f\u0151b\u00edr\u00f3, tan\u00e1csos, b\u00e9rl\u0151. \u2013 A v\u00e1rost\u00f3l b\u00e9rbe kapta egy \u00e9vre n\u00e9gy orsz\u00e1gos v\u00e1s\u00e1rnak tart\u00e1si jog\u00e1t, m\u00e1sik h\u00e1rom tan\u00e1csossal k\u00f6z\u00f6sen, \u0151k Trombit\u00e1s Istv\u00e1n, Nemes Mih\u00e1ly \u00e9s G\u00f6r\u00f6g J\u00f3zsef (1758, 1762); mint v\u00e1rosi kocsmab\u00e9rl\u0151 borbehozatalra kapott enged\u00e9lyt (1759). V\u00e1rosi tan\u00e1csos, esk\u00fcdt (1759, 1760, 1762), k\u00f6zv\u00e1dl\u00f3 (1764). <br \/><strong>Irod.:<\/strong> Id\u0151t\u00e1r 5 \/1; Mv.-i \u00f6rm\u00e9nyek; Mv.-i Pl\u00e9b\u00e1niatemplom kript\u00e1ja; P\u00e1l-Antal 2006; P\u00e1l-Antal 2009; Pusk\u00e1s Attila \u2013 s\u00edrfeliratok<\/br><\/p>\n","protected":false},"excerpt":{"rendered":"<p>1716.? \u2020\u00a0Mv., 1785. A mv.-i Keresztel\u0151 Szent J\u00e1nos-pl\u00e9b\u00e1nia kript\u00e1j\u00e1ba temett\u00e9k.: f\u0151b\u00edr\u00f3, tan\u00e1csos, b\u00e9rl\u0151. \u2013 A v\u00e1rost\u00f3l b\u00e9rbe kapta egy \u00e9vre n\u00e9gy orsz\u00e1gos v\u00e1s\u00e1rnak tart\u00e1si jog\u00e1t, m\u00e1sik h\u00e1rom tan\u00e1csossal k\u00f6z\u00f6sen, \u0151k Trombit\u00e1s Istv\u00e1n, Nemes Mih\u00e1ly \u00e9s G\u00f6r\u00f6g J\u00f3zsef (1758, 1762); mint v\u00e1rosi kocsmab\u00e9rl\u0151 borbehozatalra kapott enged\u00e9lyt (1759). V\u00e1rosi tan\u00e1csos, esk\u00fcdt (1759, 1760, 1762), k\u00f6zv\u00e1dl\u00f3 (1764). Irod.: [&hellip;]<\/p>\n","protected":false},"featured_media":0,"comment_status":"open","ping_status":"closed","template":"","meta":[],"product_brand":[],"product_cat":[137],"product_tag":[],"class_list":{"0":"post-9277","1":"product","2":"type-product","3":"status-publish","5":"product_cat-maros-megyei-eletrajzi-lexikon","7":"first","8":"instock","9":"shipping-taxable","10":"product-type-simple"},"_links":{"self":[{"href":"https:\/\/uj.adatbank.ro\/lexikon\/wp-json\/wp\/v2\/product\/9277","targetHints":{"allow":["GET"]}}],"collection":[{"href":"https:\/\/uj.adatbank.ro\/lexikon\/wp-json\/wp\/v2\/product"}],"about":[{"href":"https:\/\/uj.adatbank.ro\/lexikon\/wp-json\/wp\/v2\/types\/product"}],"replies":[{"embeddable":true,"href":"https:\/\/uj.adatbank.ro\/lexikon\/wp-json\/wp\/v2\/comments?post=9277"}],"wp:attachment":[{"href":"https:\/\/uj.adatbank.ro\/lexikon\/wp-json\/wp\/v2\/media?parent=9277"}],"wp:term":[{"taxonomy":"product_brand","embeddable":true,"href":"https:\/\/uj.adatbank.ro\/lexikon\/wp-json\/wp\/v2\/product_brand?post=9277"},{"taxonomy":"product_cat","embeddable":true,"href":"https:\/\/uj.adatbank.ro\/lexikon\/wp-json\/wp\/v2\/product_cat?post=9277"},{"taxonomy":"product_tag","embeddable":true,"href":"https:\/\/uj.adatbank.ro\/lexikon\/wp-json\/wp\/v2\/product_tag?post=9277"}],"curies":[{"name":"wp","href":"https:\/\/api.w.org\/{rel}","templated":true}]}}