{"id":9279,"date":"2025-06-29T10:55:15","date_gmt":"2025-06-29T08:55:15","guid":{"rendered":"https:\/\/uj.adatbank.ro\/lexikon\/termek\/gyongyosi-karolina-mihalyi-mihalyne\/"},"modified":"2025-06-29T10:55:15","modified_gmt":"2025-06-29T08:55:15","slug":"gyongyosi-karolina-mihalyi-mihalyne","status":"publish","type":"product","link":"https:\/\/uj.adatbank.ro\/lexikon\/termek\/gyongyosi-karolina-mihalyi-mihalyne\/","title":{"rendered":"GY\u00d6NGY\u00d6SI Karolina, Mih\u00e1lyi Mih\u00e1lyn\u00e9"},"content":{"rendered":"<p>? \u2020\u00a0? : k\u00f6lt\u0151n\u0151. \u2013 Gy. J\u00e1nos le\u00e1nya. F\u00e9rje: b\u00f6g\u00f6zi Mih\u00e1lyi Mih\u00e1ly ref. p\u00fcsp\u00f6k. Fi\u00fak: K\u00e1roly ref. tan\u00e1r, a MTA levelez\u0151 tagja. \u2013 <strong>F. m.:<\/strong> R\u00f3zsakoszor\u00fa Keczeli R\u00f3za kisasszony kedves eml\u00e9kezet\u00e9re (Mv., 1806). <br \/><strong>Irod.:<\/strong> Kr\u00f3n. F\u00fcz. (1939. 4\/7)<\/br><\/p>\n","protected":false},"excerpt":{"rendered":"<p>? \u2020\u00a0? : k\u00f6lt\u0151n\u0151. \u2013 Gy. J\u00e1nos le\u00e1nya. F\u00e9rje: b\u00f6g\u00f6zi Mih\u00e1lyi Mih\u00e1ly ref. p\u00fcsp\u00f6k. Fi\u00fak: K\u00e1roly ref. tan\u00e1r, a MTA levelez\u0151 tagja. \u2013 F. m.: R\u00f3zsakoszor\u00fa Keczeli R\u00f3za kisasszony kedves eml\u00e9kezet\u00e9re (Mv., 1806). Irod.: Kr\u00f3n. F\u00fcz. (1939. 4\/7)<\/p>\n","protected":false},"featured_media":0,"comment_status":"open","ping_status":"closed","template":"","meta":[],"product_brand":[],"product_cat":[137],"product_tag":[],"class_list":{"0":"post-9279","1":"product","2":"type-product","3":"status-publish","5":"product_cat-maros-megyei-eletrajzi-lexikon","7":"first","8":"instock","9":"shipping-taxable","10":"product-type-simple"},"_links":{"self":[{"href":"https:\/\/uj.adatbank.ro\/lexikon\/wp-json\/wp\/v2\/product\/9279","targetHints":{"allow":["GET"]}}],"collection":[{"href":"https:\/\/uj.adatbank.ro\/lexikon\/wp-json\/wp\/v2\/product"}],"about":[{"href":"https:\/\/uj.adatbank.ro\/lexikon\/wp-json\/wp\/v2\/types\/product"}],"replies":[{"embeddable":true,"href":"https:\/\/uj.adatbank.ro\/lexikon\/wp-json\/wp\/v2\/comments?post=9279"}],"wp:attachment":[{"href":"https:\/\/uj.adatbank.ro\/lexikon\/wp-json\/wp\/v2\/media?parent=9279"}],"wp:term":[{"taxonomy":"product_brand","embeddable":true,"href":"https:\/\/uj.adatbank.ro\/lexikon\/wp-json\/wp\/v2\/product_brand?post=9279"},{"taxonomy":"product_cat","embeddable":true,"href":"https:\/\/uj.adatbank.ro\/lexikon\/wp-json\/wp\/v2\/product_cat?post=9279"},{"taxonomy":"product_tag","embeddable":true,"href":"https:\/\/uj.adatbank.ro\/lexikon\/wp-json\/wp\/v2\/product_tag?post=9279"}],"curies":[{"name":"wp","href":"https:\/\/api.w.org\/{rel}","templated":true}]}}