{"id":9285,"date":"2025-06-29T10:55:28","date_gmt":"2025-06-29T08:55:28","guid":{"rendered":"https:\/\/uj.adatbank.ro\/lexikon\/termek\/gyorffi-pal\/"},"modified":"2025-06-29T10:55:28","modified_gmt":"2025-06-29T08:55:28","slug":"gyorffi-pal","status":"publish","type":"product","link":"https:\/\/uj.adatbank.ro\/lexikon\/termek\/gyorffi-pal\/","title":{"rendered":"GY\u00d6RFFI P\u00e1l"},"content":{"rendered":"<p>1905., \u2020\u00a0Mv., 1983. ref. lelk\u00e9sz. \u2013 Zilahon seg\u00e9dlelk\u00e9sz (1932), majd Mv.-en. Marosszentgy\u00f6rgy\u00f6n lelk\u00e9sz (1937\u2013), Erd\u0151csin\u00e1don (1945\u2013). <br \/><strong>Irod.:<\/strong> Cs\u00e1ky<\/br><\/p>\n","protected":false},"excerpt":{"rendered":"<p>1905., \u2020\u00a0Mv., 1983. ref. lelk\u00e9sz. \u2013 Zilahon seg\u00e9dlelk\u00e9sz (1932), majd Mv.-en. Marosszentgy\u00f6rgy\u00f6n lelk\u00e9sz (1937\u2013), Erd\u0151csin\u00e1don (1945\u2013). Irod.: Cs\u00e1ky<\/p>\n","protected":false},"featured_media":0,"comment_status":"open","ping_status":"closed","template":"","meta":[],"product_brand":[],"product_cat":[137],"product_tag":[],"class_list":{"0":"post-9285","1":"product","2":"type-product","3":"status-publish","5":"product_cat-maros-megyei-eletrajzi-lexikon","7":"first","8":"instock","9":"shipping-taxable","10":"product-type-simple"},"_links":{"self":[{"href":"https:\/\/uj.adatbank.ro\/lexikon\/wp-json\/wp\/v2\/product\/9285","targetHints":{"allow":["GET"]}}],"collection":[{"href":"https:\/\/uj.adatbank.ro\/lexikon\/wp-json\/wp\/v2\/product"}],"about":[{"href":"https:\/\/uj.adatbank.ro\/lexikon\/wp-json\/wp\/v2\/types\/product"}],"replies":[{"embeddable":true,"href":"https:\/\/uj.adatbank.ro\/lexikon\/wp-json\/wp\/v2\/comments?post=9285"}],"wp:attachment":[{"href":"https:\/\/uj.adatbank.ro\/lexikon\/wp-json\/wp\/v2\/media?parent=9285"}],"wp:term":[{"taxonomy":"product_brand","embeddable":true,"href":"https:\/\/uj.adatbank.ro\/lexikon\/wp-json\/wp\/v2\/product_brand?post=9285"},{"taxonomy":"product_cat","embeddable":true,"href":"https:\/\/uj.adatbank.ro\/lexikon\/wp-json\/wp\/v2\/product_cat?post=9285"},{"taxonomy":"product_tag","embeddable":true,"href":"https:\/\/uj.adatbank.ro\/lexikon\/wp-json\/wp\/v2\/product_tag?post=9285"}],"curies":[{"name":"wp","href":"https:\/\/api.w.org\/{rel}","templated":true}]}}